{"id":9277,"date":"2023-01-25T10:08:11","date_gmt":"2023-01-25T13:08:11","guid":{"rendered":"https:\/\/techgirls.com.br\/?page_id=9277"},"modified":"2024-07-15T14:43:18","modified_gmt":"2024-07-15T17:43:18","slug":"franquia-social","status":"publish","type":"page","link":"https:\/\/indexwebsites.com.br\/tg\/franquia-social\/","title":{"rendered":"Franquia Social"},"content":{"rendered":"\t\t<div data-elementor-type=\"wp-page\" data-elementor-id=\"9277\" class=\"elementor elementor-9277\" data-elementor-post-type=\"page\">\n\t\t\t\t\t\t<section class=\"elementor-section elementor-top-section elementor-element elementor-element-80f48f6 elementor-section-boxed elementor-section-height-default elementor-section-height-default\" data-id=\"80f48f6\" data-element_type=\"section\" data-e-type=\"section\">\n\t\t\t\t\t\t<div class=\"elementor-container elementor-column-gap-default\">\n\t\t\t\t\t<div class=\"elementor-column elementor-col-100 elementor-top-column elementor-element elementor-element-49e5e3f\" data-id=\"49e5e3f\" data-element_type=\"column\" data-e-type=\"column\">\n\t\t\t<div class=\"elementor-widget-wrap elementor-element-populated\">\n\t\t\t\t\t\t<div class=\"elementor-element elementor-element-e82e064 elementor-widget elementor-widget-heading\" data-id=\"e82e064\" data-element_type=\"widget\" data-e-type=\"widget\" data-widget_type=\"heading.default\">\n\t\t\t\t<div class=\"elementor-widget-container\">\n\t\t\t\t\t<h2 class=\"elementor-heading-title elementor-size-default\"><span style=\"background-color: transparent;font-size: 20pt\">Tech Girls lan\u00e7a Franquias Sociais para para ampliar sua atua\u00e7\u00e3o no pa\u00eds<\/span><\/h2>\t\t\t\t<\/div>\n\t\t\t\t<\/div>\n\t\t\t\t\t<\/div>\n\t\t<\/div>\n\t\t\t\t\t<\/div>\n\t\t<\/section>\n\t\t\t\t<section class=\"elementor-section elementor-top-section elementor-element elementor-element-27dbb14 elementor-section-boxed elementor-section-height-default elementor-section-height-default\" data-id=\"27dbb14\" data-element_type=\"section\" data-e-type=\"section\">\n\t\t\t\t\t\t<div class=\"elementor-container elementor-column-gap-default\">\n\t\t\t\t\t<div class=\"elementor-column elementor-col-100 elementor-top-column elementor-element elementor-element-801cd61\" data-id=\"801cd61\" data-element_type=\"column\" data-e-type=\"column\">\n\t\t\t<div class=\"elementor-widget-wrap elementor-element-populated\">\n\t\t\t\t\t\t<div class=\"elementor-element elementor-element-e7074d2 elementor-widget elementor-widget-text-editor\" data-id=\"e7074d2\" data-element_type=\"widget\" data-e-type=\"widget\" data-widget_type=\"text-editor.default\">\n\t\t\t\t<div class=\"elementor-widget-container\">\n\t\t\t\t\t\t\t\t\t<p><i><span style=\"font-weight: 400;\">Depois de validar sua opera\u00e7\u00e3o em 4 cidades no Brasil, seu modelo de ESG Tech est\u00e1 dispon\u00edvel em formato de Franquia Sociais atraindo empresas e Empreendedores Sociais <\/span><\/i><\/p>\t\t\t\t\t\t\t\t<\/div>\n\t\t\t\t<\/div>\n\t\t\t\t\t<\/div>\n\t\t<\/div>\n\t\t\t\t\t<\/div>\n\t\t<\/section>\n\t\t\t\t<section class=\"elementor-section elementor-top-section elementor-element elementor-element-21a9bc0 elementor-section-boxed elementor-section-height-default elementor-section-height-default\" data-id=\"21a9bc0\" data-element_type=\"section\" data-e-type=\"section\">\n\t\t\t\t\t\t<div class=\"elementor-container elementor-column-gap-default\">\n\t\t\t\t\t<div class=\"elementor-column elementor-col-50 elementor-top-column elementor-element elementor-element-4f148c1\" data-id=\"4f148c1\" data-element_type=\"column\" data-e-type=\"column\">\n\t\t\t<div class=\"elementor-widget-wrap elementor-element-populated\">\n\t\t\t\t\t\t<div class=\"elementor-element elementor-element-98d97b1 elementor-widget elementor-widget-image\" data-id=\"98d97b1\" data-element_type=\"widget\" data-e-type=\"widget\" data-widget_type=\"image.default\">\n\t\t\t\t<div class=\"elementor-widget-container\">\n\t\t\t\t\t\t\t\t\t\t\t\t\t\t\t<img fetchpriority=\"high\" decoding=\"async\" width=\"768\" height=\"768\" src=\"https:\/\/indexwebsites.com.br\/tg\/wp-content\/uploads\/2023\/02\/Franquia-Social-768x768.png\" class=\"attachment-medium_large size-medium_large wp-image-9393 no-lazyload\" alt=\"\" srcset=\"https:\/\/indexwebsites.com.br\/tg\/wp-content\/uploads\/2023\/02\/Franquia-Social-768x768.png 768w, https:\/\/indexwebsites.com.br\/tg\/wp-content\/uploads\/2023\/02\/Franquia-Social-300x300.png 300w, https:\/\/indexwebsites.com.br\/tg\/wp-content\/uploads\/2023\/02\/Franquia-Social-1024x1024.png 1024w, https:\/\/indexwebsites.com.br\/tg\/wp-content\/uploads\/2023\/02\/Franquia-Social-150x150.png 150w, https:\/\/indexwebsites.com.br\/tg\/wp-content\/uploads\/2023\/02\/Franquia-Social.png 1080w\" sizes=\"(max-width: 768px) 100vw, 768px\" \/>\t\t\t\t\t\t\t\t\t\t\t\t\t\t\t<\/div>\n\t\t\t\t<\/div>\n\t\t\t\t\t<\/div>\n\t\t<\/div>\n\t\t\t\t<div class=\"elementor-column elementor-col-50 elementor-top-column elementor-element elementor-element-636b65d\" data-id=\"636b65d\" data-element_type=\"column\" data-e-type=\"column\">\n\t\t\t<div class=\"elementor-widget-wrap elementor-element-populated\">\n\t\t\t\t\t\t<div class=\"elementor-element elementor-element-bf7da04 elementor-widget elementor-widget-text-editor\" data-id=\"bf7da04\" data-element_type=\"widget\" data-e-type=\"widget\" data-widget_type=\"text-editor.default\">\n\t\t\t\t<div class=\"elementor-widget-container\">\n\t\t\t\t\t\t\t\t\t<p dir=\"ltr\" style=\"line-height: 1.38; background-color: #ffffff; margin-top: -1pt; margin-bottom: 0pt; padding: 0pt 4.5pt 14pt 0pt;\"><span style=\"font-size: 13pt; font-family: Arial; color: #000000; background-color: #ffffff; font-weight: 400; font-style: normal; font-variant: normal; text-decoration: none; vertical-align: baseline; white-space: pre-wrap;\">A Tech Girls desenvolveu know-how pr\u00f3prio e premiado na educa\u00e7\u00e3o voltado \u00e0s mulheres em vulnerabilidade social com o re-uso de lixo eletr\u00f4nico, j\u00e1 aplicado e comprovado atrav\u00e9s de suas quadro unidades pr\u00f3prias espalhadas pelo Brasil, das quais j\u00e1 capacitou 630 mulheres na \u00e1rea da tecnologia da informa\u00e7\u00e3o, em 7 anos de atua\u00e7\u00e3o. <\/span><\/p><p dir=\"ltr\" style=\"line-height: 1.38; background-color: #ffffff; margin-top: 0pt; margin-bottom: 14pt; padding: -15pt 4.5pt 0pt 0pt;\"><span style=\"font-size: 13pt; font-family: Arial; color: #000000; background-color: #ffffff; font-weight: 400; font-style: normal; font-variant: normal; text-decoration: none; vertical-align: baseline; white-space: pre-wrap;\">E para atender a demanda crescente de expans\u00e3o geogr\u00e1fica para atuar em outras localidades, foi formatado um modelo operacional, princ\u00edpios e pr\u00e1ticas e transferi-los para terceiros, por meio <\/span><span style=\"color: #000000; font-family: Arial; font-size: 17.3333px; white-space: pre-wrap; font-weight: var( --e-global-typography-text-font-weight );\">de licenciamento de software pr\u00f3prio e desenvolvimento passo a passo, com resultado do patrim\u00f4nio intelectual das Tech Girls. Portanto os franqueados recebem treinamento e transfer\u00eancia de boas pr\u00e1ticas, al\u00e9m de suporte para operar o neg\u00f3cio social Tech Girls na sua localidade. Consolida desta forma<\/span><span style=\"color: #000000; font-family: Arial; font-size: 13pt; white-space: pre-wrap;\"> uma oportunidade de amplia\u00e7\u00e3o da rede, sempre mantendo o padr\u00e3o e prop\u00f3sito de promover a empregabilidade de mulheres em TI, com escala e replicabilidade nacional.<\/span><\/p>\t\t\t\t\t\t\t\t<\/div>\n\t\t\t\t<\/div>\n\t\t\t\t\t<\/div>\n\t\t<\/div>\n\t\t\t\t\t<\/div>\n\t\t<\/section>\n\t\t\t\t<section class=\"elementor-section elementor-top-section elementor-element elementor-element-256fef0 elementor-section-boxed elementor-section-height-default elementor-section-height-default\" data-id=\"256fef0\" data-element_type=\"section\" data-e-type=\"section\">\n\t\t\t\t\t\t<div class=\"elementor-container elementor-column-gap-default\">\n\t\t\t\t\t<div class=\"elementor-column elementor-col-50 elementor-top-column elementor-element elementor-element-1eb0357\" data-id=\"1eb0357\" data-element_type=\"column\" data-e-type=\"column\">\n\t\t\t<div class=\"elementor-widget-wrap elementor-element-populated\">\n\t\t\t\t\t\t<div class=\"elementor-element elementor-element-487ee7f elementor-widget elementor-widget-heading\" data-id=\"487ee7f\" data-element_type=\"widget\" data-e-type=\"widget\" data-widget_type=\"heading.default\">\n\t\t\t\t<div class=\"elementor-widget-container\">\n\t\t\t\t\t<h2 class=\"elementor-heading-title elementor-size-default\">Capital Intelectual Tech Girls  embarcado em Sistema Propriet\u00e1rio<\/h2>\t\t\t\t<\/div>\n\t\t\t\t<\/div>\n\t\t\t\t<div class=\"elementor-element elementor-element-effaa06 elementor-widget elementor-widget-text-editor\" data-id=\"effaa06\" data-element_type=\"widget\" data-e-type=\"widget\" data-widget_type=\"text-editor.default\">\n\t\t\t\t<div class=\"elementor-widget-container\">\n\t\t\t\t\t\t\t\t\t<p><span style=\"font-weight: 400;\">O Sistema Web de Gest\u00e3o e Automa\u00e7\u00e3o de Processos Tech Girls foi desenvolvido para atender as opera\u00e7\u00f5es&nbsp; Tech Girls, contemplando uma vis\u00e3o de dashboard ( Data Visualization)&nbsp; de acordo o stakeholder em quest\u00e3o:&nbsp; aluna, professora, p\u00f3lo acad\u00eamico, item doado de lixo-eletr\u00f4nico e coletador. O objetivo \u00e9 favorecer nos aspectos de compliance, transpar\u00eancia e replicabilidade do padr\u00e3o de qualidade\/processos Tech Girls, bem como os demais indicadores, especialmente para gest\u00e3o e automa\u00e7\u00e3o. <\/span><\/p>\n<p><span style=\"font-weight: 400;\">Por se tratar de um SaaS(Software como Servi\u00e7o) o seu acesso as aplica\u00e7\u00f5es acontecem mediante uma licen\u00e7a de uso,&nbsp; pelos franqueados que passaram pelo processo de sele\u00e7\u00e3o e autoriza\u00e7\u00e3o, Tech Girls.<\/span><\/p>\n<p>Entre as vantagens est\u00e3o: n\u00e3o \u00e9 necess\u00e1rio instalar em m\u00e1quina, nem servidor para interligar diferentes usu\u00e1rios, j\u00e1 que o acesso \u00e9 pelo cloud&nbsp; computing ( armazenamento de dados na rede virtual da internet)&nbsp; e em tempo real.<\/p>\n<p><br><\/p>\t\t\t\t\t\t\t\t<\/div>\n\t\t\t\t<\/div>\n\t\t\t\t\t<\/div>\n\t\t<\/div>\n\t\t\t\t<div class=\"elementor-column elementor-col-50 elementor-top-column elementor-element elementor-element-9e73d09\" data-id=\"9e73d09\" data-element_type=\"column\" data-e-type=\"column\">\n\t\t\t<div class=\"elementor-widget-wrap elementor-element-populated\">\n\t\t\t\t\t\t<div class=\"elementor-element elementor-element-10b632d elementor-widget elementor-widget-image\" data-id=\"10b632d\" data-element_type=\"widget\" data-e-type=\"widget\" data-widget_type=\"image.default\">\n\t\t\t\t<div class=\"elementor-widget-container\">\n\t\t\t\t\t\t\t\t\t\t\t\t\t\t\t<img decoding=\"async\" width=\"800\" height=\"800\" src=\"https:\/\/indexwebsites.com.br\/tg\/wp-content\/uploads\/2024\/07\/SAAs-1-1024x1024.png\" class=\"attachment-large size-large wp-image-11469 no-lazyload\" alt=\"\" srcset=\"https:\/\/indexwebsites.com.br\/tg\/wp-content\/uploads\/2024\/07\/SAAs-1-1024x1024.png 1024w, https:\/\/indexwebsites.com.br\/tg\/wp-content\/uploads\/2024\/07\/SAAs-1-300x300.png 300w, https:\/\/indexwebsites.com.br\/tg\/wp-content\/uploads\/2024\/07\/SAAs-1-150x150.png 150w, https:\/\/indexwebsites.com.br\/tg\/wp-content\/uploads\/2024\/07\/SAAs-1-768x768.png 768w, https:\/\/indexwebsites.com.br\/tg\/wp-content\/uploads\/2024\/07\/SAAs-1.png 1080w\" sizes=\"(max-width: 800px) 100vw, 800px\" \/>\t\t\t\t\t\t\t\t\t\t\t\t\t\t\t<\/div>\n\t\t\t\t<\/div>\n\t\t\t\t\t<\/div>\n\t\t<\/div>\n\t\t\t\t\t<\/div>\n\t\t<\/section>\n\t\t\t\t<section class=\"elementor-section elementor-top-section elementor-element elementor-element-47c4189 elementor-section-boxed elementor-section-height-default elementor-section-height-default\" data-id=\"47c4189\" data-element_type=\"section\" data-e-type=\"section\">\n\t\t\t\t\t\t<div class=\"elementor-container elementor-column-gap-default\">\n\t\t\t\t\t<div class=\"elementor-column elementor-col-50 elementor-top-column elementor-element elementor-element-0299a0e\" data-id=\"0299a0e\" data-element_type=\"column\" data-e-type=\"column\">\n\t\t\t<div class=\"elementor-widget-wrap elementor-element-populated\">\n\t\t\t\t\t\t<div class=\"elementor-element elementor-element-d7d90e9 elementor-widget elementor-widget-text-editor\" data-id=\"d7d90e9\" data-element_type=\"widget\" data-e-type=\"widget\" data-widget_type=\"text-editor.default\">\n\t\t\t\t<div class=\"elementor-widget-container\">\n\t\t\t\t\t\t\t\t\t<p><span style=\"font-weight: 400;\">Pensando que modelo franquia exige uma alta sinergia entre franqueador e franqueado, \u00e9 necess\u00e1rio ter ci\u00eancia de alguns pontos essenciais para quem pretender sinalizar interesse em seguir na an\u00e1lise de como potencial franqueado Tech Girls:\u00a0<\/span><\/p><p><span style=\"font-weight: 400;\">1- N\u00e3o apenas o recurso financeiro (royalties) \u00e9 necess\u00e1rio para se tornar um franqueador(a) Tech Girls, neste recurso aportado servir\u00e1 para cobrir: transfer\u00eancia de conhecimento t\u00e9cnico, modelos operacionais e de gest\u00e3o, al\u00e9m de quest\u00f5es referente a infra-estrutura da escola. Por isso, se torna uma avalia\u00e7\u00e3o minuciosa do Franqueador Tech Girls entender o contexto do lado do potencial franqueado, se o mesmo j\u00e1 possui estrutura compat\u00edvel, al\u00e9m de capacidade de gest\u00e3o de projeto social, para tornar a execu\u00e7\u00e3o da atividade de fato na pr\u00e1tica. Tudo isso ser\u00e1 analisado, ap\u00f3s formaliza\u00e7\u00e3o de uma carta de inten\u00e7\u00e3o entre as partes.<\/span><\/p><p><span style=\"font-weight: 400;\">2- H\u00e1 necessidade de se conhecer a fundo os motivadores que um potencial franqueado teria em operar uma unidade Tech Girls. O franqueado tem interesse genu\u00edno em promover impacto socioambiental? Quais evid\u00eancias e hist\u00f3rico comprovam este hist\u00f3rico?<\/span><\/p><p><span style=\"font-weight: 400;\">3- \u00c9 importante entender a diferen\u00e7a entre o que \u00e9 uma franquia \u201csocialmente respons\u00e1vel\u201d e uma franquia social. Isto \u00e9, uma franquia \u201csocialmente respons\u00e1vel\u201d \u00e9 basicamente um modelo de neg\u00f3cio com prop\u00f3sitos que visam lucro, mas tamb\u00e9m a redu\u00e7\u00e3o de impactos negativos na sociedade e no meio ambiente, buscando assim maximizar os impactos positivos nesse mesmo cen\u00e1rio.\u00a0<\/span><\/p><p><span style=\"font-weight: 400;\">J\u00e1 a franquia social foca em projetos e servi\u00e7os para a inclus\u00e3o social e o desenvolvimento sustent\u00e1vel e que adotam esse modelo para ganhar escala e velocidade para atendimento das demandas. Dessa forma, os fundadores das franquias n\u00e3o auferem lucros e assim todo o excedente \u00e9 reinvestido no projeto.<\/span><\/p>\t\t\t\t\t\t\t\t<\/div>\n\t\t\t\t<\/div>\n\t\t\t\t\t<\/div>\n\t\t<\/div>\n\t\t\t\t<div class=\"elementor-column elementor-col-50 elementor-top-column elementor-element elementor-element-de97e56\" data-id=\"de97e56\" data-element_type=\"column\" data-e-type=\"column\">\n\t\t\t<div class=\"elementor-widget-wrap elementor-element-populated\">\n\t\t\t\t\t\t<div class=\"elementor-element elementor-element-998ce5d elementor-widget elementor-widget-image\" data-id=\"998ce5d\" data-element_type=\"widget\" data-e-type=\"widget\" data-widget_type=\"image.default\">\n\t\t\t\t<div class=\"elementor-widget-container\">\n\t\t\t\t\t\t\t\t\t\t\t\t\t\t\t<img decoding=\"async\" width=\"675\" height=\"675\" src=\"https:\/\/indexwebsites.com.br\/tg\/wp-content\/uploads\/2023\/02\/Onde-Estamos-2.png\" class=\"attachment-large size-large wp-image-9400 no-lazyload\" alt=\"\" srcset=\"https:\/\/indexwebsites.com.br\/tg\/wp-content\/uploads\/2023\/02\/Onde-Estamos-2.png 675w, https:\/\/indexwebsites.com.br\/tg\/wp-content\/uploads\/2023\/02\/Onde-Estamos-2-300x300.png 300w, https:\/\/indexwebsites.com.br\/tg\/wp-content\/uploads\/2023\/02\/Onde-Estamos-2-150x150.png 150w\" sizes=\"(max-width: 675px) 100vw, 675px\" \/>\t\t\t\t\t\t\t\t\t\t\t\t\t\t\t<\/div>\n\t\t\t\t<\/div>\n\t\t\t\t\t<\/div>\n\t\t<\/div>\n\t\t\t\t\t<\/div>\n\t\t<\/section>\n\t\t\t\t<section class=\"elementor-section elementor-top-section elementor-element elementor-element-9d29703 elementor-section-boxed elementor-section-height-default elementor-section-height-default\" data-id=\"9d29703\" data-element_type=\"section\" data-e-type=\"section\">\n\t\t\t\t\t\t<div class=\"elementor-container elementor-column-gap-default\">\n\t\t\t\t\t<div class=\"elementor-column elementor-col-100 elementor-top-column elementor-element elementor-element-55b5449\" data-id=\"55b5449\" data-element_type=\"column\" data-e-type=\"column\">\n\t\t\t<div class=\"elementor-widget-wrap elementor-element-populated\">\n\t\t\t\t\t\t<div class=\"elementor-element elementor-element-018da25 elementor-widget elementor-widget-image\" data-id=\"018da25\" data-element_type=\"widget\" data-e-type=\"widget\" data-widget_type=\"image.default\">\n\t\t\t\t<div class=\"elementor-widget-container\">\n\t\t\t\t\t\t\t\t\t\t\t\t\t\t\t<img loading=\"lazy\" decoding=\"async\" width=\"800\" height=\"200\" src=\"https:\/\/indexwebsites.com.br\/tg\/wp-content\/uploads\/2023\/02\/Interesse-do-potencial-franqueador.png\" class=\"attachment-large size-large wp-image-9410 no-lazyload\" alt=\"\" srcset=\"https:\/\/indexwebsites.com.br\/tg\/wp-content\/uploads\/2023\/02\/Interesse-do-potencial-franqueador.png 800w, https:\/\/indexwebsites.com.br\/tg\/wp-content\/uploads\/2023\/02\/Interesse-do-potencial-franqueador-300x75.png 300w, https:\/\/indexwebsites.com.br\/tg\/wp-content\/uploads\/2023\/02\/Interesse-do-potencial-franqueador-768x192.png 768w\" sizes=\"(max-width: 800px) 100vw, 800px\" \/>\t\t\t\t\t\t\t\t\t\t\t\t\t\t\t<\/div>\n\t\t\t\t<\/div>\n\t\t\t\t\t<\/div>\n\t\t<\/div>\n\t\t\t\t\t<\/div>\n\t\t<\/section>\n\t\t\t\t<section class=\"elementor-section elementor-top-section elementor-element elementor-element-387582c elementor-section-boxed elementor-section-height-default elementor-section-height-default\" data-id=\"387582c\" data-element_type=\"section\" data-e-type=\"section\">\n\t\t\t\t\t\t<div class=\"elementor-container elementor-column-gap-default\">\n\t\t\t\t\t<div class=\"elementor-column elementor-col-50 elementor-top-column elementor-element elementor-element-d3aa3b1\" data-id=\"d3aa3b1\" data-element_type=\"column\" data-e-type=\"column\">\n\t\t\t<div class=\"elementor-widget-wrap\">\n\t\t\t\t\t\t\t<\/div>\n\t\t<\/div>\n\t\t\t\t<div class=\"elementor-column elementor-col-50 elementor-top-column elementor-element elementor-element-f058a44\" data-id=\"f058a44\" data-element_type=\"column\" data-e-type=\"column\">\n\t\t\t<div class=\"elementor-widget-wrap\">\n\t\t\t\t\t\t\t<\/div>\n\t\t<\/div>\n\t\t\t\t\t<\/div>\n\t\t<\/section>\n\t\t\t\t<section class=\"elementor-section elementor-top-section elementor-element elementor-element-02dca76 elementor-section-boxed elementor-section-height-default elementor-section-height-default\" data-id=\"02dca76\" data-element_type=\"section\" data-e-type=\"section\">\n\t\t\t\t\t\t<div class=\"elementor-container elementor-column-gap-default\">\n\t\t\t\t\t<div class=\"elementor-column elementor-col-100 elementor-top-column elementor-element elementor-element-5be0072\" data-id=\"5be0072\" data-element_type=\"column\" data-e-type=\"column\">\n\t\t\t<div class=\"elementor-widget-wrap elementor-element-populated\">\n\t\t\t\t\t\t<div class=\"elementor-element elementor-element-1317328 elementor-widget elementor-widget-text-editor\" data-id=\"1317328\" data-element_type=\"widget\" data-e-type=\"widget\" data-widget_type=\"text-editor.default\">\n\t\t\t\t<div class=\"elementor-widget-container\">\n\t\t\t\t\t\t\t\t\t<p><span style=\"font-weight: 400;\">Voc\u00ea se identificou com as condicionantes acima? Tem interesse de prosseguir?<\/span><\/p>\t\t\t\t\t\t\t\t<\/div>\n\t\t\t\t<\/div>\n\t\t\t\t\t<\/div>\n\t\t<\/div>\n\t\t\t\t\t<\/div>\n\t\t<\/section>\n\t\t\t\t<section class=\"elementor-section elementor-top-section elementor-element elementor-element-376dd75 elementor-section-boxed elementor-section-height-default elementor-section-height-default\" data-id=\"376dd75\" data-element_type=\"section\" data-e-type=\"section\">\n\t\t\t\t\t\t<div class=\"elementor-container elementor-column-gap-default\">\n\t\t\t\t\t<div class=\"elementor-column elementor-col-100 elementor-top-column elementor-element elementor-element-4af1828\" data-id=\"4af1828\" data-element_type=\"column\" data-e-type=\"column\">\n\t\t\t<div class=\"elementor-widget-wrap elementor-element-populated\">\n\t\t\t\t\t\t<div class=\"elementor-element elementor-element-fc9d510 elementor-align-center elementor-widget elementor-widget-button\" data-id=\"fc9d510\" data-element_type=\"widget\" data-e-type=\"widget\" data-widget_type=\"button.default\">\n\t\t\t\t<div class=\"elementor-widget-container\">\n\t\t\t\t\t\t\t\t\t<div class=\"elementor-button-wrapper\">\n\t\t\t\t\t<a class=\"elementor-button elementor-button-link elementor-size-sm\" href=\"http:\/\/www.techgirls.com.br\/form-franquia\">\n\t\t\t\t\t\t<span class=\"elementor-button-content-wrapper\">\n\t\t\t\t\t\t\t\t\t<span class=\"elementor-button-text\">Quero fazer diferen\u00e7a  e gerar impacto com a Franquia Social<\/span>\n\t\t\t\t\t<\/span>\n\t\t\t\t\t<\/a>\n\t\t\t\t<\/div>\n\t\t\t\t\t\t\t\t<\/div>\n\t\t\t\t<\/div>\n\t\t\t\t\t<\/div>\n\t\t<\/div>\n\t\t\t\t\t<\/div>\n\t\t<\/section>\n\t\t\t\t<\/div>\n\t\t","protected":false},"excerpt":{"rendered":"<p>Tech Girls lan\u00e7a Franquias Sociais para para ampliar sua atua\u00e7\u00e3o no pa\u00eds Depois de validar sua opera\u00e7\u00e3o em 4 cidades no Brasil, seu modelo de ESG Tech est\u00e1 dispon\u00edvel em formato de Franquia Sociais atraindo empresas e Empreendedores Sociais A Tech Girls desenvolveu know-how pr\u00f3prio e premiado na educa\u00e7\u00e3o voltado \u00e0s mulheres em vulnerabilidade social [&hellip;]<\/p>\n","protected":false},"author":1,"featured_media":0,"parent":0,"menu_order":0,"comment_status":"closed","ping_status":"closed","template":"","meta":{"footnotes":""},"class_list":["post-9277","page","type-page","status-publish","hentry"],"_links":{"self":[{"href":"https:\/\/indexwebsites.com.br\/tg\/wp-json\/wp\/v2\/pages\/9277","targetHints":{"allow":["GET"]}}],"collection":[{"href":"https:\/\/indexwebsites.com.br\/tg\/wp-json\/wp\/v2\/pages"}],"about":[{"href":"https:\/\/indexwebsites.com.br\/tg\/wp-json\/wp\/v2\/types\/page"}],"author":[{"embeddable":true,"href":"https:\/\/indexwebsites.com.br\/tg\/wp-json\/wp\/v2\/users\/1"}],"replies":[{"embeddable":true,"href":"https:\/\/indexwebsites.com.br\/tg\/wp-json\/wp\/v2\/comments?post=9277"}],"version-history":[{"count":64,"href":"https:\/\/indexwebsites.com.br\/tg\/wp-json\/wp\/v2\/pages\/9277\/revisions"}],"predecessor-version":[{"id":11475,"href":"https:\/\/indexwebsites.com.br\/tg\/wp-json\/wp\/v2\/pages\/9277\/revisions\/11475"}],"wp:attachment":[{"href":"https:\/\/indexwebsites.com.br\/tg\/wp-json\/wp\/v2\/media?parent=9277"}],"curies":[{"name":"wp","href":"https:\/\/api.w.org\/{rel}","templated":true}]}}