{"id":8504,"date":"2022-11-16T10:49:53","date_gmt":"2022-11-16T13:49:53","guid":{"rendered":"https:\/\/techgirls.com.br\/?page_id=8504"},"modified":"2025-06-21T11:44:31","modified_gmt":"2025-06-21T14:44:31","slug":"equipe","status":"publish","type":"page","link":"https:\/\/indexwebsites.com.br\/tg\/equipe\/","title":{"rendered":"Equipe"},"content":{"rendered":"\t\t<div data-elementor-type=\"wp-page\" data-elementor-id=\"8504\" class=\"elementor elementor-8504\" data-elementor-post-type=\"page\">\n\t\t\t\t\t\t<section class=\"elementor-section elementor-top-section elementor-element elementor-element-f55b02d elementor-section-boxed elementor-section-height-default elementor-section-height-default\" data-id=\"f55b02d\" data-element_type=\"section\" data-e-type=\"section\" data-settings=\"{&quot;background_background&quot;:&quot;classic&quot;}\">\n\t\t\t\t\t\t<div class=\"elementor-container elementor-column-gap-default\">\n\t\t\t\t\t<div class=\"elementor-column elementor-col-100 elementor-top-column elementor-element elementor-element-b47661a\" data-id=\"b47661a\" data-element_type=\"column\" data-e-type=\"column\">\n\t\t\t<div class=\"elementor-widget-wrap elementor-element-populated\">\n\t\t\t\t\t\t<div class=\"elementor-element elementor-element-fbdffb7 elementor-widget elementor-widget-heading\" data-id=\"fbdffb7\" data-element_type=\"widget\" data-e-type=\"widget\" data-widget_type=\"heading.default\">\n\t\t\t\t<div class=\"elementor-widget-container\">\n\t\t\t\t\t<h2 class=\"elementor-heading-title elementor-size-default\">Equipe Tech Girls<\/h2>\t\t\t\t<\/div>\n\t\t\t\t<\/div>\n\t\t\t\t\t<\/div>\n\t\t<\/div>\n\t\t\t\t\t<\/div>\n\t\t<\/section>\n\t\t\t\t<section class=\"elementor-section elementor-top-section elementor-element elementor-element-5d51be8 elementor-section-boxed elementor-section-height-default elementor-section-height-default\" data-id=\"5d51be8\" data-element_type=\"section\" data-e-type=\"section\">\n\t\t\t\t\t\t<div class=\"elementor-container elementor-column-gap-default\">\n\t\t\t\t\t<div class=\"elementor-column elementor-col-100 elementor-top-column elementor-element elementor-element-f8078c9\" data-id=\"f8078c9\" data-element_type=\"column\" data-e-type=\"column\">\n\t\t\t<div class=\"elementor-widget-wrap elementor-element-populated\">\n\t\t\t\t\t\t<div class=\"elementor-element elementor-element-536017b elementor-widget elementor-widget-image\" data-id=\"536017b\" data-element_type=\"widget\" data-e-type=\"widget\" data-widget_type=\"image.default\">\n\t\t\t\t<div class=\"elementor-widget-container\">\n\t\t\t\t\t\t\t\t\t\t\t\t\t\t\t<img fetchpriority=\"high\" decoding=\"async\" width=\"800\" height=\"272\" src=\"https:\/\/indexwebsites.com.br\/tg\/wp-content\/uploads\/2025\/04\/topo-techgirls-equipe-1024x348.jpg\" class=\"attachment-large size-large wp-image-12743 no-lazyload\" alt=\"\" srcset=\"https:\/\/indexwebsites.com.br\/tg\/wp-content\/uploads\/2025\/04\/topo-techgirls-equipe-1024x348.jpg 1024w, https:\/\/indexwebsites.com.br\/tg\/wp-content\/uploads\/2025\/04\/topo-techgirls-equipe-300x102.jpg 300w, https:\/\/indexwebsites.com.br\/tg\/wp-content\/uploads\/2025\/04\/topo-techgirls-equipe-768x261.jpg 768w, https:\/\/indexwebsites.com.br\/tg\/wp-content\/uploads\/2025\/04\/topo-techgirls-equipe.jpg 1041w\" sizes=\"(max-width: 800px) 100vw, 800px\" \/>\t\t\t\t\t\t\t\t\t\t\t\t\t\t\t<\/div>\n\t\t\t\t<\/div>\n\t\t\t\t\t<\/div>\n\t\t<\/div>\n\t\t\t\t\t<\/div>\n\t\t<\/section>\n\t\t\t\t<section class=\"elementor-section elementor-top-section elementor-element elementor-element-d8b61d9 elementor-section-boxed elementor-section-height-default elementor-section-height-default\" data-id=\"d8b61d9\" data-element_type=\"section\" data-e-type=\"section\">\n\t\t\t\t\t\t<div class=\"elementor-container elementor-column-gap-default\">\n\t\t\t\t\t<div class=\"elementor-column elementor-col-100 elementor-top-column elementor-element elementor-element-3287aae\" data-id=\"3287aae\" data-element_type=\"column\" data-e-type=\"column\">\n\t\t\t<div class=\"elementor-widget-wrap elementor-element-populated\">\n\t\t\t\t\t\t<div class=\"elementor-element elementor-element-086dc25 elementor-widget elementor-widget-text-editor\" data-id=\"086dc25\" data-element_type=\"widget\" data-e-type=\"widget\" data-widget_type=\"text-editor.default\">\n\t\t\t\t<div class=\"elementor-widget-container\">\n\t\t\t\t\t\t\t\t\t<p>A Tech Girls \u00e9 impulsionada por uma rede de mulheres profissionais, talentosas e engajadas, espalhadas por todo o Brasil. Cada uma atua com excel\u00eancia em sua \u00e1rea de forma\u00e7\u00e3o, contribuindo de forma estrat\u00e9gica para os projetos e a\u00e7\u00f5es da iniciativa. Essa equipe multidisciplinar \u00e9 o cora\u00e7\u00e3o do nosso impacto \u2014 unindo tecnologia, educa\u00e7\u00e3o, arte, sustentabilidade e transforma\u00e7\u00e3o social.<\/p><p>Nosso time \u00e9 formado por perfis diversos, como:<\/p><ul><li><strong>Desenvolvedoras de Software<\/strong>, que criam solu\u00e7\u00f5es tecnol\u00f3gicas com foco em acessibilidade, inclus\u00e3o e inova\u00e7\u00e3o social;<\/li><li><strong>Pedagogas<\/strong>, respons\u00e1veis pela constru\u00e7\u00e3o de metodologias educativas voltadas para a equidade de g\u00eanero e forma\u00e7\u00e3o de meninas em STEAM;<\/li><li><strong>Engenheiras Ambientais<\/strong>, que lideram projetos voltados \u00e0 preserva\u00e7\u00e3o dos recursos naturais, gest\u00e3o de res\u00edduos, energias renov\u00e1veis e educa\u00e7\u00e3o ambiental;<\/li><li><strong>Influenciadoras Digitais<\/strong>, que amplificam nossas causas, mobilizando comunidades e inspirando outras mulheres e meninas a ocuparem espa\u00e7os na tecnologia;<\/li><li><strong>Fashion Designers<\/strong>, que trabalham com moda sustent\u00e1vel, reaproveitamento de materiais e a fus\u00e3o entre tecnologia, identidade e meio ambiente;<\/li><li><strong>Administradoras<\/strong>, que garantem a gest\u00e3o eficiente de nossos projetos com foco em impacto social e sustentabilidade financeira;<\/li><li><strong>Coordenadoras de Opera\u00e7\u00f5es e Infraestrutura<\/strong>, que estruturam nossos processos, mantendo o fluxo organizacional necess\u00e1rio para escalar a\u00e7\u00f5es com prop\u00f3sito.<\/li><\/ul><p>\u00a0<\/p><p>Mais do que um time t\u00e9cnico, somos uma comunidade de mulheres transformadoras. A Tech Girls \u00e9, acima de tudo, um projeto socioambiental que acredita no poder da tecnologia como ferramenta de mudan\u00e7a \u2014 promovendo inclus\u00e3o, empoderamento feminino e solu\u00e7\u00f5es sustent\u00e1veis para os desafios do nosso tempo.<\/p>\t\t\t\t\t\t\t\t<\/div>\n\t\t\t\t<\/div>\n\t\t\t\t\t<\/div>\n\t\t<\/div>\n\t\t\t\t\t<\/div>\n\t\t<\/section>\n\t\t\t\t<section class=\"elementor-section elementor-top-section elementor-element elementor-element-bfe4827 elementor-section-boxed elementor-section-height-default elementor-section-height-default\" data-id=\"bfe4827\" data-element_type=\"section\" data-e-type=\"section\">\n\t\t\t\t\t\t<div class=\"elementor-container elementor-column-gap-default\">\n\t\t\t\t\t<div class=\"elementor-column elementor-col-100 elementor-top-column elementor-element elementor-element-74fa756\" data-id=\"74fa756\" data-element_type=\"column\" data-e-type=\"column\">\n\t\t\t<div class=\"elementor-widget-wrap elementor-element-populated\">\n\t\t\t\t\t\t<div class=\"elementor-element elementor-element-2433524 elementor-widget elementor-widget-text-editor\" data-id=\"2433524\" data-element_type=\"widget\" data-e-type=\"widget\" data-widget_type=\"text-editor.default\">\n\t\t\t\t<div class=\"elementor-widget-container\">\n\t\t\t\t\t\t\t\t\t<h3>Principais lideran\u00e7as&nbsp;<\/h3>\t\t\t\t\t\t\t\t<\/div>\n\t\t\t\t<\/div>\n\t\t\t\t\t<\/div>\n\t\t<\/div>\n\t\t\t\t\t<\/div>\n\t\t<\/section>\n\t\t\t\t<section class=\"elementor-section elementor-top-section elementor-element elementor-element-d256919 elementor-section-boxed elementor-section-height-default elementor-section-height-default\" data-id=\"d256919\" data-element_type=\"section\" data-e-type=\"section\">\n\t\t\t\t\t\t<div class=\"elementor-container elementor-column-gap-default\">\n\t\t\t\t\t<div class=\"elementor-column elementor-col-25 elementor-top-column elementor-element elementor-element-a51a70f\" data-id=\"a51a70f\" data-element_type=\"column\" data-e-type=\"column\">\n\t\t\t<div class=\"elementor-widget-wrap elementor-element-populated\">\n\t\t\t\t\t\t<div class=\"elementor-element elementor-element-9da5475 elementor-widget elementor-widget-image\" data-id=\"9da5475\" data-element_type=\"widget\" data-e-type=\"widget\" data-widget_type=\"image.default\">\n\t\t\t\t<div class=\"elementor-widget-container\">\n\t\t\t\t\t\t\t\t\t\t\t\t<figure class=\"wp-caption\">\n\t\t\t\t\t\t\t\t\t\t<img decoding=\"async\" width=\"128\" height=\"128\" src=\"https:\/\/indexwebsites.com.br\/tg\/wp-content\/uploads\/2025\/04\/topo-techgirls-equipe-01.jpg\" class=\"attachment-large size-large wp-image-12744 no-lazyload\" alt=\"\" \/>\t\t\t\t\t\t\t\t\t\t\t<figcaption class=\"widget-image-caption wp-caption-text\">Gisele Lasserre - Fundadora<\/figcaption>\n\t\t\t\t\t\t\t\t\t\t<\/figure>\n\t\t\t\t\t\t\t\t\t<\/div>\n\t\t\t\t<\/div>\n\t\t\t\t<div class=\"elementor-element elementor-element-204ae1b elementor-widget elementor-widget-text-editor\" data-id=\"204ae1b\" data-element_type=\"widget\" data-e-type=\"widget\" data-widget_type=\"text-editor.default\">\n\t\t\t\t<div class=\"elementor-widget-container\">\n\t\t\t\t\t\t\t\t\t<p>Graduada Tecnologia da Informa\u00e7\u00e3o (SENAC-SP) e Comunica\u00e7\u00e3o (PUC-PR) e especializa\u00e7\u00e3o em Administra\u00e7\u00e3o (FGV-SP CEAG) e Marketing ( FAE).<\/p>\t\t\t\t\t\t\t\t<\/div>\n\t\t\t\t<\/div>\n\t\t\t\t\t<\/div>\n\t\t<\/div>\n\t\t\t\t<div class=\"elementor-column elementor-col-25 elementor-top-column elementor-element elementor-element-7265f2e\" data-id=\"7265f2e\" data-element_type=\"column\" data-e-type=\"column\">\n\t\t\t<div class=\"elementor-widget-wrap elementor-element-populated\">\n\t\t\t\t\t\t<div class=\"elementor-element elementor-element-3f5d88a elementor-widget elementor-widget-image\" data-id=\"3f5d88a\" data-element_type=\"widget\" data-e-type=\"widget\" data-widget_type=\"image.default\">\n\t\t\t\t<div class=\"elementor-widget-container\">\n\t\t\t\t\t\t\t\t\t\t\t\t<figure class=\"wp-caption\">\n\t\t\t\t\t\t\t\t\t\t<img decoding=\"async\" width=\"128\" height=\"128\" src=\"https:\/\/indexwebsites.com.br\/tg\/wp-content\/uploads\/2025\/04\/topo-techgirls-equipe-02.jpg\" class=\"attachment-large size-large wp-image-12745 no-lazyload\" alt=\"\" \/>\t\t\t\t\t\t\t\t\t\t\t<figcaption class=\"widget-image-caption wp-caption-text\">Hadassa Ferreira - Coordenadora Opera\u00e7\u00f5es Santa Catarina<\/figcaption>\n\t\t\t\t\t\t\t\t\t\t<\/figure>\n\t\t\t\t\t\t\t\t\t<\/div>\n\t\t\t\t<\/div>\n\t\t\t\t<div class=\"elementor-element elementor-element-53cb6cf elementor-widget elementor-widget-text-editor\" data-id=\"53cb6cf\" data-element_type=\"widget\" data-e-type=\"widget\" data-widget_type=\"text-editor.default\">\n\t\t\t\t<div class=\"elementor-widget-container\">\n\t\t\t\t\t\t\t\t\t<p>Lideran\u00e7a em a\u00e7\u00f5es junto a <br \/>grupos minorizados, <br \/>especialista em a\u00e7\u00f5es <br \/>humanit\u00e1ria e media\u00e7\u00e3o cultural <br \/>de imigrantres e refugiados.<\/p>\t\t\t\t\t\t\t\t<\/div>\n\t\t\t\t<\/div>\n\t\t\t\t\t<\/div>\n\t\t<\/div>\n\t\t\t\t<div class=\"elementor-column elementor-col-25 elementor-top-column elementor-element elementor-element-61eaa8c\" data-id=\"61eaa8c\" data-element_type=\"column\" data-e-type=\"column\">\n\t\t\t<div class=\"elementor-widget-wrap elementor-element-populated\">\n\t\t\t\t\t\t<div class=\"elementor-element elementor-element-dd126c2 elementor-widget elementor-widget-image\" data-id=\"dd126c2\" data-element_type=\"widget\" data-e-type=\"widget\" data-widget_type=\"image.default\">\n\t\t\t\t<div class=\"elementor-widget-container\">\n\t\t\t\t\t\t\t\t\t\t\t\t<figure class=\"wp-caption\">\n\t\t\t\t\t\t\t\t\t\t<img loading=\"lazy\" decoding=\"async\" width=\"128\" height=\"128\" src=\"https:\/\/indexwebsites.com.br\/tg\/wp-content\/uploads\/2025\/04\/topo-techgirls-equipe-03.jpg\" class=\"attachment-large size-large wp-image-12746 no-lazyload\" alt=\"\" \/>\t\t\t\t\t\t\t\t\t\t\t<figcaption class=\"widget-image-caption wp-caption-text\">Dayane Borges - Opera\u00e7\u00e3o Santa Catarina<\/figcaption>\n\t\t\t\t\t\t\t\t\t\t<\/figure>\n\t\t\t\t\t\t\t\t\t<\/div>\n\t\t\t\t<\/div>\n\t\t\t\t<div class=\"elementor-element elementor-element-fcd7431 elementor-widget elementor-widget-text-editor\" data-id=\"fcd7431\" data-element_type=\"widget\" data-e-type=\"widget\" data-widget_type=\"text-editor.default\">\n\t\t\t\t<div class=\"elementor-widget-container\">\n\t\t\t\t\t\t\t\t\t<p>PhD em Neuroci\u00eancias, Nutricionista, MBA em Pol\u00edtica e Gest\u00e3o P\u00fablica, Novo30SC<\/p>\t\t\t\t\t\t\t\t<\/div>\n\t\t\t\t<\/div>\n\t\t\t\t\t<\/div>\n\t\t<\/div>\n\t\t\t\t<div class=\"elementor-column elementor-col-25 elementor-top-column elementor-element elementor-element-991c77e\" data-id=\"991c77e\" data-element_type=\"column\" data-e-type=\"column\">\n\t\t\t<div class=\"elementor-widget-wrap elementor-element-populated\">\n\t\t\t\t\t\t<div class=\"elementor-element elementor-element-cb2f065 elementor-widget elementor-widget-image\" data-id=\"cb2f065\" data-element_type=\"widget\" data-e-type=\"widget\" data-widget_type=\"image.default\">\n\t\t\t\t<div class=\"elementor-widget-container\">\n\t\t\t\t\t\t\t\t\t\t\t\t<figure class=\"wp-caption\">\n\t\t\t\t\t\t\t\t\t\t<img loading=\"lazy\" decoding=\"async\" width=\"128\" height=\"128\" src=\"https:\/\/indexwebsites.com.br\/tg\/wp-content\/uploads\/2025\/04\/topo-techgirls-equipe-04.jpg\" class=\"attachment-large size-large wp-image-12747 no-lazyload\" alt=\"\" \/>\t\t\t\t\t\t\t\t\t\t\t<figcaption class=\"widget-image-caption wp-caption-text\">Aline Gomes Soteras - Cooredenadora de Opera\u00e7\u00f5es SP<\/figcaption>\n\t\t\t\t\t\t\t\t\t\t<\/figure>\n\t\t\t\t\t\t\t\t\t<\/div>\n\t\t\t\t<\/div>\n\t\t\t\t<div class=\"elementor-element elementor-element-59ff4fe elementor-widget elementor-widget-text-editor\" data-id=\"59ff4fe\" data-element_type=\"widget\" data-e-type=\"widget\" data-widget_type=\"text-editor.default\">\n\t\t\t\t<div class=\"elementor-widget-container\">\n\t\t\t\t\t\t\t\t\t<p>Conquistou a posi\u00e7\u00e3o de Coordenadora Tech Girls depois do cursosendo que agora compartilha com demais colegas da periferia do extremo Sul da Capital Paulistana.<\/p>\t\t\t\t\t\t\t\t<\/div>\n\t\t\t\t<\/div>\n\t\t\t\t\t<\/div>\n\t\t<\/div>\n\t\t\t\t\t<\/div>\n\t\t<\/section>\n\t\t\t\t<section class=\"elementor-section elementor-top-section elementor-element elementor-element-47c0caf elementor-section-boxed elementor-section-height-default elementor-section-height-default\" data-id=\"47c0caf\" data-element_type=\"section\" data-e-type=\"section\">\n\t\t\t\t\t\t<div class=\"elementor-container elementor-column-gap-default\">\n\t\t\t\t\t<div class=\"elementor-column elementor-col-100 elementor-top-column elementor-element elementor-element-6e70045\" data-id=\"6e70045\" data-element_type=\"column\" data-e-type=\"column\">\n\t\t\t<div class=\"elementor-widget-wrap elementor-element-populated\">\n\t\t\t\t\t\t<div class=\"elementor-element elementor-element-c26afe7 elementor-widget elementor-widget-spacer\" data-id=\"c26afe7\" data-element_type=\"widget\" data-e-type=\"widget\" data-widget_type=\"spacer.default\">\n\t\t\t\t<div class=\"elementor-widget-container\">\n\t\t\t\t\t\t\t<div class=\"elementor-spacer\">\n\t\t\t<div class=\"elementor-spacer-inner\"><\/div>\n\t\t<\/div>\n\t\t\t\t\t\t<\/div>\n\t\t\t\t<\/div>\n\t\t\t\t\t<\/div>\n\t\t<\/div>\n\t\t\t\t\t<\/div>\n\t\t<\/section>\n\t\t\t\t<section class=\"elementor-section elementor-top-section elementor-element elementor-element-0bbe285 elementor-section-boxed elementor-section-height-default elementor-section-height-default\" data-id=\"0bbe285\" data-element_type=\"section\" data-e-type=\"section\">\n\t\t\t\t\t\t<div class=\"elementor-container elementor-column-gap-default\">\n\t\t\t\t\t<div class=\"elementor-column elementor-col-100 elementor-top-column elementor-element elementor-element-0b28472\" data-id=\"0b28472\" data-element_type=\"column\" data-e-type=\"column\">\n\t\t\t<div class=\"elementor-widget-wrap elementor-element-populated\">\n\t\t\t\t\t\t<div class=\"elementor-element elementor-element-27971c6 elementor-widget elementor-widget-image\" data-id=\"27971c6\" data-element_type=\"widget\" data-e-type=\"widget\" data-widget_type=\"image.default\">\n\t\t\t\t<div class=\"elementor-widget-container\">\n\t\t\t\t\t\t\t\t\t\t\t\t\t\t\t<img loading=\"lazy\" decoding=\"async\" width=\"800\" height=\"450\" src=\"https:\/\/indexwebsites.com.br\/tg\/wp-content\/uploads\/2022\/06\/Viasoft_TECH-GIRLS_.pptx.png\" class=\"attachment-large size-large wp-image-7561 no-lazyload\" alt=\"\" srcset=\"https:\/\/indexwebsites.com.br\/tg\/wp-content\/uploads\/2022\/06\/Viasoft_TECH-GIRLS_.pptx.png 960w, https:\/\/indexwebsites.com.br\/tg\/wp-content\/uploads\/2022\/06\/Viasoft_TECH-GIRLS_.pptx-300x169.png 300w, https:\/\/indexwebsites.com.br\/tg\/wp-content\/uploads\/2022\/06\/Viasoft_TECH-GIRLS_.pptx-768x432.png 768w\" sizes=\"(max-width: 800px) 100vw, 800px\" \/>\t\t\t\t\t\t\t\t\t\t\t\t\t\t\t<\/div>\n\t\t\t\t<\/div>\n\t\t\t\t\t<\/div>\n\t\t<\/div>\n\t\t\t\t\t<\/div>\n\t\t<\/section>\n\t\t\t\t<section class=\"elementor-section elementor-top-section elementor-element elementor-element-9eaadbc elementor-section-boxed elementor-section-height-default elementor-section-height-default\" data-id=\"9eaadbc\" data-element_type=\"section\" data-e-type=\"section\">\n\t\t\t\t\t\t<div class=\"elementor-container elementor-column-gap-default\">\n\t\t\t\t\t<div class=\"elementor-column elementor-col-100 elementor-top-column elementor-element elementor-element-04a43d3\" data-id=\"04a43d3\" data-element_type=\"column\" data-e-type=\"column\">\n\t\t\t<div class=\"elementor-widget-wrap elementor-element-populated\">\n\t\t\t\t\t\t<div class=\"elementor-element elementor-element-0125800 elementor-widget elementor-widget-spacer\" data-id=\"0125800\" data-element_type=\"widget\" data-e-type=\"widget\" data-widget_type=\"spacer.default\">\n\t\t\t\t<div class=\"elementor-widget-container\">\n\t\t\t\t\t\t\t<div class=\"elementor-spacer\">\n\t\t\t<div class=\"elementor-spacer-inner\"><\/div>\n\t\t<\/div>\n\t\t\t\t\t\t<\/div>\n\t\t\t\t<\/div>\n\t\t\t\t\t<\/div>\n\t\t<\/div>\n\t\t\t\t\t<\/div>\n\t\t<\/section>\n\t\t\t\t<section class=\"elementor-section elementor-top-section elementor-element elementor-element-3d28e89 elementor-section-boxed elementor-section-height-default elementor-section-height-default\" data-id=\"3d28e89\" data-element_type=\"section\" data-e-type=\"section\">\n\t\t\t\t\t\t<div class=\"elementor-container elementor-column-gap-default\">\n\t\t\t\t\t<div class=\"elementor-column elementor-col-100 elementor-top-column elementor-element elementor-element-7a139dc\" data-id=\"7a139dc\" data-element_type=\"column\" data-e-type=\"column\">\n\t\t\t<div class=\"elementor-widget-wrap elementor-element-populated\">\n\t\t\t\t\t\t<div class=\"elementor-element elementor-element-7932f4f elementor-widget elementor-widget-text-editor\" data-id=\"7932f4f\" data-element_type=\"widget\" data-e-type=\"widget\" data-widget_type=\"text-editor.default\">\n\t\t\t\t<div class=\"elementor-widget-container\">\n\t\t\t\t\t\t\t\t\t<h3>Se identificou com o projeto e gostaria de participar?<\/h3>\t\t\t\t\t\t\t\t<\/div>\n\t\t\t\t<\/div>\n\t\t\t\t\t<\/div>\n\t\t<\/div>\n\t\t\t\t\t<\/div>\n\t\t<\/section>\n\t\t\t\t<section class=\"elementor-section elementor-top-section elementor-element elementor-element-a7b0742 elementor-section-boxed elementor-section-height-default elementor-section-height-default\" data-id=\"a7b0742\" data-element_type=\"section\" data-e-type=\"section\">\n\t\t\t\t\t\t<div class=\"elementor-container elementor-column-gap-default\">\n\t\t\t\t\t<div class=\"elementor-column elementor-col-100 elementor-top-column elementor-element elementor-element-7f72293\" data-id=\"7f72293\" data-element_type=\"column\" data-e-type=\"column\">\n\t\t\t<div class=\"elementor-widget-wrap elementor-element-populated\">\n\t\t\t\t\t\t<div class=\"elementor-element elementor-element-084eba0 elementor-widget elementor-widget-image\" data-id=\"084eba0\" data-element_type=\"widget\" data-e-type=\"widget\" data-widget_type=\"image.default\">\n\t\t\t\t<div class=\"elementor-widget-container\">\n\t\t\t\t\t\t\t\t\t\t\t\t\t\t\t<img loading=\"lazy\" decoding=\"async\" width=\"800\" height=\"200\" src=\"https:\/\/indexwebsites.com.br\/tg\/wp-content\/uploads\/2025\/04\/topo-techgirls-equipe-05.jpg\" class=\"attachment-large size-large wp-image-12748 no-lazyload\" alt=\"\" srcset=\"https:\/\/indexwebsites.com.br\/tg\/wp-content\/uploads\/2025\/04\/topo-techgirls-equipe-05.jpg 846w, https:\/\/indexwebsites.com.br\/tg\/wp-content\/uploads\/2025\/04\/topo-techgirls-equipe-05-300x75.jpg 300w, https:\/\/indexwebsites.com.br\/tg\/wp-content\/uploads\/2025\/04\/topo-techgirls-equipe-05-768x192.jpg 768w\" sizes=\"(max-width: 800px) 100vw, 800px\" \/>\t\t\t\t\t\t\t\t\t\t\t\t\t\t\t<\/div>\n\t\t\t\t<\/div>\n\t\t\t\t\t<\/div>\n\t\t<\/div>\n\t\t\t\t\t<\/div>\n\t\t<\/section>\n\t\t\t\t<section class=\"elementor-section elementor-top-section elementor-element elementor-element-3207782 elementor-section-boxed elementor-section-height-default elementor-section-height-default\" data-id=\"3207782\" data-element_type=\"section\" data-e-type=\"section\">\n\t\t\t\t\t\t<div class=\"elementor-container elementor-column-gap-default\">\n\t\t\t\t\t<div class=\"elementor-column elementor-col-100 elementor-top-column elementor-element elementor-element-dba4503\" data-id=\"dba4503\" data-element_type=\"column\" data-e-type=\"column\">\n\t\t\t<div class=\"elementor-widget-wrap elementor-element-populated\">\n\t\t\t\t\t\t<div class=\"elementor-element elementor-element-fd57d1f elementor-widget elementor-widget-text-editor\" data-id=\"fd57d1f\" data-element_type=\"widget\" data-e-type=\"widget\" data-widget_type=\"text-editor.default\">\n\t\t\t\t<div class=\"elementor-widget-container\">\n\t\t\t\t\t\t\t\t\t<p>O grupo social Tech Girls Brasil nasceu para levar conhecimento sobre a tecnologia para donas de casa de \u00e1reas carentes, para que estas possam empreender, voltar\/iniciar ao mercado de trabalho, obtendo autonomia financeira e melhorar a autoestima.<\/p>\t\t\t\t\t\t\t\t<\/div>\n\t\t\t\t<\/div>\n\t\t\t\t<div class=\"elementor-element elementor-element-7df8221 elementor-align-center elementor-widget elementor-widget-button\" data-id=\"7df8221\" data-element_type=\"widget\" data-e-type=\"widget\" data-widget_type=\"button.default\">\n\t\t\t\t<div class=\"elementor-widget-container\">\n\t\t\t\t\t\t\t\t\t<div class=\"elementor-button-wrapper\">\n\t\t\t\t\t<a class=\"elementor-button elementor-button-link elementor-size-sm\" href=\"https:\/\/indexwebsites.com.br\/tg\/elementor-76\/\">\n\t\t\t\t\t\t<span class=\"elementor-button-content-wrapper\">\n\t\t\t\t\t\t\t\t\t<span class=\"elementor-button-text\">Detalhes\u00a0clique aqui<\/span>\n\t\t\t\t\t<\/span>\n\t\t\t\t\t<\/a>\n\t\t\t\t<\/div>\n\t\t\t\t\t\t\t\t<\/div>\n\t\t\t\t<\/div>\n\t\t\t\t\t<\/div>\n\t\t<\/div>\n\t\t\t\t\t<\/div>\n\t\t<\/section>\n\t\t\t\t<\/div>\n\t\t","protected":false},"excerpt":{"rendered":"<p>Equipe Tech Girls A Tech Girls \u00e9 impulsionada por uma rede de mulheres profissionais, talentosas e engajadas, espalhadas por todo o Brasil. Cada uma atua com excel\u00eancia em sua \u00e1rea de forma\u00e7\u00e3o, contribuindo de forma estrat\u00e9gica para os projetos e a\u00e7\u00f5es da iniciativa. Essa equipe multidisciplinar \u00e9 o cora\u00e7\u00e3o do nosso impacto \u2014 unindo tecnologia, [&hellip;]<\/p>\n","protected":false},"author":1,"featured_media":0,"parent":0,"menu_order":42,"comment_status":"closed","ping_status":"closed","template":"elementor_header_footer","meta":{"footnotes":""},"class_list":["post-8504","page","type-page","status-publish","hentry"],"_links":{"self":[{"href":"https:\/\/indexwebsites.com.br\/tg\/wp-json\/wp\/v2\/pages\/8504","targetHints":{"allow":["GET"]}}],"collection":[{"href":"https:\/\/indexwebsites.com.br\/tg\/wp-json\/wp\/v2\/pages"}],"about":[{"href":"https:\/\/indexwebsites.com.br\/tg\/wp-json\/wp\/v2\/types\/page"}],"author":[{"embeddable":true,"href":"https:\/\/indexwebsites.com.br\/tg\/wp-json\/wp\/v2\/users\/1"}],"replies":[{"embeddable":true,"href":"https:\/\/indexwebsites.com.br\/tg\/wp-json\/wp\/v2\/comments?post=8504"}],"version-history":[{"count":127,"href":"https:\/\/indexwebsites.com.br\/tg\/wp-json\/wp\/v2\/pages\/8504\/revisions"}],"predecessor-version":[{"id":12827,"href":"https:\/\/indexwebsites.com.br\/tg\/wp-json\/wp\/v2\/pages\/8504\/revisions\/12827"}],"wp:attachment":[{"href":"https:\/\/indexwebsites.com.br\/tg\/wp-json\/wp\/v2\/media?parent=8504"}],"curies":[{"name":"wp","href":"https:\/\/api.w.org\/{rel}","templated":true}]}}