{"id":8246,"date":"2022-11-07T08:43:01","date_gmt":"2022-11-07T11:43:01","guid":{"rendered":"https:\/\/techgirls.com.br\/?page_id=8246"},"modified":"2023-07-23T20:41:20","modified_gmt":"2023-07-23T23:41:20","slug":"ici","status":"publish","type":"page","link":"https:\/\/indexwebsites.com.br\/tg\/ici\/","title":{"rendered":"ICI"},"content":{"rendered":"\t\t<div data-elementor-type=\"wp-page\" data-elementor-id=\"8246\" class=\"elementor elementor-8246\" data-elementor-post-type=\"page\">\n\t\t\t\t\t\t<section class=\"elementor-section elementor-top-section elementor-element elementor-element-80f48f6 elementor-section-boxed elementor-section-height-default elementor-section-height-default\" data-id=\"80f48f6\" data-element_type=\"section\" data-e-type=\"section\">\n\t\t\t\t\t\t<div class=\"elementor-container elementor-column-gap-default\">\n\t\t\t\t\t<div class=\"elementor-column elementor-col-100 elementor-top-column elementor-element elementor-element-49e5e3f\" data-id=\"49e5e3f\" data-element_type=\"column\" data-e-type=\"column\">\n\t\t\t<div class=\"elementor-widget-wrap elementor-element-populated\">\n\t\t\t\t\t\t<div class=\"elementor-element elementor-element-e82e064 elementor-widget elementor-widget-heading\" data-id=\"e82e064\" data-element_type=\"widget\" data-e-type=\"widget\" data-widget_type=\"heading.default\">\n\t\t\t\t<div class=\"elementor-widget-container\">\n\t\t\t\t\t<h1 class=\"elementor-heading-title elementor-size-default\"><span style=\"font-weight:normal\" id=\"docs-internal-guid-e6846ef7-7fff-4d45-5c25-136bf1d20265\"><span style=\"font-size: 23pt;font-family: Arial;background-color: transparent;font-weight: 700;vertical-align: baseline\">ICI- Instituto de Cidade Inteligentes recebe Tech Girls na Semana Tecnol\u00f3gica<\/span><\/span><\/h1>\t\t\t\t<\/div>\n\t\t\t\t<\/div>\n\t\t\t\t\t<\/div>\n\t\t<\/div>\n\t\t\t\t\t<\/div>\n\t\t<\/section>\n\t\t\t\t<section class=\"elementor-section elementor-top-section elementor-element elementor-element-989d00f elementor-section-boxed elementor-section-height-default elementor-section-height-default\" data-id=\"989d00f\" data-element_type=\"section\" data-e-type=\"section\">\n\t\t\t\t\t\t<div class=\"elementor-container elementor-column-gap-default\">\n\t\t\t\t\t<div class=\"elementor-column elementor-col-100 elementor-top-column elementor-element elementor-element-4ebdc90\" data-id=\"4ebdc90\" data-element_type=\"column\" data-e-type=\"column\">\n\t\t\t<div class=\"elementor-widget-wrap elementor-element-populated\">\n\t\t\t\t\t\t<div class=\"elementor-element elementor-element-2c015ff elementor-widget elementor-widget-text-editor\" data-id=\"2c015ff\" data-element_type=\"widget\" data-e-type=\"widget\" data-widget_type=\"text-editor.default\">\n\t\t\t\t<div class=\"elementor-widget-container\">\n\t\t\t\t\t\t\t\t\t<p><span id=\"docs-internal-guid-4941a17a-7fff-a695-8853-fb2db2118d3f\"><span style=\"font-size: 17pt; background-color: transparent; font-style: italic; font-variant-numeric: normal; font-variant-east-asian: normal; vertical-align: baseline; white-space: pre-wrap;\">Iniciativa apresenta como as Tech Girls aproximam mulheres carentes <\/span><\/span><\/p><p><span><span style=\"font-size: 17pt; background-color: transparent; font-style: italic; font-variant-numeric: normal; font-variant-east-asian: normal; vertical-align: baseline; white-space: pre-wrap;\">para a \u00e1rea de tecnologia da informa\u00e7\u00e3o<\/span><\/span><\/p>\t\t\t\t\t\t\t\t<\/div>\n\t\t\t\t<\/div>\n\t\t\t\t\t<\/div>\n\t\t<\/div>\n\t\t\t\t\t<\/div>\n\t\t<\/section>\n\t\t\t\t<section class=\"elementor-section elementor-top-section elementor-element elementor-element-87cf494 elementor-section-boxed elementor-section-height-default elementor-section-height-default\" data-id=\"87cf494\" data-element_type=\"section\" data-e-type=\"section\">\n\t\t\t\t\t\t<div class=\"elementor-container elementor-column-gap-default\">\n\t\t\t\t\t<div class=\"elementor-column elementor-col-100 elementor-top-column elementor-element elementor-element-18a1f08\" data-id=\"18a1f08\" data-element_type=\"column\" data-e-type=\"column\">\n\t\t\t<div class=\"elementor-widget-wrap elementor-element-populated\">\n\t\t\t\t\t\t<div class=\"elementor-element elementor-element-62f63dc elementor-widget elementor-widget-image\" data-id=\"62f63dc\" data-element_type=\"widget\" data-e-type=\"widget\" data-widget_type=\"image.default\">\n\t\t\t\t<div class=\"elementor-widget-container\">\n\t\t\t\t\t\t\t\t\t\t\t\t\t\t\t<img fetchpriority=\"high\" decoding=\"async\" width=\"800\" height=\"500\" src=\"https:\/\/indexwebsites.com.br\/tg\/wp-content\/uploads\/2023\/07\/FAS-4.png\" class=\"attachment-large size-large wp-image-9949 no-lazyload\" alt=\"\" srcset=\"https:\/\/indexwebsites.com.br\/tg\/wp-content\/uploads\/2023\/07\/FAS-4.png 800w, https:\/\/indexwebsites.com.br\/tg\/wp-content\/uploads\/2023\/07\/FAS-4-300x188.png 300w, https:\/\/indexwebsites.com.br\/tg\/wp-content\/uploads\/2023\/07\/FAS-4-768x480.png 768w\" sizes=\"(max-width: 800px) 100vw, 800px\" \/>\t\t\t\t\t\t\t\t\t\t\t\t\t\t\t<\/div>\n\t\t\t\t<\/div>\n\t\t\t\t\t<\/div>\n\t\t<\/div>\n\t\t\t\t\t<\/div>\n\t\t<\/section>\n\t\t\t\t<section class=\"elementor-section elementor-top-section elementor-element elementor-element-2c5019c elementor-section-boxed elementor-section-height-default elementor-section-height-default\" data-id=\"2c5019c\" data-element_type=\"section\" data-e-type=\"section\">\n\t\t\t\t\t\t<div class=\"elementor-container elementor-column-gap-default\">\n\t\t\t\t\t<div class=\"elementor-column elementor-col-50 elementor-top-column elementor-element elementor-element-95b8c9c\" data-id=\"95b8c9c\" data-element_type=\"column\" data-e-type=\"column\">\n\t\t\t<div class=\"elementor-widget-wrap elementor-element-populated\">\n\t\t\t\t\t\t<div class=\"elementor-element elementor-element-af7fd82 elementor-widget elementor-widget-text-editor\" data-id=\"af7fd82\" data-element_type=\"widget\" data-e-type=\"widget\" data-widget_type=\"text-editor.default\">\n\t\t\t\t<div class=\"elementor-widget-container\">\n\t\t\t\t\t\t\t\t\t<p><span style=\"font-weight: 400;\">Durante a Semana Tecnol\u00f3gica que ocorreu na sede em Curitiba do ICI- Instituto de Cidade Inteligentes, dias 17 a 21 de novembro, em Curitiba, os colaboradores inscritos tiveram a oportunidade de participar de uma oficina de lixo-eletr\u00f4nico para a transforma\u00e7\u00e3o de sucatas, como mat\u00e9ria-prima das Bijouxtech\u00ae, que faz parte do projeto socioambiental Tech Girls.<\/span><\/p>\n<p><\/p>\n<p><span style=\"font-weight: 400;\">&nbsp;Durante a oficina, professoras Tech Girls ensinaram e confeccionaram junto com o p\u00fablico pr\u00e9-inscrito em oficinas, pe\u00e7as de bijouteria elaborada com lixo-eletr\u00f4nico e os participantes levaram como recorda\u00e7\u00e3o a pe\u00e7a que produziu para casa, enfatizando a quest<\/span><span style=\"font-family: var( --e-global-typography-text-font-family ), Sans-serif; font-weight: var( --e-global-typography-text-font-weight ); font-size: 1rem;\">\u00e3o<\/span><span style=\"font-family: var( --e-global-typography-text-font-family ), Sans-serif; font-weight: var( --e-global-typography-text-font-weight ); font-size: 1rem;\">&nbsp;<\/span><span style=\"font-family: var( --e-global-typography-text-font-family ), Sans-serif; font-size: 1rem;\">&nbsp;com a sustentabilidade e meio-ambiente.&nbsp;<\/span><\/p>\n<p><\/p>\t\t\t\t\t\t\t\t<\/div>\n\t\t\t\t<\/div>\n\t\t\t\t\t<\/div>\n\t\t<\/div>\n\t\t\t\t<div class=\"elementor-column elementor-col-50 elementor-top-column elementor-element elementor-element-b869380\" data-id=\"b869380\" data-element_type=\"column\" data-e-type=\"column\">\n\t\t\t<div class=\"elementor-widget-wrap elementor-element-populated\">\n\t\t\t\t\t\t<div class=\"elementor-element elementor-element-8f21591 elementor-widget elementor-widget-image\" data-id=\"8f21591\" data-element_type=\"widget\" data-e-type=\"widget\" data-widget_type=\"image.default\">\n\t\t\t\t<div class=\"elementor-widget-container\">\n\t\t\t\t\t\t\t\t\t\t\t\t\t\t\t<img decoding=\"async\" width=\"800\" height=\"533\" src=\"https:\/\/indexwebsites.com.br\/tg\/wp-content\/uploads\/2022\/11\/WhatsApp-Image-2022-11-04-at-15.08.55.jpeg\" class=\"attachment-large size-large wp-image-8249 no-lazyload\" alt=\"\" srcset=\"https:\/\/indexwebsites.com.br\/tg\/wp-content\/uploads\/2022\/11\/WhatsApp-Image-2022-11-04-at-15.08.55.jpeg 822w, https:\/\/indexwebsites.com.br\/tg\/wp-content\/uploads\/2022\/11\/WhatsApp-Image-2022-11-04-at-15.08.55-300x200.jpeg 300w, https:\/\/indexwebsites.com.br\/tg\/wp-content\/uploads\/2022\/11\/WhatsApp-Image-2022-11-04-at-15.08.55-768x512.jpeg 768w\" sizes=\"(max-width: 800px) 100vw, 800px\" \/>\t\t\t\t\t\t\t\t\t\t\t\t\t\t\t<\/div>\n\t\t\t\t<\/div>\n\t\t\t\t\t<\/div>\n\t\t<\/div>\n\t\t\t\t\t<\/div>\n\t\t<\/section>\n\t\t\t\t<section class=\"elementor-section elementor-top-section elementor-element elementor-element-e9914bf elementor-section-boxed elementor-section-height-default elementor-section-height-default\" data-id=\"e9914bf\" data-element_type=\"section\" data-e-type=\"section\">\n\t\t\t\t\t\t<div class=\"elementor-container elementor-column-gap-default\">\n\t\t\t\t\t<div class=\"elementor-column elementor-col-50 elementor-top-column elementor-element elementor-element-1e1b04c\" data-id=\"1e1b04c\" data-element_type=\"column\" data-e-type=\"column\">\n\t\t\t<div class=\"elementor-widget-wrap\">\n\t\t\t\t\t\t\t<\/div>\n\t\t<\/div>\n\t\t\t\t<div class=\"elementor-column elementor-col-50 elementor-top-column elementor-element elementor-element-03cf71e\" data-id=\"03cf71e\" data-element_type=\"column\" data-e-type=\"column\">\n\t\t\t<div class=\"elementor-widget-wrap\">\n\t\t\t\t\t\t\t<\/div>\n\t\t<\/div>\n\t\t\t\t\t<\/div>\n\t\t<\/section>\n\t\t\t\t<section class=\"elementor-section elementor-top-section elementor-element elementor-element-d25a5fb elementor-section-boxed elementor-section-height-default elementor-section-height-default\" data-id=\"d25a5fb\" data-element_type=\"section\" data-e-type=\"section\">\n\t\t\t\t\t\t<div class=\"elementor-container elementor-column-gap-default\">\n\t\t\t\t\t<div class=\"elementor-column elementor-col-50 elementor-top-column elementor-element elementor-element-d0011ff\" data-id=\"d0011ff\" data-element_type=\"column\" data-e-type=\"column\">\n\t\t\t<div class=\"elementor-widget-wrap elementor-element-populated\">\n\t\t\t\t\t\t<div class=\"elementor-element elementor-element-1734fee elementor-widget elementor-widget-image\" data-id=\"1734fee\" data-element_type=\"widget\" data-e-type=\"widget\" data-widget_type=\"image.default\">\n\t\t\t\t<div class=\"elementor-widget-container\">\n\t\t\t\t\t\t\t\t\t\t\t\t\t\t\t<img decoding=\"async\" width=\"800\" height=\"533\" src=\"https:\/\/indexwebsites.com.br\/tg\/wp-content\/uploads\/2022\/11\/WhatsApp-Image-2022-11-04-at-15.08.55-1.jpeg\" class=\"attachment-large size-large wp-image-8248 no-lazyload\" alt=\"\" srcset=\"https:\/\/indexwebsites.com.br\/tg\/wp-content\/uploads\/2022\/11\/WhatsApp-Image-2022-11-04-at-15.08.55-1.jpeg 822w, https:\/\/indexwebsites.com.br\/tg\/wp-content\/uploads\/2022\/11\/WhatsApp-Image-2022-11-04-at-15.08.55-1-300x200.jpeg 300w, https:\/\/indexwebsites.com.br\/tg\/wp-content\/uploads\/2022\/11\/WhatsApp-Image-2022-11-04-at-15.08.55-1-768x512.jpeg 768w\" sizes=\"(max-width: 800px) 100vw, 800px\" \/>\t\t\t\t\t\t\t\t\t\t\t\t\t\t\t<\/div>\n\t\t\t\t<\/div>\n\t\t\t\t\t<\/div>\n\t\t<\/div>\n\t\t\t\t<div class=\"elementor-column elementor-col-50 elementor-top-column elementor-element elementor-element-48c7029\" data-id=\"48c7029\" data-element_type=\"column\" data-e-type=\"column\">\n\t\t\t<div class=\"elementor-widget-wrap elementor-element-populated\">\n\t\t\t\t\t\t<div class=\"elementor-element elementor-element-61c6d60 elementor-widget elementor-widget-text-editor\" data-id=\"61c6d60\" data-element_type=\"widget\" data-e-type=\"widget\" data-widget_type=\"text-editor.default\">\n\t\t\t\t<div class=\"elementor-widget-container\">\n\t\t\t\t\t\t\t\t\t<p dir=\"ltr\" style=\"line-height: 1.38; margin-top: 0pt; margin-bottom: 0pt;\"><span style=\"font-size: 11pt; font-family: Arial; color: #000000; background-color: transparent; font-weight: 400; font-style: normal; font-variant: normal; text-decoration: none; vertical-align: baseline; white-space: pre-wrap;\">Tech Girls atua na educa\u00e7\u00e3o de tecnologia da informa\u00e7\u00e3o e tratamento do lixo eletr\u00f4nico com foco em reduzir o d\u00e9ficit de profissionais mulheres na \u00e1rea da TI, para isso atrai e capacita\u00a0 as comunidades femininas em vulnerabilidade social para ocuparem este aquecido mercado de trabalho.<\/span><\/p><p dir=\"ltr\" style=\"line-height: 1.656; margin-top: 0pt; margin-bottom: 0pt;\"><span style=\"font-size: 11pt; font-family: Arial; color: #000000; background-color: transparent; font-weight: 400; font-style: normal; font-variant: normal; text-decoration: none; vertical-align: baseline; white-space: pre-wrap;\">A trilha de aprendizado \u00e9 oferecida de forma presencial e gratuita para a aluna e tem como posicionamento: entreter primeiro e, ent\u00e3o, educar, por isso compreende uma jornada de 5 m\u00f3dulos de cursos: come\u00e7ando com arte lixo-eletr\u00f4nico, empreendedorismo digital, manuten\u00e7\u00e3o de notebook, L\u00f3gica de programa\u00e7\u00e3o e Desenvolvimento de Software, tudo em intensos 3 meses, afinal quem tem fome tem pressa.<\/span><\/p><p>\u00a0<\/p><p dir=\"ltr\" style=\"line-height: 1.459008; text-align: justify; margin-top: 14pt; margin-bottom: 0pt;\"><span style=\"font-size: 11pt; font-family: Arial; color: #000000; background-color: transparent; font-weight: 400; font-style: normal; font-variant: normal; text-decoration: none; vertical-align: baseline; white-space: pre-wrap;\">As alunas recuperam notebooks obsoletos atrav\u00e9s de oficina de manuten\u00e7\u00e3o de computadores e levam para casa para continuarem os estudos, com a possibilidade de j\u00e1 prestarem servi\u00e7o.<\/span><\/p>\t\t\t\t\t\t\t\t<\/div>\n\t\t\t\t<\/div>\n\t\t\t\t\t<\/div>\n\t\t<\/div>\n\t\t\t\t\t<\/div>\n\t\t<\/section>\n\t\t\t\t<section class=\"elementor-section elementor-top-section elementor-element elementor-element-3fd0ca0 elementor-section-boxed elementor-section-height-default elementor-section-height-default\" data-id=\"3fd0ca0\" data-element_type=\"section\" data-e-type=\"section\">\n\t\t\t\t\t\t<div class=\"elementor-container elementor-column-gap-default\">\n\t\t\t\t\t<div class=\"elementor-column elementor-col-50 elementor-top-column elementor-element elementor-element-c8cec72\" data-id=\"c8cec72\" data-element_type=\"column\" data-e-type=\"column\">\n\t\t\t<div class=\"elementor-widget-wrap elementor-element-populated\">\n\t\t\t\t\t\t<div class=\"elementor-element elementor-element-c0b7e2c elementor-widget elementor-widget-text-editor\" data-id=\"c0b7e2c\" data-element_type=\"widget\" data-e-type=\"widget\" data-widget_type=\"text-editor.default\">\n\t\t\t\t<div class=\"elementor-widget-container\">\n\t\t\t\t\t\t\t\t\t<p dir=\"ltr\" style=\"line-height: 1.656; margin-top: 0pt; margin-bottom: 0pt;\"><span style=\"font-size: 11pt; font-family: Arial; color: #000000; background-color: transparent; font-weight: 400; font-style: normal; font-variant: normal; text-decoration: none; vertical-align: baseline; white-space: pre-wrap;\">J\u00e1 a disciplina de arte em lixo -eletr\u00f4nico, tem como finalidade:\u00a0<\/span><\/p><p><b id=\"docs-internal-guid-f4585e92-7fff-3b4a-0c2b-07a6e4b6ef5d\" style=\"font-weight: normal;\">\u00a0<\/b><\/p><p dir=\"ltr\" style=\"line-height: 1.656; margin-top: 0pt; margin-bottom: 0pt;\"><span style=\"font-size: 11pt; font-family: Arial; color: #000000; background-color: transparent; font-weight: 400; font-style: normal; font-variant: normal; text-decoration: none; vertical-align: baseline; white-space: pre-wrap;\">1-\u00a0 Conex\u00e3o emocional com as alunas de baixa renda:\u00a0 falar de bijouteria aproxima e funciona como um\u00a0 im\u00e3 de atra\u00e7\u00e3o para este p\u00fablico, quem nunca ligou com computador antes e passa a despertar interesse pela tecnologia e assim, atrav\u00e9s desta conquista de confian\u00e7a, \u00e9 poss\u00edvel transform\u00e1-las em desenvolvedoras de software.<\/span><\/p><p><br \/><span style=\"font-size: 11pt; font-family: Arial; color: #000000; background-color: transparent; font-variant-numeric: normal; font-variant-east-asian: normal; vertical-align: baseline; white-space: pre-wrap;\">2- Res\u00edduo Zero: computadores sem reuso, viram mat\u00e9ria prima, para\u00a0 o que foi registrado como marca bijoutexh<\/span><span style=\"font-size: 11pt; font-family: Arial; color: #000000; background-color: transparent; font-weight: bold; font-variant-numeric: normal; font-variant-east-asian: normal; vertical-align: baseline; white-space: pre-wrap;\">\u00ae<\/span><span style=\"font-size: 11pt; font-family: Arial; color: #000000; background-color: transparent; font-variant-numeric: normal; font-variant-east-asian: normal; vertical-align: baseline; white-space: pre-wrap;\">, seja confeccionados acess\u00f3rios femininos e artigos de decora\u00e7\u00e3o. <\/span><\/p>\t\t\t\t\t\t\t\t<\/div>\n\t\t\t\t<\/div>\n\t\t\t\t<div class=\"elementor-element elementor-element-9344387 elementor-widget elementor-widget-image\" data-id=\"9344387\" data-element_type=\"widget\" data-e-type=\"widget\" data-widget_type=\"image.default\">\n\t\t\t\t<div class=\"elementor-widget-container\">\n\t\t\t\t\t\t\t\t\t\t\t\t\t\t\t<img decoding=\"async\" src=\"https:\/\/indexwebsites.com.br\/tg\/wp-content\/uploads\/2022\/02\/lixo_Boticario_Desenvolve-3.png\" title=\"lixo_Boticario_Desenvolve (3)\" alt=\"lixo_Boticario_Desenvolve (3)\" loading=\"lazy\" class=\"no-lazyload\" \/>\t\t\t\t\t\t\t\t\t\t\t\t\t\t\t<\/div>\n\t\t\t\t<\/div>\n\t\t\t\t\t<\/div>\n\t\t<\/div>\n\t\t\t\t<div class=\"elementor-column elementor-col-50 elementor-top-column elementor-element elementor-element-6cd7b13\" data-id=\"6cd7b13\" data-element_type=\"column\" data-e-type=\"column\">\n\t\t\t<div class=\"elementor-widget-wrap elementor-element-populated\">\n\t\t\t\t\t\t<div class=\"elementor-element elementor-element-7c479c6 elementor-widget elementor-widget-image\" data-id=\"7c479c6\" data-element_type=\"widget\" data-e-type=\"widget\" data-widget_type=\"image.default\">\n\t\t\t\t<div class=\"elementor-widget-container\">\n\t\t\t\t\t\t\t\t\t\t\t\t\t\t\t<img loading=\"lazy\" decoding=\"async\" width=\"540\" height=\"540\" src=\"https:\/\/indexwebsites.com.br\/tg\/wp-content\/uploads\/2022\/02\/lixo_Boticario_Desenvolve-1.png\" class=\"attachment-large size-large wp-image-5869 no-lazyload\" alt=\"\" srcset=\"https:\/\/indexwebsites.com.br\/tg\/wp-content\/uploads\/2022\/02\/lixo_Boticario_Desenvolve-1.png 540w, https:\/\/indexwebsites.com.br\/tg\/wp-content\/uploads\/2022\/02\/lixo_Boticario_Desenvolve-1-300x300.png 300w, https:\/\/indexwebsites.com.br\/tg\/wp-content\/uploads\/2022\/02\/lixo_Boticario_Desenvolve-1-150x150.png 150w\" sizes=\"(max-width: 540px) 100vw, 540px\" \/>\t\t\t\t\t\t\t\t\t\t\t\t\t\t\t<\/div>\n\t\t\t\t<\/div>\n\t\t\t\t\t<\/div>\n\t\t<\/div>\n\t\t\t\t\t<\/div>\n\t\t<\/section>\n\t\t\t\t<section class=\"elementor-section elementor-top-section elementor-element elementor-element-16fd03b elementor-section-boxed elementor-section-height-default elementor-section-height-default\" data-id=\"16fd03b\" data-element_type=\"section\" data-e-type=\"section\">\n\t\t\t\t\t\t<div class=\"elementor-container elementor-column-gap-default\">\n\t\t\t\t\t<div class=\"elementor-column elementor-col-50 elementor-top-column elementor-element elementor-element-26260d3\" data-id=\"26260d3\" data-element_type=\"column\" data-e-type=\"column\">\n\t\t\t<div class=\"elementor-widget-wrap elementor-element-populated\">\n\t\t\t\t\t\t<div class=\"elementor-element elementor-element-afe596c elementor-widget elementor-widget-image\" data-id=\"afe596c\" data-element_type=\"widget\" data-e-type=\"widget\" data-widget_type=\"image.default\">\n\t\t\t\t<div class=\"elementor-widget-container\">\n\t\t\t\t\t\t\t\t\t\t\t\t\t\t\t<img loading=\"lazy\" decoding=\"async\" width=\"360\" height=\"480\" src=\"https:\/\/indexwebsites.com.br\/tg\/wp-content\/uploads\/2022\/11\/image-07-11-22-02-35.jpeg\" class=\"attachment-large size-large wp-image-8270 no-lazyload\" alt=\"\" srcset=\"https:\/\/indexwebsites.com.br\/tg\/wp-content\/uploads\/2022\/11\/image-07-11-22-02-35.jpeg 360w, https:\/\/indexwebsites.com.br\/tg\/wp-content\/uploads\/2022\/11\/image-07-11-22-02-35-225x300.jpeg 225w\" sizes=\"(max-width: 360px) 100vw, 360px\" \/>\t\t\t\t\t\t\t\t\t\t\t\t\t\t\t<\/div>\n\t\t\t\t<\/div>\n\t\t\t\t\t<\/div>\n\t\t<\/div>\n\t\t\t\t<div class=\"elementor-column elementor-col-50 elementor-top-column elementor-element elementor-element-0f3c887\" data-id=\"0f3c887\" data-element_type=\"column\" data-e-type=\"column\">\n\t\t\t<div class=\"elementor-widget-wrap elementor-element-populated\">\n\t\t\t\t\t\t<div class=\"elementor-element elementor-element-933d3be elementor-widget elementor-widget-text-editor\" data-id=\"933d3be\" data-element_type=\"widget\" data-e-type=\"widget\" data-widget_type=\"text-editor.default\">\n\t\t\t\t<div class=\"elementor-widget-container\">\n\t\t\t\t\t\t\t\t\t<p><b>Sobre ICI<\/b><\/p><p><span style=\"font-weight: 400;\">O ICI &#8211; Instituto das Cidades Inteligentes \u00e9 uma organiza\u00e7\u00e3o com atua\u00e7\u00e3o em todo o territ\u00f3rio nacional, refer\u00eancia em pesquisa, integra\u00e7\u00e3o, desenvolvimento e implementa\u00e7\u00e3o de solu\u00e7\u00f5es completas para a gest\u00e3o p\u00fablica.<\/span><\/p><p><span style=\"font-weight: 400;\">O Instituto prov\u00ea Tecnologia da Informa\u00e7\u00e3o e Comunica\u00e7\u00e3o para que as cidades possam ser inteligentes, desenvolvendo e operando solu\u00e7\u00f5es padronizadas ou sob medida, por meio de uma linha completa de produtos e servi\u00e7os em diversas \u00e1reas, sendo reconhecido pelo seu know-how e notoriedade no atendimento das demandas do setor p\u00fablico.<\/span><\/p><p><span style=\"font-weight: 400;\">Tecnologia da Informa\u00e7\u00e3o e Comunica\u00e7\u00e3o a servi\u00e7o dos administradores p\u00fablicos que investem na transforma\u00e7\u00e3o da gest\u00e3o com um crescimento econ\u00f4mico sustent\u00e1vel, uma governan\u00e7a participativa e mais qualidade de vida para os cidad\u00e3os. \u00c9 assim que o ICI vem inovando e revolucionando o setor brasileiro de servi\u00e7os em inform\u00e1tica, integrando a ind\u00fastria especializada, criando solu\u00e7\u00f5es modernas e desenvolvendo produtos para transformar as cidades brasileiras em Cidades Inteligentes com o uso da tecnologia.<\/span><\/p>\t\t\t\t\t\t\t\t<\/div>\n\t\t\t\t<\/div>\n\t\t\t\t\t<\/div>\n\t\t<\/div>\n\t\t\t\t\t<\/div>\n\t\t<\/section>\n\t\t\t\t<section class=\"elementor-section elementor-top-section elementor-element elementor-element-343072f elementor-section-boxed elementor-section-height-default elementor-section-height-default\" data-id=\"343072f\" data-element_type=\"section\" data-e-type=\"section\">\n\t\t\t\t\t\t<div class=\"elementor-container elementor-column-gap-default\">\n\t\t\t\t\t<div class=\"elementor-column elementor-col-100 elementor-top-column elementor-element elementor-element-bc7e661\" data-id=\"bc7e661\" data-element_type=\"column\" data-e-type=\"column\">\n\t\t\t<div class=\"elementor-widget-wrap\">\n\t\t\t\t\t\t\t<\/div>\n\t\t<\/div>\n\t\t\t\t\t<\/div>\n\t\t<\/section>\n\t\t\t\t<section class=\"elementor-section elementor-top-section elementor-element elementor-element-1e415e7 elementor-section-boxed elementor-section-height-default elementor-section-height-default\" data-id=\"1e415e7\" data-element_type=\"section\" data-e-type=\"section\">\n\t\t\t\t\t\t<div class=\"elementor-container elementor-column-gap-default\">\n\t\t\t\t\t<div class=\"elementor-column elementor-col-100 elementor-top-column elementor-element elementor-element-f085bd3\" data-id=\"f085bd3\" data-element_type=\"column\" data-e-type=\"column\">\n\t\t\t<div class=\"elementor-widget-wrap elementor-element-populated\">\n\t\t\t\t\t\t\t<\/div>\n\t\t<\/div>\n\t\t\t\t\t<\/div>\n\t\t<\/section>\n\t\t\t\t<\/div>\n\t\t","protected":false},"excerpt":{"rendered":"<p>ICI- Instituto de Cidade Inteligentes recebe Tech Girls na Semana Tecnol\u00f3gica Iniciativa apresenta como as Tech Girls aproximam mulheres carentes para a \u00e1rea de tecnologia da informa\u00e7\u00e3o Durante a Semana Tecnol\u00f3gica que ocorreu na sede em Curitiba do ICI- Instituto de Cidade Inteligentes, dias 17 a 21 de novembro, em Curitiba, os colaboradores inscritos tiveram [&hellip;]<\/p>\n","protected":false},"author":1,"featured_media":0,"parent":0,"menu_order":1,"comment_status":"closed","ping_status":"closed","template":"","meta":{"footnotes":""},"class_list":["post-8246","page","type-page","status-publish","hentry"],"_links":{"self":[{"href":"https:\/\/indexwebsites.com.br\/tg\/wp-json\/wp\/v2\/pages\/8246","targetHints":{"allow":["GET"]}}],"collection":[{"href":"https:\/\/indexwebsites.com.br\/tg\/wp-json\/wp\/v2\/pages"}],"about":[{"href":"https:\/\/indexwebsites.com.br\/tg\/wp-json\/wp\/v2\/types\/page"}],"author":[{"embeddable":true,"href":"https:\/\/indexwebsites.com.br\/tg\/wp-json\/wp\/v2\/users\/1"}],"replies":[{"embeddable":true,"href":"https:\/\/indexwebsites.com.br\/tg\/wp-json\/wp\/v2\/comments?post=8246"}],"version-history":[{"count":28,"href":"https:\/\/indexwebsites.com.br\/tg\/wp-json\/wp\/v2\/pages\/8246\/revisions"}],"predecessor-version":[{"id":9952,"href":"https:\/\/indexwebsites.com.br\/tg\/wp-json\/wp\/v2\/pages\/8246\/revisions\/9952"}],"wp:attachment":[{"href":"https:\/\/indexwebsites.com.br\/tg\/wp-json\/wp\/v2\/media?parent=8246"}],"curies":[{"name":"wp","href":"https:\/\/api.w.org\/{rel}","templated":true}]}}