{"id":8202,"date":"2022-11-01T11:07:48","date_gmt":"2022-11-01T14:07:48","guid":{"rendered":"https:\/\/techgirls.com.br\/?page_id=8202"},"modified":"2024-11-06T13:39:44","modified_gmt":"2024-11-06T16:39:44","slug":"doacaoempresa","status":"publish","type":"page","link":"https:\/\/indexwebsites.com.br\/tg\/doacaoempresa\/","title":{"rendered":"Doa\u00e7\u00e3o Lixo-Eletr\u00f4nico Empresas"},"content":{"rendered":"\t\t<div data-elementor-type=\"wp-page\" data-elementor-id=\"8202\" class=\"elementor elementor-8202\" data-elementor-post-type=\"page\">\n\t\t\t\t\t\t<section class=\"elementor-section elementor-top-section elementor-element elementor-element-80f48f6 elementor-section-boxed elementor-section-height-default elementor-section-height-default\" data-id=\"80f48f6\" data-element_type=\"section\" data-e-type=\"section\">\n\t\t\t\t\t\t<div class=\"elementor-container elementor-column-gap-default\">\n\t\t\t\t\t<div class=\"elementor-column elementor-col-100 elementor-top-column elementor-element elementor-element-49e5e3f\" data-id=\"49e5e3f\" data-element_type=\"column\" data-e-type=\"column\">\n\t\t\t<div class=\"elementor-widget-wrap elementor-element-populated\">\n\t\t\t\t\t\t<div class=\"elementor-element elementor-element-629b7f3 elementor-widget elementor-widget-heading\" data-id=\"629b7f3\" data-element_type=\"widget\" data-e-type=\"widget\" data-widget_type=\"heading.default\">\n\t\t\t\t<div class=\"elementor-widget-container\">\n\t\t\t\t\t<h2 class=\"elementor-heading-title elementor-size-default\">Sua Empresa apoiando a Tech Girls atrav\u00e9s da doa\u00e7\u00e3o do Lixo-Eletr\u00f4nico<\/h2>\t\t\t\t<\/div>\n\t\t\t\t<\/div>\n\t\t\t\t\t<\/div>\n\t\t<\/div>\n\t\t\t\t\t<\/div>\n\t\t<\/section>\n\t\t\t\t<section class=\"elementor-section elementor-top-section elementor-element elementor-element-896d970 elementor-section-boxed elementor-section-height-default elementor-section-height-default\" data-id=\"896d970\" data-element_type=\"section\" data-e-type=\"section\">\n\t\t\t\t\t\t<div class=\"elementor-container elementor-column-gap-default\">\n\t\t\t\t\t<div class=\"elementor-column elementor-col-100 elementor-top-column elementor-element elementor-element-26d823f\" data-id=\"26d823f\" data-element_type=\"column\" data-e-type=\"column\">\n\t\t\t<div class=\"elementor-widget-wrap elementor-element-populated\">\n\t\t\t\t\t\t<div class=\"elementor-element elementor-element-a7018b5 elementor-widget elementor-widget-image\" data-id=\"a7018b5\" data-element_type=\"widget\" data-e-type=\"widget\" data-widget_type=\"image.default\">\n\t\t\t\t<div class=\"elementor-widget-container\">\n\t\t\t\t\t\t\t\t\t\t\t\t\t\t\t<img decoding=\"async\" src=\"https:\/\/indexwebsites.com.br\/tg\/wp-content\/uploads\/2022\/11\/Fotos-Site-Set-22-2.png\" title=\"\" alt=\"\" loading=\"lazy\" class=\"no-lazyload\" \/>\t\t\t\t\t\t\t\t\t\t\t\t\t\t\t<\/div>\n\t\t\t\t<\/div>\n\t\t\t\t\t<\/div>\n\t\t<\/div>\n\t\t\t\t\t<\/div>\n\t\t<\/section>\n\t\t\t\t<section class=\"elementor-section elementor-top-section elementor-element elementor-element-e1cc357 elementor-section-boxed elementor-section-height-default elementor-section-height-default\" data-id=\"e1cc357\" data-element_type=\"section\" data-e-type=\"section\">\n\t\t\t\t\t\t<div class=\"elementor-container elementor-column-gap-default\">\n\t\t\t\t\t<div class=\"elementor-column elementor-col-50 elementor-top-column elementor-element elementor-element-19cc1ca\" data-id=\"19cc1ca\" data-element_type=\"column\" data-e-type=\"column\">\n\t\t\t<div class=\"elementor-widget-wrap elementor-element-populated\">\n\t\t\t\t\t\t<div class=\"elementor-element elementor-element-2efc848 elementor-widget elementor-widget-text-editor\" data-id=\"2efc848\" data-element_type=\"widget\" data-e-type=\"widget\" data-widget_type=\"text-editor.default\">\n\t\t\t\t<div class=\"elementor-widget-container\">\n\t\t\t\t\t\t\t\t\t<p><span style=\"font-weight: 400;\">Na sua empresa ou at\u00e9 mesmo na sua casa, certamente, voc\u00ea j\u00e1 se deparou com equipamentos de inform\u00e1tica encostados, seja porque os considera obsoletos ou porque est\u00e3o quebrados. \u00c9 justamente esse tipo de mat\u00e9ria-prima que nas m\u00e3os das alunas do curso Tech Girls de manuten\u00e7\u00e3o de computadores e celulares, est\u00e3o sendo restaurados e est\u00e3o transformando a vida de mulheres em vulnerabilidade social.<\/span><\/p><p>\u00a0<\/p><p><span style=\"font-weight: 400;\">Para as alunas conquistarem o direito de poderem levar o equipamento reciclado para a casa, al\u00e9m delas pr\u00f3prias serem respons\u00e1veis pela formata\u00e7\u00e3o, revis\u00e3o e remontagem dos eletr\u00f4nicos, elas antes passam por capacita\u00e7\u00e3o profissional e imers\u00e3o digital, para que possam explorar ao m\u00e1ximo os recursos tecnol\u00f3gicos para obterem renda e emprego na \u00e1rea da tecnologia da informa\u00e7\u00e3o.<\/span><\/p>\t\t\t\t\t\t\t\t<\/div>\n\t\t\t\t<\/div>\n\t\t\t\t\t<\/div>\n\t\t<\/div>\n\t\t\t\t<div class=\"elementor-column elementor-col-50 elementor-top-column elementor-element elementor-element-e51d803\" data-id=\"e51d803\" data-element_type=\"column\" data-e-type=\"column\">\n\t\t\t<div class=\"elementor-widget-wrap elementor-element-populated\">\n\t\t\t\t\t\t<div class=\"elementor-element elementor-element-a9391f9 elementor-widget elementor-widget-image\" data-id=\"a9391f9\" data-element_type=\"widget\" data-e-type=\"widget\" data-widget_type=\"image.default\">\n\t\t\t\t<div class=\"elementor-widget-container\">\n\t\t\t\t\t\t\t\t\t\t\t\t\t\t\t<img fetchpriority=\"high\" decoding=\"async\" width=\"300\" height=\"300\" src=\"https:\/\/indexwebsites.com.br\/tg\/wp-content\/uploads\/2022\/08\/Portfolio-2-300x300.png\" class=\"attachment-medium size-medium wp-image-8028 no-lazyload\" alt=\"\" srcset=\"https:\/\/indexwebsites.com.br\/tg\/wp-content\/uploads\/2022\/08\/Portfolio-2-300x300.png 300w, https:\/\/indexwebsites.com.br\/tg\/wp-content\/uploads\/2022\/08\/Portfolio-2-150x150.png 150w, https:\/\/indexwebsites.com.br\/tg\/wp-content\/uploads\/2022\/08\/Portfolio-2.png 540w\" sizes=\"(max-width: 300px) 100vw, 300px\" \/>\t\t\t\t\t\t\t\t\t\t\t\t\t\t\t<\/div>\n\t\t\t\t<\/div>\n\t\t\t\t\t<\/div>\n\t\t<\/div>\n\t\t\t\t\t<\/div>\n\t\t<\/section>\n\t\t\t\t<section class=\"elementor-section elementor-top-section elementor-element elementor-element-786441e elementor-section-boxed elementor-section-height-default elementor-section-height-default\" data-id=\"786441e\" data-element_type=\"section\" data-e-type=\"section\">\n\t\t\t\t\t\t<div class=\"elementor-container elementor-column-gap-default\">\n\t\t\t\t\t<div class=\"elementor-column elementor-col-100 elementor-top-column elementor-element elementor-element-37fd274\" data-id=\"37fd274\" data-element_type=\"column\" data-e-type=\"column\">\n\t\t\t<div class=\"elementor-widget-wrap elementor-element-populated\">\n\t\t\t\t\t\t<div class=\"elementor-element elementor-element-d56db06 elementor-widget elementor-widget-text-editor\" data-id=\"d56db06\" data-element_type=\"widget\" data-e-type=\"widget\" data-widget_type=\"text-editor.default\">\n\t\t\t\t<div class=\"elementor-widget-container\">\n\t\t\t\t\t\t\t\t\t<p>Veja como funciona a log\u00edstica reversa das Tech Girls em todo o Brasil:<\/p>\t\t\t\t\t\t\t\t<\/div>\n\t\t\t\t<\/div>\n\t\t\t\t\t<\/div>\n\t\t<\/div>\n\t\t\t\t\t<\/div>\n\t\t<\/section>\n\t\t\t\t<section class=\"elementor-section elementor-top-section elementor-element elementor-element-081ef21 elementor-section-boxed elementor-section-height-default elementor-section-height-default\" data-id=\"081ef21\" data-element_type=\"section\" data-e-type=\"section\">\n\t\t\t\t\t\t<div class=\"elementor-container elementor-column-gap-default\">\n\t\t\t\t\t<div class=\"elementor-column elementor-col-100 elementor-top-column elementor-element elementor-element-11f24d8\" data-id=\"11f24d8\" data-element_type=\"column\" data-e-type=\"column\">\n\t\t\t<div class=\"elementor-widget-wrap elementor-element-populated\">\n\t\t\t\t\t\t<div class=\"elementor-element elementor-element-d01bab9 elementor-widget elementor-widget-image\" data-id=\"d01bab9\" data-element_type=\"widget\" data-e-type=\"widget\" data-widget_type=\"image.default\">\n\t\t\t\t<div class=\"elementor-widget-container\">\n\t\t\t\t\t\t\t\t\t\t\t\t\t\t\t<img decoding=\"async\" width=\"800\" height=\"450\" src=\"https:\/\/indexwebsites.com.br\/tg\/wp-content\/uploads\/2022\/11\/Fotos-Site-Set-22-1.png\" class=\"attachment-large size-large wp-image-8208 no-lazyload\" alt=\"\" srcset=\"https:\/\/indexwebsites.com.br\/tg\/wp-content\/uploads\/2022\/11\/Fotos-Site-Set-22-1.png 960w, https:\/\/indexwebsites.com.br\/tg\/wp-content\/uploads\/2022\/11\/Fotos-Site-Set-22-1-300x169.png 300w, https:\/\/indexwebsites.com.br\/tg\/wp-content\/uploads\/2022\/11\/Fotos-Site-Set-22-1-768x432.png 768w\" sizes=\"(max-width: 800px) 100vw, 800px\" \/>\t\t\t\t\t\t\t\t\t\t\t\t\t\t\t<\/div>\n\t\t\t\t<\/div>\n\t\t\t\t\t<\/div>\n\t\t<\/div>\n\t\t\t\t\t<\/div>\n\t\t<\/section>\n\t\t\t\t<section class=\"elementor-section elementor-top-section elementor-element elementor-element-ffd2d57 elementor-section-boxed elementor-section-height-default elementor-section-height-default\" data-id=\"ffd2d57\" data-element_type=\"section\" data-e-type=\"section\">\n\t\t\t\t\t\t<div class=\"elementor-container elementor-column-gap-default\">\n\t\t\t\t\t<div class=\"elementor-column elementor-col-50 elementor-top-column elementor-element elementor-element-2234991\" data-id=\"2234991\" data-element_type=\"column\" data-e-type=\"column\">\n\t\t\t<div class=\"elementor-widget-wrap elementor-element-populated\">\n\t\t\t\t\t\t<div class=\"elementor-element elementor-element-d60a062 elementor-widget elementor-widget-image\" data-id=\"d60a062\" data-element_type=\"widget\" data-e-type=\"widget\" data-widget_type=\"image.default\">\n\t\t\t\t<div class=\"elementor-widget-container\">\n\t\t\t\t\t\t\t\t\t\t\t\t\t\t\t<img decoding=\"async\" width=\"300\" height=\"300\" src=\"https:\/\/indexwebsites.com.br\/tg\/wp-content\/uploads\/2022\/08\/Portfolio-3-300x300.png\" class=\"attachment-medium size-medium wp-image-8042 no-lazyload\" alt=\"\" srcset=\"https:\/\/indexwebsites.com.br\/tg\/wp-content\/uploads\/2022\/08\/Portfolio-3-300x300.png 300w, https:\/\/indexwebsites.com.br\/tg\/wp-content\/uploads\/2022\/08\/Portfolio-3-150x150.png 150w, https:\/\/indexwebsites.com.br\/tg\/wp-content\/uploads\/2022\/08\/Portfolio-3.png 540w\" sizes=\"(max-width: 300px) 100vw, 300px\" \/>\t\t\t\t\t\t\t\t\t\t\t\t\t\t\t<\/div>\n\t\t\t\t<\/div>\n\t\t\t\t\t<\/div>\n\t\t<\/div>\n\t\t\t\t<div class=\"elementor-column elementor-col-50 elementor-top-column elementor-element elementor-element-fa8e484\" data-id=\"fa8e484\" data-element_type=\"column\" data-e-type=\"column\">\n\t\t\t<div class=\"elementor-widget-wrap elementor-element-populated\">\n\t\t\t\t\t\t<div class=\"elementor-element elementor-element-18c41e0 elementor-widget elementor-widget-text-editor\" data-id=\"18c41e0\" data-element_type=\"widget\" data-e-type=\"widget\" data-widget_type=\"text-editor.default\">\n\t\t\t\t<div class=\"elementor-widget-container\">\n\t\t\t\t\t\t\t\t\t<p><span style=\"font-weight: 400;\">As pe\u00e7as recebidas em doa\u00e7\u00e3o e classificadas como sucatas, viram diversos acess\u00f3rios femininos, como brincos e colares, compondo um look que, al\u00e9m de moderno, carrega uma importante mensagem de sustentabilidade e reciclagem. Tais pe\u00e7as que recebem o nome de Bijouxtechs\u00ae<\/span> <span style=\"font-weight: 400;\">s\u00e3o elaboradas nas oficinas de arte em lixo eletr\u00f4nico e o valor arrecadado com a venda destes acess\u00f3rios,&nbsp; s\u00e3o revertidas para as alunas Tech Girls.&nbsp;<\/span><\/p><p><span style=\"font-weight: 400;\"><br><\/span><\/p>\t\t\t\t\t\t\t\t<\/div>\n\t\t\t\t<\/div>\n\t\t\t\t<div class=\"elementor-element elementor-element-92267c2 elementor-widget elementor-widget-text-editor\" data-id=\"92267c2\" data-element_type=\"widget\" data-e-type=\"widget\" data-widget_type=\"text-editor.default\">\n\t\t\t\t<div class=\"elementor-widget-container\">\n\t\t\t\t\t\t\t\t\t<p><span style=\"font-weight: 400;\">Desde sua funda\u00e7\u00e3o em 2017, as Tech Girls j\u00e1 transformaram cerca de 580 vidas femininas atrav\u00e9s de educa\u00e7\u00e3o gratuita em tecnologia, conquistado em 2021, a premia\u00e7\u00e3o na categoria socioambiental pela prefeitura de Curitiba.<\/span><\/p>\t\t\t\t\t\t\t\t<\/div>\n\t\t\t\t<\/div>\n\t\t\t\t\t<\/div>\n\t\t<\/div>\n\t\t\t\t\t<\/div>\n\t\t<\/section>\n\t\t\t\t<section class=\"elementor-section elementor-top-section elementor-element elementor-element-4f71ce2 elementor-section-boxed elementor-section-height-default elementor-section-height-default\" data-id=\"4f71ce2\" data-element_type=\"section\" data-e-type=\"section\">\n\t\t\t\t\t\t<div class=\"elementor-container elementor-column-gap-default\">\n\t\t\t\t\t<div class=\"elementor-column elementor-col-50 elementor-top-column elementor-element elementor-element-7e8f28d\" data-id=\"7e8f28d\" data-element_type=\"column\" data-e-type=\"column\">\n\t\t\t<div class=\"elementor-widget-wrap elementor-element-populated\">\n\t\t\t\t\t\t<div class=\"elementor-element elementor-element-b1d351c elementor-widget elementor-widget-image\" data-id=\"b1d351c\" data-element_type=\"widget\" data-e-type=\"widget\" data-widget_type=\"image.default\">\n\t\t\t\t<div class=\"elementor-widget-container\">\n\t\t\t\t\t\t\t\t\t\t\t\t\t\t\t<img loading=\"lazy\" decoding=\"async\" width=\"432\" height=\"432\" src=\"https:\/\/indexwebsites.com.br\/tg\/wp-content\/uploads\/2023\/01\/hardware_alunas_tech_Girls.png\" class=\"attachment-medium_large size-medium_large wp-image-9214 no-lazyload\" alt=\"\" srcset=\"https:\/\/indexwebsites.com.br\/tg\/wp-content\/uploads\/2023\/01\/hardware_alunas_tech_Girls.png 432w, https:\/\/indexwebsites.com.br\/tg\/wp-content\/uploads\/2023\/01\/hardware_alunas_tech_Girls-300x300.png 300w, https:\/\/indexwebsites.com.br\/tg\/wp-content\/uploads\/2023\/01\/hardware_alunas_tech_Girls-150x150.png 150w\" sizes=\"(max-width: 432px) 100vw, 432px\" \/>\t\t\t\t\t\t\t\t\t\t\t\t\t\t\t<\/div>\n\t\t\t\t<\/div>\n\t\t\t\t\t<\/div>\n\t\t<\/div>\n\t\t\t\t<div class=\"elementor-column elementor-col-50 elementor-top-column elementor-element elementor-element-9070201\" data-id=\"9070201\" data-element_type=\"column\" data-e-type=\"column\">\n\t\t\t<div class=\"elementor-widget-wrap elementor-element-populated\">\n\t\t\t\t\t\t<div class=\"elementor-element elementor-element-ff8e6ba elementor-widget elementor-widget-text-editor\" data-id=\"ff8e6ba\" data-element_type=\"widget\" data-e-type=\"widget\" data-widget_type=\"text-editor.default\">\n\t\t\t\t<div class=\"elementor-widget-container\">\n\t\t\t\t\t\t\t\t\t<p><span style=\"font-weight: 400;\">\u00a0Brasil \u00e9 o quinto maior produtor de lixo eletr\u00f4nico no mundo e o maior na Am\u00e9rica Latina, descartando cerca de 2,1 mil toneladas de res\u00edduos eletr\u00f4nicos todo ano. Na contram\u00e3o desses n\u00fameros, nosso pa\u00eds recicla apenas 3% desse total.\u00a0 Fonte: relat\u00f3rio publicado pela ISWA, que \u00e9\u00a0 parte do programa <\/span><a href=\"https:\/\/www.iswa.org\/home\/news\/news-detail\/article\/-21c8325490\/109\/\"><span style=\"font-weight: 400;\">Global E-waste Monitor 2020<\/span><\/a><\/p><p><span style=\"font-weight: 400;\">A Tech Girls, ao longo de quase 6 anos de projeto, j\u00e1 reciclou cerca de 0,02% do que foi reciclado no Brasil.<\/span><\/p>\t\t\t\t\t\t\t\t<\/div>\n\t\t\t\t<\/div>\n\t\t\t\t\t<\/div>\n\t\t<\/div>\n\t\t\t\t\t<\/div>\n\t\t<\/section>\n\t\t\t\t<section class=\"elementor-section elementor-top-section elementor-element elementor-element-24b01e1 elementor-section-boxed elementor-section-height-default elementor-section-height-default\" data-id=\"24b01e1\" data-element_type=\"section\" data-e-type=\"section\">\n\t\t\t\t\t\t<div class=\"elementor-container elementor-column-gap-default\">\n\t\t\t\t\t<div class=\"elementor-column elementor-col-100 elementor-top-column elementor-element elementor-element-d84564d\" data-id=\"d84564d\" data-element_type=\"column\" data-e-type=\"column\">\n\t\t\t<div class=\"elementor-widget-wrap elementor-element-populated\">\n\t\t\t\t\t\t<div class=\"elementor-element elementor-element-fc26126 elementor-widget elementor-widget-text-editor\" data-id=\"fc26126\" data-element_type=\"widget\" data-e-type=\"widget\" data-widget_type=\"text-editor.default\">\n\t\t\t\t<div class=\"elementor-widget-container\">\n\t\t\t\t\t\t\t\t\t<p>Como as empresas podem ajudar:<\/p>\t\t\t\t\t\t\t\t<\/div>\n\t\t\t\t<\/div>\n\t\t\t\t\t<\/div>\n\t\t<\/div>\n\t\t\t\t\t<\/div>\n\t\t<\/section>\n\t\t\t\t<section class=\"elementor-section elementor-top-section elementor-element elementor-element-18df943 elementor-section-boxed elementor-section-height-default elementor-section-height-default\" data-id=\"18df943\" data-element_type=\"section\" data-e-type=\"section\">\n\t\t\t\t\t\t<div class=\"elementor-container elementor-column-gap-default\">\n\t\t\t\t\t<div class=\"elementor-column elementor-col-33 elementor-top-column elementor-element elementor-element-97dfee4\" data-id=\"97dfee4\" data-element_type=\"column\" data-e-type=\"column\">\n\t\t\t<div class=\"elementor-widget-wrap elementor-element-populated\">\n\t\t\t\t\t\t<div class=\"elementor-element elementor-element-2f69c74 elementor-align-center elementor-widget elementor-widget-button\" data-id=\"2f69c74\" data-element_type=\"widget\" data-e-type=\"widget\" data-widget_type=\"button.default\">\n\t\t\t\t<div class=\"elementor-widget-container\">\n\t\t\t\t\t\t\t\t\t<div class=\"elementor-button-wrapper\">\n\t\t\t\t\t<a class=\"elementor-button elementor-size-md\" role=\"button\">\n\t\t\t\t\t\t<span class=\"elementor-button-content-wrapper\">\n\t\t\t\t\t\t\t\t\t<span class=\"elementor-button-text\">Arrecada\u00e7\u00e3o em Empresas<\/span>\n\t\t\t\t\t<\/span>\n\t\t\t\t\t<\/a>\n\t\t\t\t<\/div>\n\t\t\t\t\t\t\t\t<\/div>\n\t\t\t\t<\/div>\n\t\t\t\t\t<\/div>\n\t\t<\/div>\n\t\t\t\t<div class=\"elementor-column elementor-col-33 elementor-top-column elementor-element elementor-element-b8fec86\" data-id=\"b8fec86\" data-element_type=\"column\" data-e-type=\"column\">\n\t\t\t<div class=\"elementor-widget-wrap elementor-element-populated\">\n\t\t\t\t\t\t<div class=\"elementor-element elementor-element-2c7aecb elementor-widget elementor-widget-button\" data-id=\"2c7aecb\" data-element_type=\"widget\" data-e-type=\"widget\" data-widget_type=\"button.default\">\n\t\t\t\t<div class=\"elementor-widget-container\">\n\t\t\t\t\t\t\t\t\t<div class=\"elementor-button-wrapper\">\n\t\t\t\t\t<a class=\"elementor-button elementor-button-link elementor-size-md\" href=\"#\">\n\t\t\t\t\t\t<span class=\"elementor-button-content-wrapper\">\n\t\t\t\t\t\t\t\t\t<span class=\"elementor-button-text\">Doa\u00e7\u00e3o de Empresas Lixo-Eletr\u00f4nico<\/span>\n\t\t\t\t\t<\/span>\n\t\t\t\t\t<\/a>\n\t\t\t\t<\/div>\n\t\t\t\t\t\t\t\t<\/div>\n\t\t\t\t<\/div>\n\t\t\t\t\t<\/div>\n\t\t<\/div>\n\t\t\t\t<div class=\"elementor-column elementor-col-33 elementor-top-column elementor-element elementor-element-97c3657\" data-id=\"97c3657\" data-element_type=\"column\" data-e-type=\"column\">\n\t\t\t<div class=\"elementor-widget-wrap elementor-element-populated\">\n\t\t\t\t\t\t<div class=\"elementor-element elementor-element-69a29ce elementor-align-center elementor-widget elementor-widget-button\" data-id=\"69a29ce\" data-element_type=\"widget\" data-e-type=\"widget\" data-widget_type=\"button.default\">\n\t\t\t\t<div class=\"elementor-widget-container\">\n\t\t\t\t\t\t\t\t\t<div class=\"elementor-button-wrapper\">\n\t\t\t\t\t<a class=\"elementor-button elementor-button-link elementor-size-md\" href=\"#\">\n\t\t\t\t\t\t<span class=\"elementor-button-content-wrapper\">\n\t\t\t\t\t\t\t\t\t<span class=\"elementor-button-text\">Patroc\u00ednio | Editais | Palestras <\/span>\n\t\t\t\t\t<\/span>\n\t\t\t\t\t<\/a>\n\t\t\t\t<\/div>\n\t\t\t\t\t\t\t\t<\/div>\n\t\t\t\t<\/div>\n\t\t\t\t\t<\/div>\n\t\t<\/div>\n\t\t\t\t\t<\/div>\n\t\t<\/section>\n\t\t\t\t<section class=\"elementor-section elementor-top-section elementor-element elementor-element-5a8a5e5 elementor-section-boxed elementor-section-height-default elementor-section-height-default\" data-id=\"5a8a5e5\" data-element_type=\"section\" data-e-type=\"section\">\n\t\t\t\t\t\t<div class=\"elementor-container elementor-column-gap-default\">\n\t\t\t\t\t<div class=\"elementor-column elementor-col-100 elementor-top-column elementor-element elementor-element-b13b44c\" data-id=\"b13b44c\" data-element_type=\"column\" data-e-type=\"column\">\n\t\t\t<div class=\"elementor-widget-wrap elementor-element-populated\">\n\t\t\t\t\t\t<div class=\"elementor-element elementor-element-dacb9aa elementor-widget elementor-widget-text-editor\" data-id=\"dacb9aa\" data-element_type=\"widget\" data-e-type=\"widget\" data-widget_type=\"text-editor.default\">\n\t\t\t\t<div class=\"elementor-widget-container\">\n\t\t\t\t\t\t\t\t\t<p>Para entender o processo de aprendizado, essa \u00e9 a metodologia pr\u00f3pria Tech Girls de Ensino Afetivo de Tecnologia:<\/p><p dir=\"ltr\" style=\"line-height: 1.38; margin-top: 0pt; margin-bottom: 0pt;\">\u00a0<\/p>\t\t\t\t\t\t\t\t<\/div>\n\t\t\t\t<\/div>\n\t\t\t\t<div class=\"elementor-element elementor-element-f021611 elementor-widget elementor-widget-spacer\" data-id=\"f021611\" data-element_type=\"widget\" data-e-type=\"widget\" data-widget_type=\"spacer.default\">\n\t\t\t\t<div class=\"elementor-widget-container\">\n\t\t\t\t\t\t\t<div class=\"elementor-spacer\">\n\t\t\t<div class=\"elementor-spacer-inner\"><\/div>\n\t\t<\/div>\n\t\t\t\t\t\t<\/div>\n\t\t\t\t<\/div>\n\t\t\t\t<div class=\"elementor-element elementor-element-5e46f9d elementor-widget elementor-widget-image\" data-id=\"5e46f9d\" data-element_type=\"widget\" data-e-type=\"widget\" data-widget_type=\"image.default\">\n\t\t\t\t<div class=\"elementor-widget-container\">\n\t\t\t\t\t\t\t\t\t\t\t\t\t\t\t<img loading=\"lazy\" decoding=\"async\" width=\"800\" height=\"450\" src=\"https:\/\/indexwebsites.com.br\/tg\/wp-content\/uploads\/2022\/06\/Viasoft_TECH-GIRLS_.pptx.png\" class=\"attachment-large size-large wp-image-7561 no-lazyload\" alt=\"\" srcset=\"https:\/\/indexwebsites.com.br\/tg\/wp-content\/uploads\/2022\/06\/Viasoft_TECH-GIRLS_.pptx.png 960w, https:\/\/indexwebsites.com.br\/tg\/wp-content\/uploads\/2022\/06\/Viasoft_TECH-GIRLS_.pptx-300x169.png 300w, https:\/\/indexwebsites.com.br\/tg\/wp-content\/uploads\/2022\/06\/Viasoft_TECH-GIRLS_.pptx-768x432.png 768w\" sizes=\"(max-width: 800px) 100vw, 800px\" \/>\t\t\t\t\t\t\t\t\t\t\t\t\t\t\t<\/div>\n\t\t\t\t<\/div>\n\t\t\t\t<div class=\"elementor-element elementor-element-71e9ebd elementor-align-center elementor-widget elementor-widget-button\" data-id=\"71e9ebd\" data-element_type=\"widget\" data-e-type=\"widget\" data-widget_type=\"button.default\">\n\t\t\t\t<div class=\"elementor-widget-container\">\n\t\t\t\t\t\t\t\t\t<div class=\"elementor-button-wrapper\">\n\t\t\t\t\t<a class=\"elementor-button elementor-button-link elementor-size-sm\" href=\"http:\/\/www.techgirls.com.br\/metodologia\">\n\t\t\t\t\t\t<span class=\"elementor-button-content-wrapper\">\n\t\t\t\t\t\t\t\t\t<span class=\"elementor-button-text\">Mais detalhes <\/span>\n\t\t\t\t\t<\/span>\n\t\t\t\t\t<\/a>\n\t\t\t\t<\/div>\n\t\t\t\t\t\t\t\t<\/div>\n\t\t\t\t<\/div>\n\t\t\t\t\t<\/div>\n\t\t<\/div>\n\t\t\t\t\t<\/div>\n\t\t<\/section>\n\t\t\t\t<\/div>\n\t\t","protected":false},"excerpt":{"rendered":"<p>Sua Empresa apoiando a Tech Girls atrav\u00e9s da doa\u00e7\u00e3o do Lixo-Eletr\u00f4nico Na sua empresa ou at\u00e9 mesmo na sua casa, certamente, voc\u00ea j\u00e1 se deparou com equipamentos de inform\u00e1tica encostados, seja porque os considera obsoletos ou porque est\u00e3o quebrados. \u00c9 justamente esse tipo de mat\u00e9ria-prima que nas m\u00e3os das alunas do curso Tech Girls de [&hellip;]<\/p>\n","protected":false},"author":1,"featured_media":0,"parent":0,"menu_order":3,"comment_status":"closed","ping_status":"closed","template":"","meta":{"footnotes":""},"class_list":["post-8202","page","type-page","status-publish","hentry"],"_links":{"self":[{"href":"https:\/\/indexwebsites.com.br\/tg\/wp-json\/wp\/v2\/pages\/8202","targetHints":{"allow":["GET"]}}],"collection":[{"href":"https:\/\/indexwebsites.com.br\/tg\/wp-json\/wp\/v2\/pages"}],"about":[{"href":"https:\/\/indexwebsites.com.br\/tg\/wp-json\/wp\/v2\/types\/page"}],"author":[{"embeddable":true,"href":"https:\/\/indexwebsites.com.br\/tg\/wp-json\/wp\/v2\/users\/1"}],"replies":[{"embeddable":true,"href":"https:\/\/indexwebsites.com.br\/tg\/wp-json\/wp\/v2\/comments?post=8202"}],"version-history":[{"count":37,"href":"https:\/\/indexwebsites.com.br\/tg\/wp-json\/wp\/v2\/pages\/8202\/revisions"}],"predecessor-version":[{"id":12370,"href":"https:\/\/indexwebsites.com.br\/tg\/wp-json\/wp\/v2\/pages\/8202\/revisions\/12370"}],"wp:attachment":[{"href":"https:\/\/indexwebsites.com.br\/tg\/wp-json\/wp\/v2\/media?parent=8202"}],"curies":[{"name":"wp","href":"https:\/\/api.w.org\/{rel}","templated":true}]}}