{"id":70,"date":"2020-03-03T13:52:36","date_gmt":"2020-03-03T16:52:36","guid":{"rendered":"https:\/\/techgirls.com.br\/?page_id=70"},"modified":"2022-03-14T23:29:18","modified_gmt":"2022-03-15T02:29:18","slug":"voluntarias-techgirls-mulherestecnologia","status":"publish","type":"page","link":"https:\/\/indexwebsites.com.br\/tg\/voluntarias-techgirls-mulherestecnologia\/","title":{"rendered":"Seja Volunt\u00e1ria"},"content":{"rendered":"\t\t<div data-elementor-type=\"wp-page\" data-elementor-id=\"70\" class=\"elementor elementor-70\" data-elementor-post-type=\"page\">\n\t\t\t\t\t\t<section class=\"elementor-section elementor-top-section elementor-element elementor-element-6042ee9 elementor-section-boxed elementor-section-height-default elementor-section-height-default\" data-id=\"6042ee9\" data-element_type=\"section\" data-e-type=\"section\">\n\t\t\t\t\t\t<div class=\"elementor-container elementor-column-gap-default\">\n\t\t\t\t\t<div class=\"elementor-column elementor-col-66 elementor-top-column elementor-element elementor-element-609f645\" data-id=\"609f645\" data-element_type=\"column\" data-e-type=\"column\">\n\t\t\t<div class=\"elementor-widget-wrap elementor-element-populated\">\n\t\t\t\t\t\t<div class=\"elementor-element elementor-element-b157473 elementor-widget elementor-widget-text-editor\" data-id=\"b157473\" data-element_type=\"widget\" data-e-type=\"widget\" data-widget_type=\"text-editor.default\">\n\t\t\t\t<div class=\"elementor-widget-container\">\n\t\t\t\t\t\t\t\t\t<p>SEJA VOLUNT\u00c1RIA<\/p>\t\t\t\t\t\t\t\t<\/div>\n\t\t\t\t<\/div>\n\t\t\t\t<div class=\"elementor-element elementor-element-85718e3 elementor-widget elementor-widget-text-editor\" data-id=\"85718e3\" data-element_type=\"widget\" data-e-type=\"widget\" data-widget_type=\"text-editor.default\">\n\t\t\t\t<div class=\"elementor-widget-container\">\n\t\t\t\t\t\t\t\t\t<p><span id=\"gmail-docs-internal-guid-c66c85eb-7fff-f2ac-5b0c-d3cb89bf0b4c\">O grupo social Tech Girls Brasil nasceu para levar conhecimento sobre a tecnologia para donas de casa de \u00e1reas carentes, para que estas possam empreender, voltar\/iniciar ao mercado de trabalho, obtendo autonomia financeira e melhorar a autoestima.<\/span><\/p><div>Como o projeto que \u00e9 totalmente sem fins lucrativo conta com a ajuda das volunt\u00e1rias para que possam ajudar na sala de aula, sendo que as alunas, em geral, tem baixo conhecimento digital.<\/div><div>\u00a0<\/div><div>Baixar aplicativo, cria\u00e7\u00e3o de email, cria\u00e7\u00e3o de perfil em redes sociais s\u00e3o algumas destas atividades que precisam de ajuda de volunt\u00e1rias. Depois de uma explica\u00e7\u00e3o apresentada em projetor na sala de aula, as alunas s\u00e3o convidadas a executarem a atividade no celular ou no laptop. Durante este per\u00edodo as volunt\u00e1rias s\u00e3o acionadas para esclarecer ajuda pontuais, uma a uma das participantes.<\/div><div>\u00a0<\/div><div>Durante a pandemia as aulas est\u00e3o sendo realizadas online, logo a contribui\u00e7\u00e3o das volunt\u00e1rias poder\u00e3o ser:\u00a0<\/div><div><ul><li>Elabora\u00e7\u00e3o de conte\u00fado para aulas ( Power Point contendo as telas do assunto em quest\u00e3o)<\/li><li>Apresenta\u00e7\u00e3o e grava\u00e7\u00e3o de v\u00eddeo aula elaborada pela volunt\u00e1ria a ser publicado no Youtube<\/li><li>Retirada de equipamentos doados por terceiros ( Campanha doa\u00e7\u00e3o de laptops)<\/li><li>Tem alguma outra forma que nos ajudar? Sua sugest\u00e3o \u00e9 bem vinda!\u00a0<\/li><\/ul><\/div>\t\t\t\t\t\t\t\t<\/div>\n\t\t\t\t<\/div>\n\t\t\t\t\t<\/div>\n\t\t<\/div>\n\t\t\t\t<div class=\"elementor-column elementor-col-33 elementor-top-column elementor-element elementor-element-fe5f03f\" data-id=\"fe5f03f\" data-element_type=\"column\" data-e-type=\"column\">\n\t\t\t<div class=\"elementor-widget-wrap elementor-element-populated\">\n\t\t\t\t\t\t<div class=\"elementor-element elementor-element-e83e312 elementor-widget elementor-widget-image\" data-id=\"e83e312\" data-element_type=\"widget\" data-e-type=\"widget\" data-widget_type=\"image.default\">\n\t\t\t\t<div class=\"elementor-widget-container\">\n\t\t\t\t\t\t\t\t\t\t\t\t\t\t\t<img fetchpriority=\"high\" decoding=\"async\" width=\"310\" height=\"432\" src=\"https:\/\/indexwebsites.com.br\/tg\/wp-content\/uploads\/2020\/05\/Captura-de-Tela-2020-03-04-a\u0300s-12.49.31-e1588450358658.jpg\" class=\"attachment-full size-full wp-image-1004 no-lazyload\" alt=\"\" \/>\t\t\t\t\t\t\t\t\t\t\t\t\t\t\t<\/div>\n\t\t\t\t<\/div>\n\t\t\t\t\t<\/div>\n\t\t<\/div>\n\t\t\t\t\t<\/div>\n\t\t<\/section>\n\t\t\t\t<section class=\"elementor-section elementor-top-section elementor-element elementor-element-53fc34b elementor-section-boxed elementor-section-height-default elementor-section-height-default\" data-id=\"53fc34b\" data-element_type=\"section\" data-e-type=\"section\">\n\t\t\t\t\t\t<div class=\"elementor-container elementor-column-gap-default\">\n\t\t\t\t\t<div class=\"elementor-column elementor-col-100 elementor-top-column elementor-element elementor-element-24046d9\" data-id=\"24046d9\" data-element_type=\"column\" data-e-type=\"column\">\n\t\t\t<div class=\"elementor-widget-wrap elementor-element-populated\">\n\t\t\t\t\t\t<div class=\"elementor-element elementor-element-9cd8ffd elementor-widget elementor-widget-heading\" data-id=\"9cd8ffd\" data-element_type=\"widget\" data-e-type=\"widget\" data-widget_type=\"heading.default\">\n\t\t\t\t<div class=\"elementor-widget-container\">\n\t\t\t\t\t<h2 class=\"elementor-heading-title elementor-size-default\">Se identificou com o projeto e gostaria de participar?<\/h2>\t\t\t\t<\/div>\n\t\t\t\t<\/div>\n\t\t\t\t\t<\/div>\n\t\t<\/div>\n\t\t\t\t\t<\/div>\n\t\t<\/section>\n\t\t\t\t<section class=\"elementor-section elementor-top-section elementor-element elementor-element-125c52b elementor-section-boxed elementor-section-height-default elementor-section-height-default\" data-id=\"125c52b\" data-element_type=\"section\" data-e-type=\"section\">\n\t\t\t\t\t\t<div class=\"elementor-container elementor-column-gap-default\">\n\t\t\t\t\t<div class=\"elementor-column elementor-col-100 elementor-top-column elementor-element elementor-element-b3da630\" data-id=\"b3da630\" data-element_type=\"column\" data-e-type=\"column\">\n\t\t\t<div class=\"elementor-widget-wrap elementor-element-populated\">\n\t\t\t\t\t\t<div class=\"elementor-element elementor-element-74d6e48 elementor-widget elementor-widget-html\" data-id=\"74d6e48\" data-element_type=\"widget\" data-e-type=\"widget\" data-widget_type=\"html.default\">\n\t\t\t\t<div class=\"elementor-widget-container\">\n\t\t\t\t\t<div class=\"elementor-button-wrapper button-gisele\" style=\"\">\r\n\t\t\t<a id=\"btn-indique-sua-disponibilidade-seja-voluntaria\" href=\"https:\/\/indexwebsites.com.br\/tg\/elementor-76\/\" target=\"_blank\" class=\"elementor-button-link elementor-button elementor-size-lg elementor-animation-grow\" role=\"button\" >\r\nIndique aqui qual sua disponibilidade de agenda\r\n\t\t\t\t\t<\/a>\r\n\t\t<\/div>\t\t\t\t<\/div>\n\t\t\t\t<\/div>\n\t\t\t\t\t<\/div>\n\t\t<\/div>\n\t\t\t\t\t<\/div>\n\t\t<\/section>\n\t\t\t\t<\/div>\n\t\t","protected":false},"excerpt":{"rendered":"<p>SEJA VOLUNT\u00c1RIA O grupo social Tech Girls Brasil nasceu para levar conhecimento sobre a tecnologia para donas de casa de \u00e1reas carentes, para que estas possam empreender, voltar\/iniciar ao mercado de trabalho, obtendo autonomia financeira e melhorar a autoestima. Como o projeto que \u00e9 totalmente sem fins lucrativo conta com a ajuda das volunt\u00e1rias para [&hellip;]<\/p>\n","protected":false},"author":1,"featured_media":0,"parent":0,"menu_order":92,"comment_status":"closed","ping_status":"closed","template":"","meta":{"footnotes":""},"class_list":["post-70","page","type-page","status-publish","hentry"],"_links":{"self":[{"href":"https:\/\/indexwebsites.com.br\/tg\/wp-json\/wp\/v2\/pages\/70","targetHints":{"allow":["GET"]}}],"collection":[{"href":"https:\/\/indexwebsites.com.br\/tg\/wp-json\/wp\/v2\/pages"}],"about":[{"href":"https:\/\/indexwebsites.com.br\/tg\/wp-json\/wp\/v2\/types\/page"}],"author":[{"embeddable":true,"href":"https:\/\/indexwebsites.com.br\/tg\/wp-json\/wp\/v2\/users\/1"}],"replies":[{"embeddable":true,"href":"https:\/\/indexwebsites.com.br\/tg\/wp-json\/wp\/v2\/comments?post=70"}],"version-history":[{"count":4,"href":"https:\/\/indexwebsites.com.br\/tg\/wp-json\/wp\/v2\/pages\/70\/revisions"}],"predecessor-version":[{"id":6156,"href":"https:\/\/indexwebsites.com.br\/tg\/wp-json\/wp\/v2\/pages\/70\/revisions\/6156"}],"wp:attachment":[{"href":"https:\/\/indexwebsites.com.br\/tg\/wp-json\/wp\/v2\/media?parent=70"}],"curies":[{"name":"wp","href":"https:\/\/api.w.org\/{rel}","templated":true}]}}