{"id":2892,"date":"2021-07-29T12:25:04","date_gmt":"2021-07-29T15:25:04","guid":{"rendered":"https:\/\/techgirls.com.br\/?page_id=2892"},"modified":"2025-04-17T10:22:19","modified_gmt":"2025-04-17T13:22:19","slug":"onu","status":"publish","type":"page","link":"https:\/\/indexwebsites.com.br\/tg\/onu\/","title":{"rendered":"ONU"},"content":{"rendered":"\t\t<div data-elementor-type=\"wp-page\" data-elementor-id=\"2892\" class=\"elementor elementor-2892\" data-elementor-post-type=\"page\">\n\t\t\t\t\t\t<section class=\"elementor-section elementor-top-section elementor-element elementor-element-80f48f6 elementor-section-boxed elementor-section-height-default elementor-section-height-default\" data-id=\"80f48f6\" data-element_type=\"section\" data-e-type=\"section\">\n\t\t\t\t\t\t<div class=\"elementor-container elementor-column-gap-default\">\n\t\t\t\t\t<div class=\"elementor-column elementor-col-100 elementor-top-column elementor-element elementor-element-49e5e3f\" data-id=\"49e5e3f\" data-element_type=\"column\" data-e-type=\"column\">\n\t\t\t<div class=\"elementor-widget-wrap elementor-element-populated\">\n\t\t\t\t\t\t<div class=\"elementor-element elementor-element-e82e064 elementor-widget elementor-widget-heading\" data-id=\"e82e064\" data-element_type=\"widget\" data-e-type=\"widget\" data-widget_type=\"heading.default\">\n\t\t\t\t<div class=\"elementor-widget-container\">\n\t\t\t\t\t<h2 class=\"elementor-heading-title elementor-size-default\"><span style=\"font-weight:normal\"><span style=\"font-size: 16pt;font-family: Arial;font-weight: 700;font-style: normal;font-variant: normal\">Tech Girls, ODS e ONU <\/span><\/span><br><font face=\"Arial\"><span style=\"font-weight: 400\"><i>Contribuindo para um mundo melhor<\/i><\/span><\/font><\/h2>\t\t\t\t<\/div>\n\t\t\t\t<\/div>\n\t\t\t\t\t<\/div>\n\t\t<\/div>\n\t\t\t\t\t<\/div>\n\t\t<\/section>\n\t\t\t\t<section class=\"elementor-section elementor-top-section elementor-element elementor-element-ecef9e6 elementor-section-boxed elementor-section-height-default elementor-section-height-default\" data-id=\"ecef9e6\" data-element_type=\"section\" data-e-type=\"section\">\n\t\t\t\t\t\t<div class=\"elementor-container elementor-column-gap-default\">\n\t\t\t\t\t<div class=\"elementor-column elementor-col-100 elementor-top-column elementor-element elementor-element-0101dad\" data-id=\"0101dad\" data-element_type=\"column\" data-e-type=\"column\">\n\t\t\t<div class=\"elementor-widget-wrap elementor-element-populated\">\n\t\t\t\t\t\t<div class=\"elementor-element elementor-element-604c531 elementor-widget elementor-widget-text-editor\" data-id=\"604c531\" data-element_type=\"widget\" data-e-type=\"widget\" data-widget_type=\"text-editor.default\">\n\t\t\t\t<div class=\"elementor-widget-container\">\n\t\t\t\t\t\t\t\t\t<p><span style=\"color: #000000; font-family: Arial; font-size: 12pt; font-style: normal; font-variant-ligatures: normal; font-variant-caps: normal; font-weight: 400; white-space: pre-wrap;\">Tech Girls \u00e9 participante do Pacto Global &#8211; Rede Brasil executando suas responsabilidades atribu\u00eddas aos signat\u00e1rios, entre eles: o Comunicado de Progresso ( CoP) e <span style=\"font-weight: 400;\">assinando compromissos p\u00fablicos para atendimento de metas.<\/span><\/span><\/p><p><span style=\"color: #000000; font-family: Arial; font-size: 12pt; font-style: normal; font-variant-ligatures: normal; font-variant-caps: normal; font-weight: 400; white-space: pre-wrap;\">A Agenda 2030, plano global da ONU e fortemente divulgada pelo Pacto Global, e sua abordagem quanto ao ESG v\u00eam para chamar \u00e0 responsabilidade organiza\u00e7\u00f5es e lideran\u00e7as para a variedade de pontos necess\u00e1rios para sustentar um neg\u00f3cio consciente e pr\u00f3spero.<\/span><\/p><p dir=\"ltr\" style=\"line-height: 1.38; margin-top: 0pt; margin-bottom: 0pt;\"><b><span style=\"font-size: 12pt; font-family: Arial; color: #000000; background-color: #ffffff; font-style: normal; font-variant: normal; text-decoration: none; vertical-align: baseline; white-space: pre-wrap;\">O<\/span><span style=\"font-size: 12pt; font-family: Arial; color: #000000; background-color: #ffffff; font-style: normal; font-variant: normal; text-decoration: none; vertical-align: baseline; white-space: pre-wrap;\">s projetos da<\/span><span style=\"font-size: 12pt; font-family: Arial; color: #000000; background-color: #ffffff; font-style: normal; font-variant: normal; text-decoration: none; vertical-align: baseline; white-space: pre-wrap;\">s Tech Girls priorizam tem\u00e1ticas da Agenda 2030 da Organiza\u00e7\u00f5es das Na\u00e7\u00f5es Unidas (ONU<\/span><\/b><\/p>\t\t\t\t\t\t\t\t<\/div>\n\t\t\t\t<\/div>\n\t\t\t\t\t<\/div>\n\t\t<\/div>\n\t\t\t\t\t<\/div>\n\t\t<\/section>\n\t\t\t\t<section class=\"elementor-section elementor-top-section elementor-element elementor-element-7dbcccf elementor-section-boxed elementor-section-height-default elementor-section-height-default\" data-id=\"7dbcccf\" data-element_type=\"section\" data-e-type=\"section\">\n\t\t\t\t\t\t<div class=\"elementor-container elementor-column-gap-default\">\n\t\t\t\t\t<div class=\"elementor-column elementor-col-100 elementor-top-column elementor-element elementor-element-0cd1e75\" data-id=\"0cd1e75\" data-element_type=\"column\" data-e-type=\"column\">\n\t\t\t<div class=\"elementor-widget-wrap elementor-element-populated\">\n\t\t\t\t\t\t<div class=\"elementor-element elementor-element-a45189a elementor-widget elementor-widget-image\" data-id=\"a45189a\" data-element_type=\"widget\" data-e-type=\"widget\" data-widget_type=\"image.default\">\n\t\t\t\t<div class=\"elementor-widget-container\">\n\t\t\t\t\t\t\t\t\t\t\t\t\t\t\t<img fetchpriority=\"high\" decoding=\"async\" width=\"768\" height=\"432\" src=\"https:\/\/indexwebsites.com.br\/tg\/wp-content\/uploads\/2021\/07\/2021_-Sobre_TECHGIRLS.pptx-1-768x432.png\" class=\"attachment-medium_large size-medium_large wp-image-2841 no-lazyload\" alt=\"\" srcset=\"https:\/\/indexwebsites.com.br\/tg\/wp-content\/uploads\/2021\/07\/2021_-Sobre_TECHGIRLS.pptx-1-768x432.png 768w, https:\/\/indexwebsites.com.br\/tg\/wp-content\/uploads\/2021\/07\/2021_-Sobre_TECHGIRLS.pptx-1-300x169.png 300w, https:\/\/indexwebsites.com.br\/tg\/wp-content\/uploads\/2021\/07\/2021_-Sobre_TECHGIRLS.pptx-1.png 960w\" sizes=\"(max-width: 768px) 100vw, 768px\" \/>\t\t\t\t\t\t\t\t\t\t\t\t\t\t\t<\/div>\n\t\t\t\t<\/div>\n\t\t\t\t\t<\/div>\n\t\t<\/div>\n\t\t\t\t\t<\/div>\n\t\t<\/section>\n\t\t\t\t<section class=\"elementor-section elementor-top-section elementor-element elementor-element-fc74817 elementor-section-boxed elementor-section-height-default elementor-section-height-default\" data-id=\"fc74817\" data-element_type=\"section\" data-e-type=\"section\">\n\t\t\t\t\t\t<div class=\"elementor-container elementor-column-gap-default\">\n\t\t\t\t\t<div class=\"elementor-column elementor-col-100 elementor-top-column elementor-element elementor-element-18056b3\" data-id=\"18056b3\" data-element_type=\"column\" data-e-type=\"column\">\n\t\t\t<div class=\"elementor-widget-wrap elementor-element-populated\">\n\t\t\t\t\t\t<div class=\"elementor-element elementor-element-cdd2ca5 elementor-widget elementor-widget-image\" data-id=\"cdd2ca5\" data-element_type=\"widget\" data-e-type=\"widget\" data-widget_type=\"image.default\">\n\t\t\t\t<div class=\"elementor-widget-container\">\n\t\t\t\t\t\t\t\t\t\t\t\t\t\t\t<img decoding=\"async\" width=\"800\" height=\"216\" src=\"https:\/\/indexwebsites.com.br\/tg\/wp-content\/uploads\/2021\/07\/Captura-de-Tela-2021-07-27-a\u0300s-16.30.40.png\" class=\"attachment-large size-large wp-image-2832 no-lazyload\" alt=\"\" srcset=\"https:\/\/indexwebsites.com.br\/tg\/wp-content\/uploads\/2021\/07\/Captura-de-Tela-2021-07-27-a\u0300s-16.30.40.png 1009w, https:\/\/indexwebsites.com.br\/tg\/wp-content\/uploads\/2021\/07\/Captura-de-Tela-2021-07-27-a\u0300s-16.30.40-300x81.png 300w, https:\/\/indexwebsites.com.br\/tg\/wp-content\/uploads\/2021\/07\/Captura-de-Tela-2021-07-27-a\u0300s-16.30.40-768x207.png 768w\" sizes=\"(max-width: 800px) 100vw, 800px\" \/>\t\t\t\t\t\t\t\t\t\t\t\t\t\t\t<\/div>\n\t\t\t\t<\/div>\n\t\t\t\t\t<\/div>\n\t\t<\/div>\n\t\t\t\t\t<\/div>\n\t\t<\/section>\n\t\t\t\t<section class=\"elementor-section elementor-top-section elementor-element elementor-element-109749b elementor-section-boxed elementor-section-height-default elementor-section-height-default\" data-id=\"109749b\" data-element_type=\"section\" data-e-type=\"section\">\n\t\t\t\t\t\t<div class=\"elementor-container elementor-column-gap-default\">\n\t\t\t\t\t<div class=\"elementor-column elementor-col-100 elementor-top-column elementor-element elementor-element-92b2cca\" data-id=\"92b2cca\" data-element_type=\"column\" data-e-type=\"column\">\n\t\t\t<div class=\"elementor-widget-wrap elementor-element-populated\">\n\t\t\t\t\t\t<div class=\"elementor-element elementor-element-2120b40 elementor-widget elementor-widget-text-editor\" data-id=\"2120b40\" data-element_type=\"widget\" data-e-type=\"widget\" data-widget_type=\"text-editor.default\">\n\t\t\t\t<div class=\"elementor-widget-container\">\n\t\t\t\t\t\t\t\t\t<p>Abaixo est\u00e3o as Metas ODS ( Objetivos Sustent\u00e1veis da ONU, atendidos pela Tech Girls:<\/p>\t\t\t\t\t\t\t\t<\/div>\n\t\t\t\t<\/div>\n\t\t\t\t\t<\/div>\n\t\t<\/div>\n\t\t\t\t\t<\/div>\n\t\t<\/section>\n\t\t\t\t<section class=\"elementor-section elementor-top-section elementor-element elementor-element-50892fa elementor-section-boxed elementor-section-height-default elementor-section-height-default\" data-id=\"50892fa\" data-element_type=\"section\" data-e-type=\"section\">\n\t\t\t\t\t\t<div class=\"elementor-container elementor-column-gap-default\">\n\t\t\t\t\t<div class=\"elementor-column elementor-col-50 elementor-top-column elementor-element elementor-element-5e6e085\" data-id=\"5e6e085\" data-element_type=\"column\" data-e-type=\"column\">\n\t\t\t<div class=\"elementor-widget-wrap elementor-element-populated\">\n\t\t\t\t\t\t<div class=\"elementor-element elementor-element-ca86586 elementor-widget elementor-widget-text-editor\" data-id=\"ca86586\" data-element_type=\"widget\" data-e-type=\"widget\" data-widget_type=\"text-editor.default\">\n\t\t\t\t<div class=\"elementor-widget-container\">\n\t\t\t\t\t\t\t\t\t<p>\u00a0<\/p><ul><li style=\"font-weight: 400;\" aria-level=\"1\"><span style=\"font-weight: 400;\">Meta 5 &#8211; IGUALDADE DE G\u00caNERO -Apesar de serem maioria na popula\u00e7\u00e3o e no Ensino Superior, o Censo IBGE 2010 mostrou que as mulheres brasileiras representam apenas 22% das turmas de Ci\u00eancias da Computa\u00e7\u00e3o e, \u00e9 claro, a falta de representatividade na educa\u00e7\u00e3o continua no mercado de trabalho.<\/span><\/li><li style=\"font-weight: 400;\" aria-level=\"1\"><span style=\"font-weight: 400;\">Meta 8 &#8211; TRABALHO DECENTE E CRESCIMENTO ECON\u00d4MICO -Mulheres com habilidades no uso de tecnologia tem mais chances de conquistar uma vaga ou empreender com sucesso. A possibilidade de ocupa\u00e7\u00e3o em tecnologia \u00e9 ampla: desde trabalho home office, como empreender.<\/span><\/li><li style=\"font-weight: 400;\" aria-level=\"1\"><span style=\"font-weight: 400;\">Meta 9 &#8211; IND\u00daSTRIA, INOVA\u00c7\u00c3O E INFRAESTRUTURA -A tecnologia tem cada vez mais import\u00e2ncia no ambiente produtivo. Possibilitando a inclus\u00e3o digital das suas alunas, o TechGirls tamb\u00e9m contribui com este objetivo.<\/span><\/li><li style=\"font-weight: 400;\" aria-level=\"1\"><span style=\"font-weight: 400;\">Meta 10 &#8211; Redu\u00e7\u00e3o das Desigualdades &#8211; Apoiando as mulheres carentes na atrav\u00e9s da capacita\u00e7\u00e3o profissional, o TechGirls atua diretamente na gera\u00e7\u00e3o de renda e melhoria de condi\u00e7\u00f5es.<\/span><\/li><li style=\"font-weight: 400;\" aria-level=\"1\"><span style=\"font-weight: 400;\">Meta 11 &#8211; Cidades e Comunidades Sustent\u00e1veis &#8211; o programa TechGirls recolhe laptops usados doados, ajuda reduzir o descarte de lixo eletr\u00f4nico.<\/span><\/li><li style=\"font-weight: 400;\" aria-level=\"1\"><span style=\"font-weight: 400;\">Meta 12 &#8211; Consumo e Produ\u00e7\u00e3o Respons\u00e1veis &#8211; A doa\u00e7\u00e3o dos laptops recuperados para alunas, estende a vida \u00fatil dos equipamentos, dando uma segunda vida ao que seria descartado.<\/span><\/li><li style=\"font-weight: 400;\" aria-level=\"1\"><span style=\"font-weight: 400;\">Meta 13 &#8211; A\u00e7\u00e3o Contra a Mudan\u00e7a Global do Clima &#8211; O material eletr\u00f4nico quando descartado incorretamente, causa danos a natureza e ao homem<\/span><\/li><li style=\"font-weight: 400;\" aria-level=\"1\"><span style=\"font-weight: 400;\">Meta 15 &#8211; Vida Terrestre &#8211; Equilibrio entre o que o homem produz, consome e seu descarte, por meio da educa\u00e7\u00e3o<\/span><\/li><li style=\"font-weight: 400;\" aria-level=\"1\"><span style=\"font-weight: 400;\">Meta 17 &#8211; Parcerias e meios de implementa\u00e7\u00e3o- Atraindo parcerias para viabilizar e ampliar sua atua\u00e7\u00e3o para chegar ao maior n\u00fameros de mulheres, o TechGirls estende sua abrang\u00eancia e alcance.<\/span><\/li><\/ul>\t\t\t\t\t\t\t\t<\/div>\n\t\t\t\t<\/div>\n\t\t\t\t\t<\/div>\n\t\t<\/div>\n\t\t\t\t<div class=\"elementor-column elementor-col-50 elementor-top-column elementor-element elementor-element-ea026fc\" data-id=\"ea026fc\" data-element_type=\"column\" data-e-type=\"column\">\n\t\t\t<div class=\"elementor-widget-wrap elementor-element-populated\">\n\t\t\t\t\t\t<div class=\"elementor-element elementor-element-dcb0200 elementor-widget elementor-widget-spacer\" data-id=\"dcb0200\" data-element_type=\"widget\" data-e-type=\"widget\" data-widget_type=\"spacer.default\">\n\t\t\t\t<div class=\"elementor-widget-container\">\n\t\t\t\t\t\t\t<div class=\"elementor-spacer\">\n\t\t\t<div class=\"elementor-spacer-inner\"><\/div>\n\t\t<\/div>\n\t\t\t\t\t\t<\/div>\n\t\t\t\t<\/div>\n\t\t\t\t<div class=\"elementor-element elementor-element-6a90bb5 elementor-widget elementor-widget-image\" data-id=\"6a90bb5\" data-element_type=\"widget\" data-e-type=\"widget\" data-widget_type=\"image.default\">\n\t\t\t\t<div class=\"elementor-widget-container\">\n\t\t\t\t\t\t\t\t\t\t\t\t\t\t\t<img decoding=\"async\" width=\"540\" height=\"540\" src=\"https:\/\/indexwebsites.com.br\/tg\/wp-content\/uploads\/2022\/02\/lixo_Boticario_Desenvolve-3.png\" class=\"attachment-large size-large wp-image-5933 no-lazyload\" alt=\"\" srcset=\"https:\/\/indexwebsites.com.br\/tg\/wp-content\/uploads\/2022\/02\/lixo_Boticario_Desenvolve-3.png 540w, https:\/\/indexwebsites.com.br\/tg\/wp-content\/uploads\/2022\/02\/lixo_Boticario_Desenvolve-3-300x300.png 300w, https:\/\/indexwebsites.com.br\/tg\/wp-content\/uploads\/2022\/02\/lixo_Boticario_Desenvolve-3-150x150.png 150w\" sizes=\"(max-width: 540px) 100vw, 540px\" \/>\t\t\t\t\t\t\t\t\t\t\t\t\t\t\t<\/div>\n\t\t\t\t<\/div>\n\t\t\t\t\t<\/div>\n\t\t<\/div>\n\t\t\t\t\t<\/div>\n\t\t<\/section>\n\t\t\t\t<section class=\"elementor-section elementor-top-section elementor-element elementor-element-5931b4f elementor-section-boxed elementor-section-height-default elementor-section-height-default\" data-id=\"5931b4f\" data-element_type=\"section\" data-e-type=\"section\">\n\t\t\t\t\t\t<div class=\"elementor-container elementor-column-gap-default\">\n\t\t\t\t\t<div class=\"elementor-column elementor-col-100 elementor-top-column elementor-element elementor-element-ec082c9\" data-id=\"ec082c9\" data-element_type=\"column\" data-e-type=\"column\">\n\t\t\t<div class=\"elementor-widget-wrap elementor-element-populated\">\n\t\t\t\t\t\t<div class=\"elementor-element elementor-element-8d7ba87 elementor-widget elementor-widget-text-editor\" data-id=\"8d7ba87\" data-element_type=\"widget\" data-e-type=\"widget\" data-widget_type=\"text-editor.default\">\n\t\t\t\t<div class=\"elementor-widget-container\">\n\t\t\t\t\t\t\t\t\t<p><span style=\"font-weight: 400;\">Seu neg\u00f3cio entende o poder transformador das a\u00e7\u00f5es de impacto social e est\u00e1 buscando projetos que tragam impacto para sua comunidade?\u00a0<\/span><\/p><p><span style=\"font-weight: 400;\">Os projetos da Tech Girls s\u00e3o ferramentas pr\u00e1ticas e efetivas para gerar transforma\u00e7\u00e3o m\u00fatua na empresa e em seus p\u00fablicos de interesse.<\/span><\/p><p><span style=\"font-weight: 400;\">Para voc\u00ea ter uma ideia, um <\/span><a href=\"https:\/\/g1.globo.com\/economia\/noticia\/2020\/07\/03\/maioria-das-empresas-que-investem-em-sustentabilidade-buscam-melhoria-da-imagem-diz-ibge.ghtml\"><span style=\"font-weight: 400;\">levantamento do IBGE<\/span><\/a><span style=\"font-weight: 400;\"> divulgado em mar\u00e7o de 2020 mostra que <\/span><b>59,4% das empresas que investem em responsabilidade social acreditam que seu maior objetivo \u00e9 melhorar a reputa\u00e7\u00e3o institucional. <\/b><span style=\"font-weight: 400;\">Em contrapartida, <\/span><b>54,3% justificam os investimentos como \u201cfoco na adequa\u00e7\u00e3o aos c\u00f3digos de boas pr\u00e1ticas ambientais\u201d.<\/b><\/p><p>\u00a0<\/p><p><span style=\"font-weight: 400;\">Iniciativas sociais implementadas pelas Tech Girls podem ser usadas de forma estrat\u00e9gica para <\/span><a href=\"https:\/\/impactosocial.esolidar.com\/2021\/01\/26\/porque-as-empresas-precisam-fazer-impacto-social\/\"><span style=\"font-weight: 400;\">fazer impacto social<\/span><\/a><span style=\"font-weight: 400;\"> positivo nos p\u00fablicos de interesse de uma organiza\u00e7\u00e3o.<\/span><\/p><p><span style=\"font-weight: 400;\">Sendo assim, nas a\u00e7\u00f5es das Tech Girls podemos encontrar\u00a0 a\u00e7\u00f5es\u00a0 voltadas para:\u00a0<\/span><\/p><ul><li style=\"font-weight: 400;\" aria-level=\"1\"><span style=\"font-weight: 400;\">igualdade de g\u00eanero;<\/span><\/li><li style=\"font-weight: 400;\" aria-level=\"1\"><a href=\"https:\/\/impactosocial.esolidar.com\/2020\/03\/12\/diversidade-nas-empresas\/\"><span style=\"font-weight: 400;\">diversidade nas empresas<\/span><\/a><span style=\"font-weight: 400;\">;\u00a0<\/span><\/li><li style=\"font-weight: 400;\" aria-level=\"1\"><span style=\"font-weight: 400;\">Direitos Humanos;<\/span><\/li><li style=\"font-weight: 400;\" aria-level=\"1\"><span style=\"font-weight: 400;\">cria\u00e7\u00e3o de programas de voluntariado;<\/span><\/li><li style=\"font-weight: 400;\" aria-level=\"1\"><span style=\"font-weight: 400;\">cumprimento dos <\/span><a href=\"https:\/\/impactosocial.esolidar.com\/ebook-guia-aplicacao-ods-nas-empresas\/\"><span style=\"font-weight: 400;\">ODS (Objetivos de Desenvolvimento Sustent\u00e1vel)<\/span><\/a><span style=\"font-weight: 400;\">;<\/span><\/li><li style=\"font-weight: 400;\" aria-level=\"1\"><span style=\"font-weight: 400;\">sa\u00fade mental dos colaboradores e melhorias no ambiente de trabalho;<\/span><\/li><li style=\"font-weight: 400;\" aria-level=\"1\"><span style=\"font-weight: 400;\">aten\u00e7\u00e3o \u00e0s vulnerabilidades da comunidade do entorno da empresa;\u00a0<\/span><\/li><li style=\"font-weight: 400;\" aria-level=\"1\"><span style=\"font-weight: 400;\">apoio na resolu\u00e7\u00e3o de conflitos;<\/span><\/li><li style=\"font-weight: 400;\" aria-level=\"1\"><span style=\"font-weight: 400;\">tomada de decis\u00f5es em prol da sociedade;\u00a0<\/span><\/li><li style=\"font-weight: 400;\" aria-level=\"1\"><span style=\"font-weight: 400;\">aten\u00e7\u00e3o \u00e0s quest\u00f5es trabalhistas.<\/span><\/li><\/ul><p><span style=\"font-weight: 400;\">Conhe\u00e7a mais detalhes sobre os projetos on demand Tech Girls.<\/span><\/p>\t\t\t\t\t\t\t\t<\/div>\n\t\t\t\t<\/div>\n\t\t\t\t\t<\/div>\n\t\t<\/div>\n\t\t\t\t\t<\/div>\n\t\t<\/section>\n\t\t\t\t<section class=\"elementor-section elementor-top-section elementor-element elementor-element-2bb4e7e elementor-section-boxed elementor-section-height-default elementor-section-height-default\" data-id=\"2bb4e7e\" data-element_type=\"section\" data-e-type=\"section\">\n\t\t\t\t\t\t<div class=\"elementor-container elementor-column-gap-default\">\n\t\t\t\t\t<div class=\"elementor-column elementor-col-33 elementor-top-column elementor-element elementor-element-3a854ab\" data-id=\"3a854ab\" data-element_type=\"column\" data-e-type=\"column\">\n\t\t\t<div class=\"elementor-widget-wrap\">\n\t\t\t\t\t\t\t<\/div>\n\t\t<\/div>\n\t\t\t\t<div class=\"elementor-column elementor-col-33 elementor-top-column elementor-element elementor-element-71b90ac\" data-id=\"71b90ac\" data-element_type=\"column\" data-e-type=\"column\">\n\t\t\t<div class=\"elementor-widget-wrap elementor-element-populated\">\n\t\t\t\t\t\t<div class=\"elementor-element elementor-element-23add50 elementor-align-center elementor-widget elementor-widget-button\" data-id=\"23add50\" data-element_type=\"widget\" data-e-type=\"widget\" data-widget_type=\"button.default\">\n\t\t\t\t<div class=\"elementor-widget-container\">\n\t\t\t\t\t\t\t\t\t<div class=\"elementor-button-wrapper\">\n\t\t\t\t\t<a class=\"elementor-button elementor-button-link elementor-size-sm\" href=\"https:\/\/indexwebsites.com.br\/tg\/portfolio\">\n\t\t\t\t\t\t<span class=\"elementor-button-content-wrapper\">\n\t\t\t\t\t\t\t\t\t<span class=\"elementor-button-text\">Conhe\u00e7a o Portfolio Tech Girls<\/span>\n\t\t\t\t\t<\/span>\n\t\t\t\t\t<\/a>\n\t\t\t\t<\/div>\n\t\t\t\t\t\t\t\t<\/div>\n\t\t\t\t<\/div>\n\t\t\t\t\t<\/div>\n\t\t<\/div>\n\t\t\t\t<div class=\"elementor-column elementor-col-33 elementor-top-column elementor-element elementor-element-d00a1b3\" data-id=\"d00a1b3\" data-element_type=\"column\" data-e-type=\"column\">\n\t\t\t<div class=\"elementor-widget-wrap\">\n\t\t\t\t\t\t\t<\/div>\n\t\t<\/div>\n\t\t\t\t\t<\/div>\n\t\t<\/section>\n\t\t\t\t<section class=\"elementor-section elementor-top-section elementor-element elementor-element-f6d41cd elementor-section-boxed elementor-section-height-default elementor-section-height-default\" data-id=\"f6d41cd\" data-element_type=\"section\" data-e-type=\"section\">\n\t\t\t\t\t\t<div class=\"elementor-container elementor-column-gap-default\">\n\t\t\t\t\t<div class=\"elementor-column elementor-col-50 elementor-top-column elementor-element elementor-element-2458a59\" data-id=\"2458a59\" data-element_type=\"column\" data-e-type=\"column\">\n\t\t\t<div class=\"elementor-widget-wrap elementor-element-populated\">\n\t\t\t\t\t\t<div class=\"elementor-element elementor-element-aa3eaa4 elementor-widget elementor-widget-video\" data-id=\"aa3eaa4\" data-element_type=\"widget\" data-e-type=\"widget\" data-settings=\"{&quot;youtube_url&quot;:&quot;https:\\\/\\\/youtu.be\\\/7hOpxVI3ogQ&quot;,&quot;video_type&quot;:&quot;youtube&quot;,&quot;controls&quot;:&quot;yes&quot;}\" data-widget_type=\"video.default\">\n\t\t\t\t<div class=\"elementor-widget-container\">\n\t\t\t\t\t\t\t<div class=\"elementor-wrapper elementor-open-inline\">\n\t\t\t<div class=\"elementor-video\"><\/div>\t\t<\/div>\n\t\t\t\t\t\t<\/div>\n\t\t\t\t<\/div>\n\t\t\t\t<div class=\"elementor-element elementor-element-871dfba elementor-widget elementor-widget-text-editor\" data-id=\"871dfba\" data-element_type=\"widget\" data-e-type=\"widget\" data-widget_type=\"text-editor.default\">\n\t\t\t\t<div class=\"elementor-widget-container\">\n\t\t\t\t\t\t\t\t\t<p>Assista a reportagem da Globo RPC com a Aluna Tech Girls Rosa Petruy, que recebeu aulas particulares com as educadoras digitais.<\/p>\t\t\t\t\t\t\t\t<\/div>\n\t\t\t\t<\/div>\n\t\t\t\t\t<\/div>\n\t\t<\/div>\n\t\t\t\t<div class=\"elementor-column elementor-col-50 elementor-top-column elementor-element elementor-element-afb49ef\" data-id=\"afb49ef\" data-element_type=\"column\" data-e-type=\"column\">\n\t\t\t<div class=\"elementor-widget-wrap elementor-element-populated\">\n\t\t\t\t\t\t<div class=\"elementor-element elementor-element-26ba2ba elementor-widget elementor-widget-image\" data-id=\"26ba2ba\" data-element_type=\"widget\" data-e-type=\"widget\" data-widget_type=\"image.default\">\n\t\t\t\t<div class=\"elementor-widget-container\">\n\t\t\t\t\t\t\t\t\t\t\t\t\t\t\t<img loading=\"lazy\" decoding=\"async\" width=\"800\" height=\"534\" src=\"https:\/\/indexwebsites.com.br\/tg\/wp-content\/uploads\/2021\/07\/WhatsApp-Image-2021-07-13-at-13.15.57-1-1024x683.jpeg\" class=\"attachment-large size-large wp-image-2743 no-lazyload\" alt=\"\" srcset=\"https:\/\/indexwebsites.com.br\/tg\/wp-content\/uploads\/2021\/07\/WhatsApp-Image-2021-07-13-at-13.15.57-1-1024x683.jpeg 1024w, https:\/\/indexwebsites.com.br\/tg\/wp-content\/uploads\/2021\/07\/WhatsApp-Image-2021-07-13-at-13.15.57-1-300x200.jpeg 300w, https:\/\/indexwebsites.com.br\/tg\/wp-content\/uploads\/2021\/07\/WhatsApp-Image-2021-07-13-at-13.15.57-1-768x512.jpeg 768w, https:\/\/indexwebsites.com.br\/tg\/wp-content\/uploads\/2021\/07\/WhatsApp-Image-2021-07-13-at-13.15.57-1.jpeg 1280w\" sizes=\"(max-width: 800px) 100vw, 800px\" \/>\t\t\t\t\t\t\t\t\t\t\t\t\t\t\t<\/div>\n\t\t\t\t<\/div>\n\t\t\t\t\t<\/div>\n\t\t<\/div>\n\t\t\t\t\t<\/div>\n\t\t<\/section>\n\t\t\t\t<\/div>\n\t\t","protected":false},"excerpt":{"rendered":"<p>Tech Girls, ODS e ONU Contribuindo para um mundo melhor Tech Girls \u00e9 participante do Pacto Global &#8211; Rede Brasil executando suas responsabilidades atribu\u00eddas aos signat\u00e1rios, entre eles: o Comunicado de Progresso ( CoP) e assinando compromissos p\u00fablicos para atendimento de metas. A Agenda 2030, plano global da ONU e fortemente divulgada pelo Pacto Global, [&hellip;]<\/p>\n","protected":false},"author":1,"featured_media":0,"parent":0,"menu_order":36,"comment_status":"closed","ping_status":"closed","template":"","meta":{"footnotes":""},"class_list":["post-2892","page","type-page","status-publish","hentry"],"_links":{"self":[{"href":"https:\/\/indexwebsites.com.br\/tg\/wp-json\/wp\/v2\/pages\/2892","targetHints":{"allow":["GET"]}}],"collection":[{"href":"https:\/\/indexwebsites.com.br\/tg\/wp-json\/wp\/v2\/pages"}],"about":[{"href":"https:\/\/indexwebsites.com.br\/tg\/wp-json\/wp\/v2\/types\/page"}],"author":[{"embeddable":true,"href":"https:\/\/indexwebsites.com.br\/tg\/wp-json\/wp\/v2\/users\/1"}],"replies":[{"embeddable":true,"href":"https:\/\/indexwebsites.com.br\/tg\/wp-json\/wp\/v2\/comments?post=2892"}],"version-history":[{"count":22,"href":"https:\/\/indexwebsites.com.br\/tg\/wp-json\/wp\/v2\/pages\/2892\/revisions"}],"predecessor-version":[{"id":12598,"href":"https:\/\/indexwebsites.com.br\/tg\/wp-json\/wp\/v2\/pages\/2892\/revisions\/12598"}],"wp:attachment":[{"href":"https:\/\/indexwebsites.com.br\/tg\/wp-json\/wp\/v2\/media?parent=2892"}],"curies":[{"name":"wp","href":"https:\/\/api.w.org\/{rel}","templated":true}]}}