{"id":2862,"date":"2021-07-28T11:10:41","date_gmt":"2021-07-28T14:10:41","guid":{"rendered":"https:\/\/techgirls.com.br\/?page_id=2862"},"modified":"2021-09-16T18:51:01","modified_gmt":"2021-09-16T21:51:01","slug":"japao","status":"publish","type":"page","link":"https:\/\/indexwebsites.com.br\/tg\/japao\/","title":{"rendered":"Jap\u00e3o"},"content":{"rendered":"\t\t<div data-elementor-type=\"wp-page\" data-elementor-id=\"2862\" class=\"elementor elementor-2862\" data-elementor-post-type=\"page\">\n\t\t\t\t\t\t<section class=\"elementor-section elementor-top-section elementor-element elementor-element-80f48f6 elementor-section-boxed elementor-section-height-default elementor-section-height-default\" data-id=\"80f48f6\" data-element_type=\"section\" data-e-type=\"section\">\n\t\t\t\t\t\t<div class=\"elementor-container elementor-column-gap-default\">\n\t\t\t\t\t<div class=\"elementor-column elementor-col-100 elementor-top-column elementor-element elementor-element-49e5e3f\" data-id=\"49e5e3f\" data-element_type=\"column\" data-e-type=\"column\">\n\t\t\t<div class=\"elementor-widget-wrap elementor-element-populated\">\n\t\t\t\t\t\t<div class=\"elementor-element elementor-element-e82e064 elementor-widget elementor-widget-heading\" data-id=\"e82e064\" data-element_type=\"widget\" data-e-type=\"widget\" data-widget_type=\"heading.default\">\n\t\t\t\t<div class=\"elementor-widget-container\">\n\t\t\t\t\t<h2 class=\"elementor-heading-title elementor-size-default\"><span style=\"font-weight:normal\" id=\"docs-internal-guid-1acef207-7fff-ae31-7f77-53f0bcd5e7de\"><span style=\"font-size: 16pt;font-family: Arial;background-color: transparent;font-weight: 700;font-style: normal;font-variant: normal\">Tech Girl miss\u00e3o Jap\u00e3o: li\u00e7\u00f5es aprendidas<\/span><\/span><\/h2>\t\t\t\t<\/div>\n\t\t\t\t<\/div>\n\t\t\t\t\t<\/div>\n\t\t<\/div>\n\t\t\t\t\t<\/div>\n\t\t<\/section>\n\t\t\t\t<section class=\"elementor-section elementor-top-section elementor-element elementor-element-7e50890 elementor-section-boxed elementor-section-height-default elementor-section-height-default\" data-id=\"7e50890\" data-element_type=\"section\" data-e-type=\"section\">\n\t\t\t\t\t\t<div class=\"elementor-container elementor-column-gap-default\">\n\t\t\t\t\t<div class=\"elementor-column elementor-col-100 elementor-top-column elementor-element elementor-element-c03ef7d\" data-id=\"c03ef7d\" data-element_type=\"column\" data-e-type=\"column\">\n\t\t\t<div class=\"elementor-widget-wrap elementor-element-populated\">\n\t\t\t\t\t\t<div class=\"elementor-element elementor-element-7110e99 elementor-widget elementor-widget-image\" data-id=\"7110e99\" data-element_type=\"widget\" data-e-type=\"widget\" data-widget_type=\"image.default\">\n\t\t\t\t<div class=\"elementor-widget-container\">\n\t\t\t\t\t\t\t\t\t\t\t\t\t\t\t<img decoding=\"async\" src=\"https:\/\/indexwebsites.com.br\/tg\/wp-content\/uploads\/2021\/07\/japao_2.jpeg\" title=\"japao_2\" alt=\"japao_2\" loading=\"lazy\" class=\"no-lazyload\" \/>\t\t\t\t\t\t\t\t\t\t\t\t\t\t\t<\/div>\n\t\t\t\t<\/div>\n\t\t\t\t\t<\/div>\n\t\t<\/div>\n\t\t\t\t\t<\/div>\n\t\t<\/section>\n\t\t\t\t<section class=\"elementor-section elementor-top-section elementor-element elementor-element-ecef9e6 elementor-section-boxed elementor-section-height-default elementor-section-height-default\" data-id=\"ecef9e6\" data-element_type=\"section\" data-e-type=\"section\">\n\t\t\t\t\t\t<div class=\"elementor-container elementor-column-gap-default\">\n\t\t\t\t\t<div class=\"elementor-column elementor-col-100 elementor-top-column elementor-element elementor-element-0101dad\" data-id=\"0101dad\" data-element_type=\"column\" data-e-type=\"column\">\n\t\t\t<div class=\"elementor-widget-wrap elementor-element-populated\">\n\t\t\t\t\t\t<div class=\"elementor-element elementor-element-604c531 elementor-widget elementor-widget-text-editor\" data-id=\"604c531\" data-element_type=\"widget\" data-e-type=\"widget\" data-widget_type=\"text-editor.default\">\n\t\t\t\t<div class=\"elementor-widget-container\">\n\t\t\t\t\t\t\t\t\t<p><strong><span style=\"background-color: transparent; color: #000000; font-family: Arial; font-size: 11pt; font-style: normal; font-variant-ligatures: normal; font-variant-caps: normal; text-align: justify; white-space: pre-wrap;\">O que surpreendeu uma Tech Girl no Jap\u00e3o<\/span><\/strong><\/p><p dir=\"ltr\"><span style=\"color: #050505; font-family: system-ui, -apple-system, system-ui, '.SFNSText-Regular', sans-serif; font-size: 15px; font-style: normal; font-variant-ligatures: normal; font-variant-caps: normal; font-weight: 400; white-space: pre-wrap;\">Transformador, nada menos do que isso, a minha visita ao Jap\u00e3o em Junho de 2015. N\u00e3o encontrava lixeiras no Jap\u00e3o <\/span><span style=\"color: #050505; font-family: system-ui, -apple-system, system-ui, '.SFNSText-Regular', sans-serif; font-size: 15px; font-style: normal; font-variant-ligatures: normal; font-variant-caps: normal; font-weight: 400; white-space: pre-wrap;\">nos parques e pra\u00e7as. Quando eu perguntei para os locais o que faziam com o lixo qdo queremos descartar na rua, me disseram: \u201clevamos para casa e jogamos fora no lixo de casa. As lixeiras da rua atraem ratos e mosquitos\u201d. Uma boa li\u00e7\u00e3o aprendida!! <\/span><span style=\"color: #050505; font-family: system-ui, -apple-system, system-ui, '.SFNSText-Regular', sans-serif; font-size: 15px; font-style: normal; font-variant-ligatures: normal; font-variant-caps: normal; font-weight: 400; white-space: pre-wrap;\">aprendi que n\u00e3o precisamos de tanto espa\u00e7o: otimiza\u00e7\u00e3o e versatilidade est\u00e3o em todos os lados.<\/span><\/p><p dir=\"ltr\"><span style=\"color: #050505; font-family: system-ui, -apple-system, system-ui, '.SFNSText-Regular', sans-serif; font-size: 15px; font-style: normal; font-variant-ligatures: normal; font-variant-caps: normal; font-weight: 400; white-space: pre-wrap;\">\u00a0<\/span><\/p><p dir=\"ltr\"><span style=\"color: #050505; font-family: system-ui, -apple-system, system-ui, '.SFNSText-Regular', sans-serif; font-size: 15px; font-style: normal; font-variant-ligatures: normal; font-variant-caps: normal; font-weight: 400; white-space: pre-wrap;\">Sabedoria Japonesa:<\/span><\/p><p dir=\"ltr\"><span style=\"color: #050505; font-family: system-ui, -apple-system, system-ui, '.SFNSText-Regular', sans-serif; font-size: 15px; font-style: normal; font-variant-ligatures: normal; font-variant-caps: normal; font-weight: 400; white-space: pre-wrap;\">Se n\u00e3o \u00e9 seu, n\u00e3o pegue.<\/span><\/p><p dir=\"ltr\"><span style=\"color: #050505; font-family: system-ui, -apple-system, system-ui, '.SFNSText-Regular', sans-serif; font-size: 15px; font-style: normal; font-variant-ligatures: normal; font-variant-caps: normal; font-weight: 400; white-space: pre-wrap;\">Se n\u00e3o \u00e9 justo, n\u00e3o fa\u00e7a.<\/span><\/p><p dir=\"ltr\"><span style=\"color: #050505; font-family: system-ui, -apple-system, system-ui, '.SFNSText-Regular', sans-serif; font-size: 15px; font-style: normal; font-variant-ligatures: normal; font-variant-caps: normal; font-weight: 400; white-space: pre-wrap;\">Se n\u00e3o \u00e9 verdade, n\u00e3o diga.<\/span><\/p><p dir=\"ltr\"><span style=\"color: #050505; font-family: system-ui, -apple-system, system-ui, '.SFNSText-Regular', sans-serif; font-size: 15px; font-style: normal; font-variant-ligatures: normal; font-variant-caps: normal; font-weight: 400; white-space: pre-wrap;\">Se voc\u00ea n\u00e3o sabe, fique quieto.<\/span><\/p><p dir=\"ltr\">S\u00f3 uma frase que eu tinha em mente: cabe\u00e7a que que se abre, nunca mais volta ao tamanho original.<\/p><p dir=\"ltr\">\u00a0<\/p><p dir=\"ltr\"><span style=\"color: #050505; font-family: system-ui, -apple-system, system-ui, '.SFNSText-Regular', sans-serif; font-size: 15px; font-style: normal; font-variant-ligatures: normal; font-variant-caps: normal; font-weight: 400; white-space: pre-wrap;\">\u00a0<\/span><\/p><p><span style=\"margin-right: 1px; margin-left: 1px; height: 16px; width: 16px; font-weight: 400; display: inline-flex; vertical-align: middle; font-style: normal; font-family: system-ui, -apple-system, system-ui, '.SFNSText-Regular', sans-serif; color: #050505; font-size: 15px; font-variant-ligatures: normal; font-variant-caps: normal; white-space: pre-wrap;\">\u00a0<\/span><\/p>\t\t\t\t\t\t\t\t<\/div>\n\t\t\t\t<\/div>\n\t\t\t\t\t<\/div>\n\t\t<\/div>\n\t\t\t\t\t<\/div>\n\t\t<\/section>\n\t\t\t\t<section class=\"elementor-section elementor-top-section elementor-element elementor-element-2bb4e7e elementor-section-boxed elementor-section-height-default elementor-section-height-default\" data-id=\"2bb4e7e\" data-element_type=\"section\" data-e-type=\"section\">\n\t\t\t\t\t\t<div class=\"elementor-container elementor-column-gap-default\">\n\t\t\t\t\t<div class=\"elementor-column elementor-col-33 elementor-top-column elementor-element elementor-element-3a854ab\" data-id=\"3a854ab\" data-element_type=\"column\" data-e-type=\"column\">\n\t\t\t<div class=\"elementor-widget-wrap\">\n\t\t\t\t\t\t\t<\/div>\n\t\t<\/div>\n\t\t\t\t<div class=\"elementor-column elementor-col-33 elementor-top-column elementor-element elementor-element-71b90ac\" data-id=\"71b90ac\" data-element_type=\"column\" data-e-type=\"column\">\n\t\t\t<div class=\"elementor-widget-wrap elementor-element-populated\">\n\t\t\t\t\t\t<div class=\"elementor-element elementor-element-23add50 elementor-align-center elementor-widget elementor-widget-button\" data-id=\"23add50\" data-element_type=\"widget\" data-e-type=\"widget\" data-widget_type=\"button.default\">\n\t\t\t\t<div class=\"elementor-widget-container\">\n\t\t\t\t\t\t\t\t\t<div class=\"elementor-button-wrapper\">\n\t\t\t\t\t<a class=\"elementor-button elementor-button-link elementor-size-sm\" href=\"https:\/\/indexwebsites.com.br\/tg\/sobre\/\">\n\t\t\t\t\t\t<span class=\"elementor-button-content-wrapper\">\n\t\t\t\t\t\t\t\t\t<span class=\"elementor-button-text\">Conhe\u00e7a mais sobre Tech Girls <\/span>\n\t\t\t\t\t<\/span>\n\t\t\t\t\t<\/a>\n\t\t\t\t<\/div>\n\t\t\t\t\t\t\t\t<\/div>\n\t\t\t\t<\/div>\n\t\t\t\t\t<\/div>\n\t\t<\/div>\n\t\t\t\t<div class=\"elementor-column elementor-col-33 elementor-top-column elementor-element elementor-element-d00a1b3\" data-id=\"d00a1b3\" data-element_type=\"column\" data-e-type=\"column\">\n\t\t\t<div class=\"elementor-widget-wrap\">\n\t\t\t\t\t\t\t<\/div>\n\t\t<\/div>\n\t\t\t\t\t<\/div>\n\t\t<\/section>\n\t\t\t\t<section class=\"elementor-section elementor-top-section elementor-element elementor-element-f6d41cd elementor-section-boxed elementor-section-height-default elementor-section-height-default\" data-id=\"f6d41cd\" data-element_type=\"section\" data-e-type=\"section\">\n\t\t\t\t\t\t<div class=\"elementor-container elementor-column-gap-default\">\n\t\t\t\t\t<div class=\"elementor-column elementor-col-50 elementor-top-column elementor-element elementor-element-2458a59\" data-id=\"2458a59\" data-element_type=\"column\" data-e-type=\"column\">\n\t\t\t<div class=\"elementor-widget-wrap elementor-element-populated\">\n\t\t\t\t\t\t<div class=\"elementor-element elementor-element-aa3eaa4 elementor-widget elementor-widget-video\" data-id=\"aa3eaa4\" data-element_type=\"widget\" data-e-type=\"widget\" data-settings=\"{&quot;youtube_url&quot;:&quot;https:\\\/\\\/youtu.be\\\/7hOpxVI3ogQ&quot;,&quot;video_type&quot;:&quot;youtube&quot;,&quot;controls&quot;:&quot;yes&quot;}\" data-widget_type=\"video.default\">\n\t\t\t\t<div class=\"elementor-widget-container\">\n\t\t\t\t\t\t\t<div class=\"elementor-wrapper elementor-open-inline\">\n\t\t\t<div class=\"elementor-video\"><\/div>\t\t<\/div>\n\t\t\t\t\t\t<\/div>\n\t\t\t\t<\/div>\n\t\t\t\t<div class=\"elementor-element elementor-element-871dfba elementor-widget elementor-widget-text-editor\" data-id=\"871dfba\" data-element_type=\"widget\" data-e-type=\"widget\" data-widget_type=\"text-editor.default\">\n\t\t\t\t<div class=\"elementor-widget-container\">\n\t\t\t\t\t\t\t\t\t<p>Assista a reportagem da Globo RPC com a Aluna Tech Girls Rosa Petruy, que recebeu aulas particulares com as educadoras digitais.<\/p>\t\t\t\t\t\t\t\t<\/div>\n\t\t\t\t<\/div>\n\t\t\t\t\t<\/div>\n\t\t<\/div>\n\t\t\t\t<div class=\"elementor-column elementor-col-50 elementor-top-column elementor-element elementor-element-afb49ef\" data-id=\"afb49ef\" data-element_type=\"column\" data-e-type=\"column\">\n\t\t\t<div class=\"elementor-widget-wrap elementor-element-populated\">\n\t\t\t\t\t\t<div class=\"elementor-element elementor-element-26ba2ba elementor-widget elementor-widget-image\" data-id=\"26ba2ba\" data-element_type=\"widget\" data-e-type=\"widget\" data-widget_type=\"image.default\">\n\t\t\t\t<div class=\"elementor-widget-container\">\n\t\t\t\t\t\t\t\t\t\t\t\t\t\t\t<img fetchpriority=\"high\" decoding=\"async\" width=\"800\" height=\"534\" src=\"https:\/\/indexwebsites.com.br\/tg\/wp-content\/uploads\/2021\/07\/WhatsApp-Image-2021-07-13-at-13.15.57-1-1024x683.jpeg\" class=\"attachment-large size-large wp-image-2743 no-lazyload\" alt=\"\" srcset=\"https:\/\/indexwebsites.com.br\/tg\/wp-content\/uploads\/2021\/07\/WhatsApp-Image-2021-07-13-at-13.15.57-1-1024x683.jpeg 1024w, https:\/\/indexwebsites.com.br\/tg\/wp-content\/uploads\/2021\/07\/WhatsApp-Image-2021-07-13-at-13.15.57-1-300x200.jpeg 300w, https:\/\/indexwebsites.com.br\/tg\/wp-content\/uploads\/2021\/07\/WhatsApp-Image-2021-07-13-at-13.15.57-1-768x512.jpeg 768w, https:\/\/indexwebsites.com.br\/tg\/wp-content\/uploads\/2021\/07\/WhatsApp-Image-2021-07-13-at-13.15.57-1.jpeg 1280w\" sizes=\"(max-width: 800px) 100vw, 800px\" \/>\t\t\t\t\t\t\t\t\t\t\t\t\t\t\t<\/div>\n\t\t\t\t<\/div>\n\t\t\t\t\t<\/div>\n\t\t<\/div>\n\t\t\t\t\t<\/div>\n\t\t<\/section>\n\t\t\t\t<\/div>\n\t\t","protected":false},"excerpt":{"rendered":"<p>Tech Girl miss\u00e3o Jap\u00e3o: li\u00e7\u00f5es aprendidas O que surpreendeu uma Tech Girl no Jap\u00e3o Transformador, nada menos do que isso, a minha visita ao Jap\u00e3o em Junho de 2015. N\u00e3o encontrava lixeiras no Jap\u00e3o nos parques e pra\u00e7as. Quando eu perguntei para os locais o que faziam com o lixo qdo queremos descartar na rua, [&hellip;]<\/p>\n","protected":false},"author":1,"featured_media":0,"parent":0,"menu_order":37,"comment_status":"closed","ping_status":"closed","template":"","meta":{"footnotes":""},"class_list":["post-2862","page","type-page","status-publish","hentry"],"_links":{"self":[{"href":"https:\/\/indexwebsites.com.br\/tg\/wp-json\/wp\/v2\/pages\/2862","targetHints":{"allow":["GET"]}}],"collection":[{"href":"https:\/\/indexwebsites.com.br\/tg\/wp-json\/wp\/v2\/pages"}],"about":[{"href":"https:\/\/indexwebsites.com.br\/tg\/wp-json\/wp\/v2\/types\/page"}],"author":[{"embeddable":true,"href":"https:\/\/indexwebsites.com.br\/tg\/wp-json\/wp\/v2\/users\/1"}],"replies":[{"embeddable":true,"href":"https:\/\/indexwebsites.com.br\/tg\/wp-json\/wp\/v2\/comments?post=2862"}],"version-history":[{"count":0,"href":"https:\/\/indexwebsites.com.br\/tg\/wp-json\/wp\/v2\/pages\/2862\/revisions"}],"wp:attachment":[{"href":"https:\/\/indexwebsites.com.br\/tg\/wp-json\/wp\/v2\/media?parent=2862"}],"curies":[{"name":"wp","href":"https:\/\/api.w.org\/{rel}","templated":true}]}}