{"id":2824,"date":"2021-07-27T17:54:42","date_gmt":"2021-07-27T20:54:42","guid":{"rendered":"https:\/\/techgirls.com.br\/?page_id=2824"},"modified":"2022-03-14T23:30:22","modified_gmt":"2022-03-15T02:30:22","slug":"esg","status":"publish","type":"page","link":"https:\/\/indexwebsites.com.br\/tg\/esg\/","title":{"rendered":"ESG"},"content":{"rendered":"\t\t<div data-elementor-type=\"wp-page\" data-elementor-id=\"2824\" class=\"elementor elementor-2824\" data-elementor-post-type=\"page\">\n\t\t\t\t\t\t<section class=\"elementor-section elementor-top-section elementor-element elementor-element-80f48f6 elementor-section-boxed elementor-section-height-default elementor-section-height-default\" data-id=\"80f48f6\" data-element_type=\"section\" data-e-type=\"section\">\n\t\t\t\t\t\t<div class=\"elementor-container elementor-column-gap-default\">\n\t\t\t\t\t<div class=\"elementor-column elementor-col-100 elementor-top-column elementor-element elementor-element-49e5e3f\" data-id=\"49e5e3f\" data-element_type=\"column\" data-e-type=\"column\">\n\t\t\t<div class=\"elementor-widget-wrap elementor-element-populated\">\n\t\t\t\t\t\t<div class=\"elementor-element elementor-element-e82e064 elementor-widget elementor-widget-heading\" data-id=\"e82e064\" data-element_type=\"widget\" data-e-type=\"widget\" data-widget_type=\"heading.default\">\n\t\t\t\t<div class=\"elementor-widget-container\">\n\t\t\t\t\t<h2 class=\"elementor-heading-title elementor-size-default\"><span style=\"font-weight:normal\"><span style=\"font-size: 16pt;font-family: Arial;font-weight: 700;font-style: normal;font-variant: normal\">Finan\u00e7as sustent\u00e1veis das Empresas e o papel do ESG<\/span><\/span><br><span style=\"font-weight:normal\" id=\"docs-internal-guid-14539d08-7fff-af29-aa23-7d8cb4dce3a8\"><span style=\"font-size: 15pt;font-family: Arial;font-weight: 400;font-style: italic;font-variant: normal\">Tech Girls \u00e9 uma solu\u00e7\u00e3o para investidores e Acionistas socialmente respons\u00e1veis<\/span><\/span><\/h2>\t\t\t\t<\/div>\n\t\t\t\t<\/div>\n\t\t\t\t\t<\/div>\n\t\t<\/div>\n\t\t\t\t\t<\/div>\n\t\t<\/section>\n\t\t\t\t<section class=\"elementor-section elementor-top-section elementor-element elementor-element-1ac07d7 elementor-section-boxed elementor-section-height-default elementor-section-height-default\" data-id=\"1ac07d7\" data-element_type=\"section\" data-e-type=\"section\">\n\t\t\t\t\t\t<div class=\"elementor-container elementor-column-gap-default\">\n\t\t\t\t\t<div class=\"elementor-column elementor-col-100 elementor-top-column elementor-element elementor-element-15d8bf4\" data-id=\"15d8bf4\" data-element_type=\"column\" data-e-type=\"column\">\n\t\t\t<div class=\"elementor-widget-wrap elementor-element-populated\">\n\t\t\t\t\t\t<div class=\"elementor-element elementor-element-31a1947 elementor-widget elementor-widget-image\" data-id=\"31a1947\" data-element_type=\"widget\" data-e-type=\"widget\" data-widget_type=\"image.default\">\n\t\t\t\t<div class=\"elementor-widget-container\">\n\t\t\t\t\t\t\t\t\t\t\t\t\t\t\t<img fetchpriority=\"high\" decoding=\"async\" width=\"300\" height=\"272\" src=\"https:\/\/indexwebsites.com.br\/tg\/wp-content\/uploads\/2021\/09\/ESG_2-300x272.jpeg\" class=\"attachment-medium size-medium wp-image-4398 no-lazyload\" alt=\"\" srcset=\"https:\/\/indexwebsites.com.br\/tg\/wp-content\/uploads\/2021\/09\/ESG_2-300x272.jpeg 300w, https:\/\/indexwebsites.com.br\/tg\/wp-content\/uploads\/2021\/09\/ESG_2.jpeg 695w\" sizes=\"(max-width: 300px) 100vw, 300px\" \/>\t\t\t\t\t\t\t\t\t\t\t\t\t\t\t<\/div>\n\t\t\t\t<\/div>\n\t\t\t\t\t<\/div>\n\t\t<\/div>\n\t\t\t\t\t<\/div>\n\t\t<\/section>\n\t\t\t\t<section class=\"elementor-section elementor-top-section elementor-element elementor-element-ecef9e6 elementor-section-boxed elementor-section-height-default elementor-section-height-default\" data-id=\"ecef9e6\" data-element_type=\"section\" data-e-type=\"section\">\n\t\t\t\t\t\t<div class=\"elementor-container elementor-column-gap-default\">\n\t\t\t\t\t<div class=\"elementor-column elementor-col-100 elementor-top-column elementor-element elementor-element-0101dad\" data-id=\"0101dad\" data-element_type=\"column\" data-e-type=\"column\">\n\t\t\t<div class=\"elementor-widget-wrap elementor-element-populated\">\n\t\t\t\t\t\t<div class=\"elementor-element elementor-element-604c531 elementor-widget elementor-widget-text-editor\" data-id=\"604c531\" data-element_type=\"widget\" data-e-type=\"widget\" data-widget_type=\"text-editor.default\">\n\t\t\t\t<div class=\"elementor-widget-container\">\n\t\t\t\t\t\t\t\t\t<p dir=\"ltr\" style=\"line-height: 1.38; margin-top: 0pt; margin-bottom: 0pt;\"><span style=\"font-size: 12pt; font-family: Arial; color: #000000; background-color: #ffffff; font-weight: 400; font-style: normal; font-variant: normal; text-decoration: none; vertical-align: baseline; white-space: pre-wrap;\">Integrar pautas e pol\u00edticas ambientais, sociais e de governan\u00e7a de forma estruturada, consistente e que fortale\u00e7a neg\u00f3cio consciente, est\u00e3o se tornando componentes cr\u00edticos para a tomada de decis\u00f5es financeiras \u00e0 medida que as mudan\u00e7as clim\u00e1ticas e sociais continuam a ter um impacto nos mercados globais.<\/span><\/p><p><span style=\"color: #000000; font-family: Arial; font-size: 12pt; font-style: normal; font-variant-ligatures: normal; font-variant-caps: normal; font-weight: 400; white-space: pre-wrap;\">A urg\u00eancia das empresas na inclus\u00e3o de temas que garantam sua sustentabilidade e perman\u00eancia de forma regenerativa, contribuindo conjuntamente com o planeta e com as pessoas, tem impulsionado a busca pela pauta ESG (Ambiental, Social e de Governan\u00e7a \u2013 ASG, em portugu\u00eas).\u00a0 O que tamb\u00e9m pode ser denominado\u00a0 como \u201cinvestidores socialmente respons\u00e1veis\u201d.<\/span><\/p><p><span style=\"color: #000000; font-family: Arial; font-size: 12pt; font-style: normal; font-variant-ligatures: normal; font-variant-caps: normal; font-weight: 400; white-space: pre-wrap;\">A Agenda 2030, plano global da ONU e fortemente divulgada pelo Pacto Global, e sua abordagem quanto ao ESG v\u00eam para chamar \u00e0 responsabilidade organiza\u00e7\u00f5es e lideran\u00e7as para a variedade de pontos necess\u00e1rios para sustentar um neg\u00f3cio consciente e pr\u00f3spero.<\/span><\/p><p>S\u00e3o bases do desenvolvimento sustent\u00e1vel pela Agenda 2030:<span style=\"color: #000000; font-family: Arial; font-size: 12pt; font-style: normal; font-variant-ligatures: normal; font-variant-caps: normal; font-weight: 400; white-space: pre-wrap;\"><br \/><\/span><\/p><p dir=\"ltr\" style=\"line-height: 1.38; margin-top: 0pt; margin-bottom: 0pt;\">\u00a0<\/p>\t\t\t\t\t\t\t\t<\/div>\n\t\t\t\t<\/div>\n\t\t\t\t\t<\/div>\n\t\t<\/div>\n\t\t\t\t\t<\/div>\n\t\t<\/section>\n\t\t\t\t<section class=\"elementor-section elementor-top-section elementor-element elementor-element-3af2fb6 elementor-section-boxed elementor-section-height-default elementor-section-height-default\" data-id=\"3af2fb6\" data-element_type=\"section\" data-e-type=\"section\">\n\t\t\t\t\t\t<div class=\"elementor-container elementor-column-gap-default\">\n\t\t\t\t\t<div class=\"elementor-column elementor-col-100 elementor-top-column elementor-element elementor-element-5f41366\" data-id=\"5f41366\" data-element_type=\"column\" data-e-type=\"column\">\n\t\t\t<div class=\"elementor-widget-wrap elementor-element-populated\">\n\t\t\t\t\t\t<div class=\"elementor-element elementor-element-4c1a2f2 elementor-widget elementor-widget-image\" data-id=\"4c1a2f2\" data-element_type=\"widget\" data-e-type=\"widget\" data-widget_type=\"image.default\">\n\t\t\t\t<div class=\"elementor-widget-container\">\n\t\t\t\t\t\t\t\t\t\t\t\t\t\t\t<img decoding=\"async\" width=\"800\" height=\"371\" src=\"https:\/\/indexwebsites.com.br\/tg\/wp-content\/uploads\/2021\/09\/ODS_3.png\" class=\"attachment-large size-large wp-image-4402 no-lazyload\" alt=\"\" srcset=\"https:\/\/indexwebsites.com.br\/tg\/wp-content\/uploads\/2021\/09\/ODS_3.png 800w, https:\/\/indexwebsites.com.br\/tg\/wp-content\/uploads\/2021\/09\/ODS_3-300x139.png 300w, https:\/\/indexwebsites.com.br\/tg\/wp-content\/uploads\/2021\/09\/ODS_3-768x356.png 768w\" sizes=\"(max-width: 800px) 100vw, 800px\" \/>\t\t\t\t\t\t\t\t\t\t\t\t\t\t\t<\/div>\n\t\t\t\t<\/div>\n\t\t\t\t\t<\/div>\n\t\t<\/div>\n\t\t\t\t\t<\/div>\n\t\t<\/section>\n\t\t\t\t<section class=\"elementor-section elementor-top-section elementor-element elementor-element-f435bc2 elementor-section-boxed elementor-section-height-default elementor-section-height-default\" data-id=\"f435bc2\" data-element_type=\"section\" data-e-type=\"section\">\n\t\t\t\t\t\t<div class=\"elementor-container elementor-column-gap-default\">\n\t\t\t\t\t<div class=\"elementor-column elementor-col-100 elementor-top-column elementor-element elementor-element-66e21c7\" data-id=\"66e21c7\" data-element_type=\"column\" data-e-type=\"column\">\n\t\t\t<div class=\"elementor-widget-wrap elementor-element-populated\">\n\t\t\t\t\t\t<div class=\"elementor-element elementor-element-32d62b4 elementor-widget elementor-widget-text-editor\" data-id=\"32d62b4\" data-element_type=\"widget\" data-e-type=\"widget\" data-widget_type=\"text-editor.default\">\n\t\t\t\t<div class=\"elementor-widget-container\">\n\t\t\t\t\t\t\t\t\t<p><b>Os projetos das Tech Girls priorizam tem\u00e1ticas da Agenda 2030 da Organiza\u00e7\u00f5es das Na\u00e7\u00f5es Unidas (ONU)<\/b><\/p>\t\t\t\t\t\t\t\t<\/div>\n\t\t\t\t<\/div>\n\t\t\t\t\t<\/div>\n\t\t<\/div>\n\t\t\t\t\t<\/div>\n\t\t<\/section>\n\t\t\t\t<section class=\"elementor-section elementor-top-section elementor-element elementor-element-39c57f5 elementor-section-boxed elementor-section-height-default elementor-section-height-default\" data-id=\"39c57f5\" data-element_type=\"section\" data-e-type=\"section\">\n\t\t\t\t\t\t<div class=\"elementor-container elementor-column-gap-default\">\n\t\t\t\t\t<div class=\"elementor-column elementor-col-100 elementor-top-column elementor-element elementor-element-0948ca9\" data-id=\"0948ca9\" data-element_type=\"column\" data-e-type=\"column\">\n\t\t\t<div class=\"elementor-widget-wrap elementor-element-populated\">\n\t\t\t\t\t\t<div class=\"elementor-element elementor-element-d19f19c elementor-widget elementor-widget-text-editor\" data-id=\"d19f19c\" data-element_type=\"widget\" data-e-type=\"widget\" data-widget_type=\"text-editor.default\">\n\t\t\t\t<div class=\"elementor-widget-container\">\n\t\t\t\t\t\t\t\t\t<p><b>Tech Girls contempla 11 dos 17 Objetivos Sustent\u00e1vel ONU<\/b><\/p>\t\t\t\t\t\t\t\t<\/div>\n\t\t\t\t<\/div>\n\t\t\t\t\t<\/div>\n\t\t<\/div>\n\t\t\t\t\t<\/div>\n\t\t<\/section>\n\t\t\t\t<section class=\"elementor-section elementor-top-section elementor-element elementor-element-7dbcccf elementor-section-boxed elementor-section-height-default elementor-section-height-default\" data-id=\"7dbcccf\" data-element_type=\"section\" data-e-type=\"section\">\n\t\t\t\t\t\t<div class=\"elementor-container elementor-column-gap-default\">\n\t\t\t\t\t<div class=\"elementor-column elementor-col-100 elementor-top-column elementor-element elementor-element-0cd1e75\" data-id=\"0cd1e75\" data-element_type=\"column\" data-e-type=\"column\">\n\t\t\t<div class=\"elementor-widget-wrap elementor-element-populated\">\n\t\t\t\t\t\t<div class=\"elementor-element elementor-element-a45189a elementor-widget elementor-widget-image\" data-id=\"a45189a\" data-element_type=\"widget\" data-e-type=\"widget\" data-widget_type=\"image.default\">\n\t\t\t\t<div class=\"elementor-widget-container\">\n\t\t\t\t\t\t\t\t\t\t\t\t\t\t\t<img decoding=\"async\" width=\"600\" height=\"550\" src=\"https:\/\/indexwebsites.com.br\/tg\/wp-content\/uploads\/2021\/09\/Co\u0301pia-de-ODS.png\" class=\"attachment-medium_large size-medium_large wp-image-4386 no-lazyload\" alt=\"\" srcset=\"https:\/\/indexwebsites.com.br\/tg\/wp-content\/uploads\/2021\/09\/Co\u0301pia-de-ODS.png 600w, https:\/\/indexwebsites.com.br\/tg\/wp-content\/uploads\/2021\/09\/Co\u0301pia-de-ODS-300x275.png 300w\" sizes=\"(max-width: 600px) 100vw, 600px\" \/>\t\t\t\t\t\t\t\t\t\t\t\t\t\t\t<\/div>\n\t\t\t\t<\/div>\n\t\t\t\t\t<\/div>\n\t\t<\/div>\n\t\t\t\t\t<\/div>\n\t\t<\/section>\n\t\t\t\t<section class=\"elementor-section elementor-top-section elementor-element elementor-element-513d26b elementor-section-boxed elementor-section-height-default elementor-section-height-default\" data-id=\"513d26b\" data-element_type=\"section\" data-e-type=\"section\">\n\t\t\t\t\t\t<div class=\"elementor-container elementor-column-gap-default\">\n\t\t\t\t\t<div class=\"elementor-column elementor-col-100 elementor-top-column elementor-element elementor-element-dbab70f\" data-id=\"dbab70f\" data-element_type=\"column\" data-e-type=\"column\">\n\t\t\t<div class=\"elementor-widget-wrap elementor-element-populated\">\n\t\t\t\t\t\t<div class=\"elementor-element elementor-element-fe1f5ce elementor-widget elementor-widget-text-editor\" data-id=\"fe1f5ce\" data-element_type=\"widget\" data-e-type=\"widget\" data-widget_type=\"text-editor.default\">\n\t\t\t\t<div class=\"elementor-widget-container\">\n\t\t\t\t\t\t\t\t\t<p><strong>O \u201cS\u201d da ESG: import\u00e2ncia e como abordar na sua empresa<\/strong><\/p>\t\t\t\t\t\t\t\t<\/div>\n\t\t\t\t<\/div>\n\t\t\t\t\t<\/div>\n\t\t<\/div>\n\t\t\t\t\t<\/div>\n\t\t<\/section>\n\t\t\t\t<section class=\"elementor-section elementor-top-section elementor-element elementor-element-5931b4f elementor-section-boxed elementor-section-height-default elementor-section-height-default\" data-id=\"5931b4f\" data-element_type=\"section\" data-e-type=\"section\">\n\t\t\t\t\t\t<div class=\"elementor-container elementor-column-gap-default\">\n\t\t\t\t\t<div class=\"elementor-column elementor-col-100 elementor-top-column elementor-element elementor-element-ec082c9\" data-id=\"ec082c9\" data-element_type=\"column\" data-e-type=\"column\">\n\t\t\t<div class=\"elementor-widget-wrap elementor-element-populated\">\n\t\t\t\t\t\t<div class=\"elementor-element elementor-element-8d7ba87 elementor-widget elementor-widget-text-editor\" data-id=\"8d7ba87\" data-element_type=\"widget\" data-e-type=\"widget\" data-widget_type=\"text-editor.default\">\n\t\t\t\t<div class=\"elementor-widget-container\">\n\t\t\t\t\t\t\t\t\t<p><span style=\"font-weight: 400;\">Seu neg\u00f3cio entende o poder transformador das a\u00e7\u00f5es de impacto social e est\u00e1 buscando projetos que tragam impacto para sua comunidade?\u00a0<\/span><\/p><p><span style=\"font-weight: 400;\">Os projetos da Tech Girls s\u00e3o ferramentas pr\u00e1ticas e efetivas para gerar transforma\u00e7\u00e3o m\u00fatua na empresa e em seus p\u00fablicos de interesse.<\/span><\/p><p><span style=\"font-weight: 400;\">Para voc\u00ea ter uma ideia, um <\/span><a href=\"https:\/\/g1.globo.com\/economia\/noticia\/2020\/07\/03\/maioria-das-empresas-que-investem-em-sustentabilidade-buscam-melhoria-da-imagem-diz-ibge.ghtml\"><span style=\"font-weight: 400;\">levantamento do IBGE<\/span><\/a><span style=\"font-weight: 400;\"> divulgado em mar\u00e7o de 2020 mostra que <\/span><b>59,4% das empresas que investem em responsabilidade social acreditam que seu maior objetivo \u00e9 melhorar a reputa\u00e7\u00e3o institucional. <\/b><span style=\"font-weight: 400;\">Em contrapartida, <\/span><b>54,3% justificam os investimentos como \u201cfoco na adequa\u00e7\u00e3o aos c\u00f3digos de boas pr\u00e1ticas ambientais\u201d.<\/b><\/p><p><span style=\"font-weight: 400;\">Apostar no S da ESG pode, sim, trazer como consequ\u00eancia o aumento da reputa\u00e7\u00e3o corporativa. Por\u00e9m, \u00e9 muito mais do que isso. O investimento em pr\u00e1ticas de impacto social \u00e9 um caminho certeiro para a longevidade da empresa e da parceria entre ela e seus stakeholders.\u00a0<\/span><\/p><p><span style=\"font-weight: 400;\">A defini\u00e7\u00e3o do S da ESG \u00e9 bastante ampla. H\u00e1 organiza\u00e7\u00f5es que tratam o Social do ponto de vista da Responsabilidade Social. Outras focam as a\u00e7\u00f5es para o ambiente interno da organiza\u00e7\u00e3o, se atendo a boas pr\u00e1ticas trabalhistas. H\u00e1 ainda aquelas que atribuem \u00e0 palavra o sentido assistencialista, caracterizando-a como um conjunto de doa\u00e7\u00f5es a comunidades e p\u00fablicos vulner\u00e1veis.\u00a0<\/span><\/p><p><span style=\"font-weight: 400;\">Iniciativas sociais implementadas pelas Tech Girls podem ser usadas de forma estrat\u00e9gica para <\/span><a href=\"https:\/\/impactosocial.esolidar.com\/2021\/01\/26\/porque-as-empresas-precisam-fazer-impacto-social\/\"><span style=\"font-weight: 400;\">fazer impacto social<\/span><\/a><span style=\"font-weight: 400;\"> positivo nos p\u00fablicos de interesse de uma organiza\u00e7\u00e3o.<\/span><\/p><p><span style=\"font-weight: 400;\">Sendo assim, nas a\u00e7\u00f5es das Tech Girls podemos encontrar o &#8220;S&#8221; da ESG em a\u00e7\u00f5es corporativas voltadas para:\u00a0<\/span><\/p><p><span style=\"font-weight: 400;\">\u25a0\u00a0 <\/span>Meta 1- Erradica\u00e7\u00e3o da Pobreza &#8211; Em 2020, o Brasil registrou um d\u00e9ficit de m\u00e3o de obra qualificada em TI de 408 mil profissionais, de acordo com a Associa\u00e7\u00e3o para Promo\u00e7\u00e3o da Excel\u00eancia do Software Brasileiro (Softex)<br \/><span style=\"font-weight: 400;\">\u25a0\u00a0 <\/span>Meta 4 -Educa\u00e7\u00e3o de Qualidade &#8211; Racioc\u00ednio l\u00f3gico \u00e9 pouco explorado nas escolas brasileiras e \u00e9 essencial para a l\u00f3gica de programa\u00e7\u00e3o, este tema \u00e9 presente no conte\u00fado Tech Girls<br \/><span style=\"font-weight: 400;\">\u25a0\u00a0 <\/span>Meta 5- Igualdade de G\u00eanero &#8211; Apesar de serem maioria na popula\u00e7\u00e3o e no Ensino Superior, o Censo IBGE 2010 mostrou que as mulheres brasileiras representam apenas 22% das turmas de Ci\u00eancias da Computa\u00e7\u00e3o e, \u00e9 claro, a falta de representatividade na educa\u00e7\u00e3o continua no mercado de trabalho.<br \/><span style=\"font-weight: 400;\">\u25a0\u00a0 <\/span>Meta 8- Trabalho Decente e Crescimento Econ\u00f4mico &#8211; As possibilidades de ocupa\u00e7\u00e3o em tecnologia \u00e9 ampla: desde trabalho home office, como empreender.<br \/><span style=\"font-weight: 400;\">\u25a0\u00a0 <\/span>Meta 9- Ind\u00fastria de Transforma\u00e7\u00e3o e Infraestrutura &#8211; Independente do segmento de atividade da empresa, a tecnologia virou &#8220;core&#8221;<br \/><span style=\"font-weight: 400;\">\u25a0\u00a0 <\/span>Meta 10- Redu\u00e7\u00e3o das Desigualdades &#8211; \u00c9 necess\u00e1rio ter conhecimento de tecnologia at\u00e9 para ter acesso as vagas de emprego e se inscrever em processo de sele\u00e7\u00e3o. A analfabeta digital ter\u00e1 pouqu\u00edssimas chances de participar do mercado de trabalho<br \/><span style=\"font-weight: 400;\">\u25a0\u00a0 <\/span>Meta 11- Cidades e Comunidades Sustent\u00e1veis &#8211; Re-utiliza\u00e7\u00e3o de equipamentos de tecnologia, reduz o lixo eletr\u00f4nico que \u00e9 um grande problemas nas grandes cidades<br \/><span style=\"font-weight: 400;\">\u25a0\u00a0 <\/span>Meta 12- Consumo e Produ\u00e7\u00e3o Respons\u00e1veis &#8211; Resignificar o lixo eletr\u00f4nico, em ferramenta de trabalho para mulheres<\/p><p><span style=\"font-weight: 400;\">\u25a0\u00a0 <\/span>Meta 13- A\u00e7\u00e3o contra a mudan\u00e7a global do clima &#8211; O material eletr\u00f4nico quando descartado incorretamente, causa danos a natureza e ao homem<br \/><span style=\"font-weight: 400;\">\u25a0\u00a0 <\/span>Meta 15- Vida Terrestre &#8211; Equilibrio entre o que o homem produz, consome e seu descarte, por meio da educa\u00e7\u00e3o<br \/><span style=\"font-weight: 400;\">\u25a0\u00a0 <\/span>Meta 17- Parcerias e meios de implementa\u00e7\u00e3o- As Tech Girls sempre atrai parcerias para viabilizar e amplificar para que cheguem no maior n\u00fameros de mulheres<\/p><p><span style=\"font-weight: 400;\">Conhe\u00e7a mais detalhes sobre os projetos on demand Tech Girls na \u00e1rea de ESG para a sua empresa.<\/span><\/p>\t\t\t\t\t\t\t\t<\/div>\n\t\t\t\t<\/div>\n\t\t\t\t\t<\/div>\n\t\t<\/div>\n\t\t\t\t\t<\/div>\n\t\t<\/section>\n\t\t\t\t<section class=\"elementor-section elementor-top-section elementor-element elementor-element-2bb4e7e elementor-section-boxed elementor-section-height-default elementor-section-height-default\" data-id=\"2bb4e7e\" data-element_type=\"section\" data-e-type=\"section\">\n\t\t\t\t\t\t<div class=\"elementor-container elementor-column-gap-default\">\n\t\t\t\t\t<div class=\"elementor-column elementor-col-33 elementor-top-column elementor-element elementor-element-3a854ab\" data-id=\"3a854ab\" data-element_type=\"column\" data-e-type=\"column\">\n\t\t\t<div class=\"elementor-widget-wrap\">\n\t\t\t\t\t\t\t<\/div>\n\t\t<\/div>\n\t\t\t\t<div class=\"elementor-column elementor-col-33 elementor-top-column elementor-element elementor-element-71b90ac\" data-id=\"71b90ac\" data-element_type=\"column\" data-e-type=\"column\">\n\t\t\t<div class=\"elementor-widget-wrap elementor-element-populated\">\n\t\t\t\t\t\t<div class=\"elementor-element elementor-element-23add50 elementor-align-center elementor-widget elementor-widget-button\" data-id=\"23add50\" data-element_type=\"widget\" data-e-type=\"widget\" data-widget_type=\"button.default\">\n\t\t\t\t<div class=\"elementor-widget-container\">\n\t\t\t\t\t\t\t\t\t<div class=\"elementor-button-wrapper\">\n\t\t\t\t\t<a class=\"elementor-button elementor-button-link elementor-size-sm\" href=\"https:\/\/indexwebsites.com.br\/tg\/portfolio\">\n\t\t\t\t\t\t<span class=\"elementor-button-content-wrapper\">\n\t\t\t\t\t\t\t\t\t<span class=\"elementor-button-text\">Conhe\u00e7a o Portfolio Tech Girls<\/span>\n\t\t\t\t\t<\/span>\n\t\t\t\t\t<\/a>\n\t\t\t\t<\/div>\n\t\t\t\t\t\t\t\t<\/div>\n\t\t\t\t<\/div>\n\t\t\t\t\t<\/div>\n\t\t<\/div>\n\t\t\t\t<div class=\"elementor-column elementor-col-33 elementor-top-column elementor-element elementor-element-d00a1b3\" data-id=\"d00a1b3\" data-element_type=\"column\" data-e-type=\"column\">\n\t\t\t<div class=\"elementor-widget-wrap\">\n\t\t\t\t\t\t\t<\/div>\n\t\t<\/div>\n\t\t\t\t\t<\/div>\n\t\t<\/section>\n\t\t\t\t<section class=\"elementor-section elementor-top-section elementor-element elementor-element-f6d41cd elementor-section-boxed elementor-section-height-default elementor-section-height-default\" data-id=\"f6d41cd\" data-element_type=\"section\" data-e-type=\"section\">\n\t\t\t\t\t\t<div class=\"elementor-container elementor-column-gap-default\">\n\t\t\t\t\t<div class=\"elementor-column elementor-col-50 elementor-top-column elementor-element elementor-element-2458a59\" data-id=\"2458a59\" data-element_type=\"column\" data-e-type=\"column\">\n\t\t\t<div class=\"elementor-widget-wrap elementor-element-populated\">\n\t\t\t\t\t\t<div class=\"elementor-element elementor-element-aa3eaa4 elementor-widget elementor-widget-video\" data-id=\"aa3eaa4\" data-element_type=\"widget\" data-e-type=\"widget\" data-settings=\"{&quot;youtube_url&quot;:&quot;https:\\\/\\\/youtu.be\\\/7hOpxVI3ogQ&quot;,&quot;video_type&quot;:&quot;youtube&quot;,&quot;controls&quot;:&quot;yes&quot;}\" data-widget_type=\"video.default\">\n\t\t\t\t<div class=\"elementor-widget-container\">\n\t\t\t\t\t\t\t<div class=\"elementor-wrapper elementor-open-inline\">\n\t\t\t<div class=\"elementor-video\"><\/div>\t\t<\/div>\n\t\t\t\t\t\t<\/div>\n\t\t\t\t<\/div>\n\t\t\t\t<div class=\"elementor-element elementor-element-871dfba elementor-widget elementor-widget-text-editor\" data-id=\"871dfba\" data-element_type=\"widget\" data-e-type=\"widget\" data-widget_type=\"text-editor.default\">\n\t\t\t\t<div class=\"elementor-widget-container\">\n\t\t\t\t\t\t\t\t\t<p>Assista a reportagem da Globo RPC com a Aluna Tech Girls Rosa Petruy, que recebeu aulas particulares com as educadoras digitais.<\/p>\t\t\t\t\t\t\t\t<\/div>\n\t\t\t\t<\/div>\n\t\t\t\t\t<\/div>\n\t\t<\/div>\n\t\t\t\t<div class=\"elementor-column elementor-col-50 elementor-top-column elementor-element elementor-element-afb49ef\" data-id=\"afb49ef\" data-element_type=\"column\" data-e-type=\"column\">\n\t\t\t<div class=\"elementor-widget-wrap elementor-element-populated\">\n\t\t\t\t\t\t<div class=\"elementor-element elementor-element-26ba2ba elementor-widget elementor-widget-image\" data-id=\"26ba2ba\" data-element_type=\"widget\" data-e-type=\"widget\" data-widget_type=\"image.default\">\n\t\t\t\t<div class=\"elementor-widget-container\">\n\t\t\t\t\t\t\t\t\t\t\t\t\t\t\t<img loading=\"lazy\" decoding=\"async\" width=\"800\" height=\"534\" src=\"https:\/\/indexwebsites.com.br\/tg\/wp-content\/uploads\/2021\/07\/WhatsApp-Image-2021-07-13-at-13.15.57-1-1024x683.jpeg\" class=\"attachment-large size-large wp-image-2743 no-lazyload\" alt=\"\" srcset=\"https:\/\/indexwebsites.com.br\/tg\/wp-content\/uploads\/2021\/07\/WhatsApp-Image-2021-07-13-at-13.15.57-1-1024x683.jpeg 1024w, https:\/\/indexwebsites.com.br\/tg\/wp-content\/uploads\/2021\/07\/WhatsApp-Image-2021-07-13-at-13.15.57-1-300x200.jpeg 300w, https:\/\/indexwebsites.com.br\/tg\/wp-content\/uploads\/2021\/07\/WhatsApp-Image-2021-07-13-at-13.15.57-1-768x512.jpeg 768w, https:\/\/indexwebsites.com.br\/tg\/wp-content\/uploads\/2021\/07\/WhatsApp-Image-2021-07-13-at-13.15.57-1.jpeg 1280w\" sizes=\"(max-width: 800px) 100vw, 800px\" \/>\t\t\t\t\t\t\t\t\t\t\t\t\t\t\t<\/div>\n\t\t\t\t<\/div>\n\t\t\t\t\t<\/div>\n\t\t<\/div>\n\t\t\t\t\t<\/div>\n\t\t<\/section>\n\t\t\t\t<\/div>\n\t\t","protected":false},"excerpt":{"rendered":"<p>Finan\u00e7as sustent\u00e1veis das Empresas e o papel do ESGTech Girls \u00e9 uma solu\u00e7\u00e3o para investidores e Acionistas socialmente respons\u00e1veis Integrar pautas e pol\u00edticas ambientais, sociais e de governan\u00e7a de forma estruturada, consistente e que fortale\u00e7a neg\u00f3cio consciente, est\u00e3o se tornando componentes cr\u00edticos para a tomada de decis\u00f5es financeiras \u00e0 medida que as mudan\u00e7as clim\u00e1ticas e [&hellip;]<\/p>\n","protected":false},"author":1,"featured_media":0,"parent":0,"menu_order":39,"comment_status":"closed","ping_status":"closed","template":"","meta":{"footnotes":""},"class_list":["post-2824","page","type-page","status-publish","hentry"],"_links":{"self":[{"href":"https:\/\/indexwebsites.com.br\/tg\/wp-json\/wp\/v2\/pages\/2824","targetHints":{"allow":["GET"]}}],"collection":[{"href":"https:\/\/indexwebsites.com.br\/tg\/wp-json\/wp\/v2\/pages"}],"about":[{"href":"https:\/\/indexwebsites.com.br\/tg\/wp-json\/wp\/v2\/types\/page"}],"author":[{"embeddable":true,"href":"https:\/\/indexwebsites.com.br\/tg\/wp-json\/wp\/v2\/users\/1"}],"replies":[{"embeddable":true,"href":"https:\/\/indexwebsites.com.br\/tg\/wp-json\/wp\/v2\/comments?post=2824"}],"version-history":[{"count":4,"href":"https:\/\/indexwebsites.com.br\/tg\/wp-json\/wp\/v2\/pages\/2824\/revisions"}],"predecessor-version":[{"id":6163,"href":"https:\/\/indexwebsites.com.br\/tg\/wp-json\/wp\/v2\/pages\/2824\/revisions\/6163"}],"wp:attachment":[{"href":"https:\/\/indexwebsites.com.br\/tg\/wp-json\/wp\/v2\/media?parent=2824"}],"curies":[{"name":"wp","href":"https:\/\/api.w.org\/{rel}","templated":true}]}}