{"id":277,"date":"2020-03-19T11:19:34","date_gmt":"2020-03-19T14:19:34","guid":{"rendered":"https:\/\/techgirls.com.br\/?page_id=277"},"modified":"2020-03-19T11:21:39","modified_gmt":"2020-03-19T14:21:39","slug":"app-violencia-mulheres","status":"publish","type":"page","link":"https:\/\/indexwebsites.com.br\/tg\/app-violencia-mulheres\/","title":{"rendered":"App Violencia Mulheres"},"content":{"rendered":"\t\t<div data-elementor-type=\"wp-page\" data-elementor-id=\"277\" class=\"elementor elementor-277\" data-elementor-post-type=\"page\">\n\t\t\t\t\t\t<section class=\"elementor-section elementor-top-section elementor-element elementor-element-f419983 elementor-section-boxed elementor-section-height-default elementor-section-height-default\" data-id=\"f419983\" data-element_type=\"section\" data-e-type=\"section\">\n\t\t\t\t\t\t<div class=\"elementor-container elementor-column-gap-default\">\n\t\t\t\t\t<div class=\"elementor-column elementor-col-100 elementor-top-column elementor-element elementor-element-7dd39ec\" data-id=\"7dd39ec\" data-element_type=\"column\" data-e-type=\"column\">\n\t\t\t<div class=\"elementor-widget-wrap elementor-element-populated\">\n\t\t\t\t\t\t<div class=\"elementor-element elementor-element-f515b4c elementor-widget elementor-widget-text-editor\" data-id=\"f515b4c\" data-element_type=\"widget\" data-e-type=\"widget\" data-widget_type=\"text-editor.default\">\n\t\t\t\t<div class=\"elementor-widget-container\">\n\t\t\t\t\t\t\t\t\t<h1 class=\"fusion-post-title\" data-fontsize=\"22\" data-lineheight=\"27\">Aplicativos que combatem a viol\u00eancia contra as mulheres<\/h1><div class=\"fusion-flexslider flexslider post-slideshow fusion-post-slideshow\"><ul class=\"slides\"><li class=\"flex-active-slide\"><a title=\"\" href=\"https:\/\/institutolegado.org\/wp\/wp-content\/uploads\/2020\/03\/girl-4592925_1920.jpg\" data-rel=\"iLightbox[gallery4155]\" data-title=\"girl-4592925_1920\" data-caption=\"\" aria-label=\"girl-4592925_1920\" class=\"no-lazyload\"><span class=\"screen-reader-text\">View Larger Image<\/span><img fetchpriority=\"high\" decoding=\"async\" class=\"attachment-full size-full wp-post-image lazyautosizes lazyloaded no-lazyload\" draggable=\"false\" src=\"https:\/\/institutolegado.org\/wp\/wp-content\/uploads\/2020\/03\/girl-4592925_1920.jpg\" sizes=\"752px\" srcset=\"https:\/\/institutolegado.org\/wp\/wp-content\/uploads\/2020\/03\/girl-4592925_1920-200x159.jpg 200w, https:\/\/institutolegado.org\/wp\/wp-content\/uploads\/2020\/03\/girl-4592925_1920-400x318.jpg 400w, https:\/\/institutolegado.org\/wp\/wp-content\/uploads\/2020\/03\/girl-4592925_1920-600x476.jpg 600w, https:\/\/institutolegado.org\/wp\/wp-content\/uploads\/2020\/03\/girl-4592925_1920-800x635.jpg 800w, https:\/\/institutolegado.org\/wp\/wp-content\/uploads\/2020\/03\/girl-4592925_1920-1200x953.jpg 1200w, https:\/\/institutolegado.org\/wp\/wp-content\/uploads\/2020\/03\/girl-4592925_1920.jpg 1920w\" alt=\"aplicativos que combatem viol\u00eancia contra mulher\" width=\"1920\" height=\"1524\" data-orig-src=\"https:\/\/institutolegado.org\/wp\/wp-content\/uploads\/2020\/03\/girl-4592925_1920.jpg\" data-srcset=\"https:\/\/institutolegado.org\/wp\/wp-content\/uploads\/2020\/03\/girl-4592925_1920-200x159.jpg 200w, https:\/\/institutolegado.org\/wp\/wp-content\/uploads\/2020\/03\/girl-4592925_1920-400x318.jpg 400w, https:\/\/institutolegado.org\/wp\/wp-content\/uploads\/2020\/03\/girl-4592925_1920-600x476.jpg 600w, https:\/\/institutolegado.org\/wp\/wp-content\/uploads\/2020\/03\/girl-4592925_1920-800x635.jpg 800w, https:\/\/institutolegado.org\/wp\/wp-content\/uploads\/2020\/03\/girl-4592925_1920-1200x953.jpg 1200w, https:\/\/institutolegado.org\/wp\/wp-content\/uploads\/2020\/03\/girl-4592925_1920.jpg 1920w\" data-sizes=\"auto\" \/><\/a><\/li><\/ul><ul class=\"flex-direction-nav\"><li class=\"flex-nav-prev\">\u00a0<\/li><li class=\"flex-nav-next\">\u00a0<\/li><\/ul><\/div><div class=\"post-content\"><p>Em 2018, 1 em cada 4 brasileiras sofreu algum tipo de viol\u00eancia. Os dados s\u00e3o de uma pesquisa publicada pelo F\u00f3rum Brasileiro de Seguran\u00e7a P\u00fablica e realizada pelo Instituto Datafolha. De acordo com o estudo, 27,4% das brasileiras acima dos 16 anos passaram por algum tipo de viol\u00eancia, 42% dos casos ocorreram no ambiente dom\u00e9stico. Outro dado alarmante: mais da metade das v\u00edtimas (52%) n\u00e3o denunciou o agressor ou procurou ajuda. Seja por medo, vergonha ou at\u00e9 falta de conhecimento, muitas mulheres se mant\u00eam em sil\u00eancio, o que contribui para a manuten\u00e7\u00e3o do ciclo de viol\u00eancia.<\/p><p>Em comunicado oficial divulgado esta semana, a diretora-executiva da ONU Mulheres, Phumzile Mlambo-Ngcuka, afirmou que ainda faltam a\u00e7\u00f5es eficazes para para aumentar a representa\u00e7\u00e3o das mulheres nos processos decis\u00f3rios. \u201cA an\u00e1lise dos direitos das mulheres mostra que, apesar de alguns progressos, nenhum pa\u00eds alcan\u00e7ou a igualdade de g\u00eanero\u201d. De acordo com o relat\u00f3rio \u201cRevis\u00e3o dos direitos das mulheres, 25 anos depois de Pequim\u201d , publicado pela ONU,\u00a0apesar dos desafios globais sem precedentes, \u00e9 poss\u00edvel uma mudan\u00e7a positiva.\u00a0 Movimentos feministas, a\u00e7\u00f5es coletivas pela responsabiliza\u00e7\u00e3o por crimes contra mulheres, amplia\u00e7\u00e3o de servi\u00e7os p\u00fablicos para atender aos direitos delas e o aumento da participa\u00e7\u00e3o na pol\u00edtica e na constru\u00e7\u00e3o da paz s\u00e3o alguns exemplos do que est\u00e1 sendo feito.\u00a0<\/p><h3 data-fontsize=\"16\" data-lineheight=\"24\">Tecnologia para combater a viol\u00eancia<\/h3><p>Aqui no Brasil, mulheres de v\u00e1rias partes do pa\u00eds tamb\u00e9m est\u00e3o usando a tecnologia para denunciar e combater a viol\u00eancia de g\u00eanero, al\u00e9m de oferecer uma rede de apoio para v\u00edtimas. Listamos tr\u00eas aplicativos que est\u00e3o ajudando a empoderar e conectar o p\u00fablico feminino. Conhe\u00e7a as op\u00e7\u00f5es, salve no celular e compartilhe com as amigas. Vamos juntas?<\/p><p><b>PenhaS<\/b><\/p><p>Oferece apoio para mulheres em relacionamentos abusivos. Nele, mulheres (em situa\u00e7\u00e3o de viol\u00eancia ou n\u00e3o) podem ter acesso a: informa\u00e7\u00e3o, di\u00e1logo sigiloso, apoio, rede de acolhimento e bot\u00e3o de p\u00e2nico.<\/p><p><a class=\"fusion-no-lightbox\" href=\"https:\/\/play.google.com\/store\/apps\/details?id=penhas.com.br&amp;hl=pt_BR\"><img decoding=\"async\" class=\"alignnone lazyloaded no-lazyload\" src=\"https:\/\/lh3.googleusercontent.com\/QodCMNHfkURurnENNy-FQU8obTrpqLVW0875MN3CVqD4gB052gkrgS8GAtAJxiUNRw=w1366-h608-rw\" alt=\"aplicativos que combatem viol\u00eancia contra mulher\" width=\"157\" height=\"279\" data-orig-src=\"https:\/\/lh3.googleusercontent.com\/QodCMNHfkURurnENNy-FQU8obTrpqLVW0875MN3CVqD4gB052gkrgS8GAtAJxiUNRw=w1366-h608-rw\" \/><\/a>\u00a0<img decoding=\"async\" class=\"alignnone lazyloaded no-lazyload\" src=\"https:\/\/lh3.googleusercontent.com\/TPq3OJJsj_qR6LadxmPzWCj0NapBkWNt6jKO12Y_Xe9AydqLRddVQ94q1ruSBZdZUao=w1366-h608-rw\" alt=\"aplicativos que combatem viol\u00eancia contra mulher\" width=\"157\" height=\"279\" data-orig-src=\"https:\/\/lh3.googleusercontent.com\/TPq3OJJsj_qR6LadxmPzWCj0NapBkWNt6jKO12Y_Xe9AydqLRddVQ94q1ruSBZdZUao=w1366-h608-rw\" \/>\u00a0\u00a0<img loading=\"lazy\" decoding=\"async\" class=\"alignnone lazyloaded no-lazyload\" src=\"https:\/\/lh3.googleusercontent.com\/Nkg7UYuQB7dLLrtTulyzqB7Lek5ua9sSlhkrZIAVmN0qN2Cxat8tIGs9u2sj8tp_pdtI=w1366-h608-rw\" alt=\"aplicativos que combatem viol\u00eancia contra mulher\" width=\"158\" height=\"281\" data-orig-src=\"https:\/\/lh3.googleusercontent.com\/Nkg7UYuQB7dLLrtTulyzqB7Lek5ua9sSlhkrZIAVmN0qN2Cxat8tIGs9u2sj8tp_pdtI=w1366-h608-rw\" \/>\u00a0\u00a0<img loading=\"lazy\" decoding=\"async\" class=\"alignnone lazyloaded no-lazyload\" src=\"https:\/\/lh3.googleusercontent.com\/hLLuNB7W38ZiOGS5Ybf3GCI3hKMsF-xVD5zhowju5vmut4PI-ySg1oDhFMrljebjQY0=w1366-h608-rw\" alt=\"aplicativos que combatem viol\u00eancia contra mulher\" width=\"157\" height=\"280\" data-orig-src=\"https:\/\/lh3.googleusercontent.com\/hLLuNB7W38ZiOGS5Ybf3GCI3hKMsF-xVD5zhowju5vmut4PI-ySg1oDhFMrljebjQY0=w1366-h608-rw\" \/><\/p><p><b>Juntas<\/b><\/p><p>Permite criar uma rede de prote\u00e7\u00e3o e de empoderamento conectando mulheres de todo o pa\u00eds. Em situa\u00e7\u00f5es de perigo, \u00e9 poss\u00edvel acionar a rede e pedir ajuda. Tamb\u00e9m possui pesquisas e informa\u00e7\u00f5es \u00fateis sobre viol\u00eancia contra mulheres.<\/p><p><a class=\"fusion-no-lightbox\" href=\"https:\/\/play.google.com\/store\/apps\/details?id=br.ind.conceptu.juntas&amp;hl=pt_BR\"><img loading=\"lazy\" decoding=\"async\" class=\"alignnone lazyloaded no-lazyload\" src=\"https:\/\/lh3.googleusercontent.com\/4csaJbWNdZnAO7g8OAArj2ePdrvE8ORLgwTkyGAhWGh2sGMjuDe96jQCKpBRB7NIt54l=w1366-h608-rw\" alt=\"Aplicativos que combatem viol\u00eancia contra mulher\" width=\"175\" height=\"311\" data-orig-src=\"https:\/\/lh3.googleusercontent.com\/4csaJbWNdZnAO7g8OAArj2ePdrvE8ORLgwTkyGAhWGh2sGMjuDe96jQCKpBRB7NIt54l=w1366-h608-rw\" \/><\/a>\u00a0\u00a0<a class=\"fusion-no-lightbox\" href=\"https:\/\/play.google.com\/store\/apps\/details?id=br.ind.conceptu.juntas&amp;hl=pt_BR\"><img loading=\"lazy\" decoding=\"async\" class=\"alignnone lazyloaded no-lazyload\" src=\"https:\/\/lh3.googleusercontent.com\/pYgh8uHkO1ISx8nJiLztQbNcVio34eRe4fdvTuxmTLodyzgIu4g1aTv__Zg-hRGpKA=w1366-h608-rw\" alt=\"Aplicativos que combatem viol\u00eancia contra mulher\" width=\"175\" height=\"311\" data-orig-src=\"https:\/\/lh3.googleusercontent.com\/pYgh8uHkO1ISx8nJiLztQbNcVio34eRe4fdvTuxmTLodyzgIu4g1aTv__Zg-hRGpKA=w1366-h608-rw\" \/><\/a>\u00a0\u00a0<img loading=\"lazy\" decoding=\"async\" class=\"alignnone lazyloaded no-lazyload\" src=\"https:\/\/lh3.googleusercontent.com\/znw3HmBDfSBnOk-T9ki1sairiVu_AF1OvRTQ4LbWT4u2jJV2pHKyr96dsLn_jkVdthc0=w1366-h608-rw\" alt=\"Aplicativos que combatem viol\u00eancia contra mulher\" width=\"176\" height=\"313\" data-orig-src=\"https:\/\/lh3.googleusercontent.com\/znw3HmBDfSBnOk-T9ki1sairiVu_AF1OvRTQ4LbWT4u2jJV2pHKyr96dsLn_jkVdthc0=w1366-h608-rw\" \/>\u00a0\u00a0<img loading=\"lazy\" decoding=\"async\" class=\"alignnone lazyloaded no-lazyload\" src=\"https:\/\/lh3.googleusercontent.com\/UB4uHHsPZtb_S8gWkIy_VHzK6bsJggmU3OFjBy-OTdL_2u4a1hS3Xs8u0W7UIEYWKQs=w1366-h608-rw\" alt=\"Aplicativos que combatem viol\u00eancia contra mulher\" width=\"176\" height=\"313\" data-orig-src=\"https:\/\/lh3.googleusercontent.com\/UB4uHHsPZtb_S8gWkIy_VHzK6bsJggmU3OFjBy-OTdL_2u4a1hS3Xs8u0W7UIEYWKQs=w1366-h608-rw\" \/><\/p><p><b>Mete a Colher<\/b><\/p><p>Conecta v\u00edtimas de viol\u00eancia dom\u00e9stica a volunt\u00e1rias dispostas a ajudar com apoio emocional (desabafos e conselhos), orienta\u00e7\u00e3o jur\u00eddica (informa\u00e7\u00f5es sobre leis e den\u00fancias) e inser\u00e7\u00e3o no mercado de trabalho (para ajudar mulheres que precisam conquistar a independ\u00eancia financeira para se afastar dos parceiros). \u00c9 acess\u00edvel apenas para mulheres, tem chat an\u00f4nimo e conversas apagadas a cada 24 horas, para manter a seguran\u00e7a. J\u00e1 ajudou 2 mil mulheres de 63 cidades brasileiras.<\/p><p><img loading=\"lazy\" decoding=\"async\" class=\" lazyloaded no-lazyload\" src=\"https:\/\/is1-ssl.mzstatic.com\/image\/thumb\/Purple113\/v4\/6f\/a2\/ba\/6fa2bada-35d7-9c8f-c866-9a72bc605e18\/pr_source.png\/300x0w.jpg\" alt=\"Resultado de imagem para app mete a colher\" width=\"175\" height=\"379\" data-orig-src=\"https:\/\/is1-ssl.mzstatic.com\/image\/thumb\/Purple113\/v4\/6f\/a2\/ba\/6fa2bada-35d7-9c8f-c866-9a72bc605e18\/pr_source.png\/300x0w.jpg\" \/>\u00a0<img loading=\"lazy\" decoding=\"async\" class=\" lazyloaded no-lazyload\" src=\"https:\/\/is4-ssl.mzstatic.com\/image\/thumb\/Purple123\/v4\/32\/90\/e3\/3290e37f-878b-d706-049e-b5409655f3ad\/pr_source.png\/300x0w.jpg\" alt=\"Resultado de imagem para app mete a colher\" width=\"175\" height=\"378\" data-orig-src=\"https:\/\/is4-ssl.mzstatic.com\/image\/thumb\/Purple123\/v4\/32\/90\/e3\/3290e37f-878b-d706-049e-b5409655f3ad\/pr_source.png\/300x0w.jpg\" \/><\/p><p><b>B\u00d4NUS: Filmes, s\u00e9ries e document\u00e1rios inspiradores\u00a0<\/b><\/p><p>Em parceria pelo Dia Internacional da Mulher, Netflix e ONU lan\u00e7aram uma lista de com 55 filmes, s\u00e9ries e document\u00e1rios para celebrar as hist\u00f3rias que inspiraram as mulheres que nos inspiram. A cole\u00e7\u00e3o especial \u201cPorque ela assistiu\u201d estar\u00e1 dispon\u00edvel o ano todo e tem a curadoria de estrelas femininas que atuam \u00e0 frente e atr\u00e1s das c\u00e2meras. Entre elas est\u00e3o Sophia Loren, Janet Mock, Salma Hayek, Yalitza Aparicio, Millie Bobby Brown, Laurie Nunn, Lana Condor, Ava DuVernay e as brasileiras Petra Costa, Pathy Dejesus, Bruna Mascarenhas, Juliana Vicente e Andrea Barata Ribeiro.\u00a0<\/p><p>A cole\u00e7\u00e3o especial inclui t\u00edtulos como\u00a0<i>Inacredit\u00e1vel, Democracia em Vertigem<\/i>,\u00a0<i>Orange is the New Black, Lionheart<\/i>,\u00a0<i>Sex Education, Frances Ha, 2001: Uma Odisseia no Espa\u00e7o\u00a0<\/i>e outras produ\u00e7\u00f5es que iniciaram debates importantes. A lista completa est\u00e1 dispon\u00edvel em\u00a0<a href=\"https:\/\/netflix.com\/porqueelaassistiu\">netflix.com\/porqueelaassistiu<\/a>, ou buscando \u201c<i>Porque ela assistiu<\/i>\u201d na Netflix. Cada t\u00edtulo da cole\u00e7\u00e3o ter\u00e1 o nome da mulheres que o indicou.\u00a0<\/p><\/div>\t\t\t\t\t\t\t\t<\/div>\n\t\t\t\t<\/div>\n\t\t\t\t\t<\/div>\n\t\t<\/div>\n\t\t\t\t\t<\/div>\n\t\t<\/section>\n\t\t\t\t<\/div>\n\t\t","protected":false},"excerpt":{"rendered":"<p>Aplicativos que combatem a viol\u00eancia contra as mulheres View Larger Image \u00a0 \u00a0 Em 2018, 1 em cada 4 brasileiras sofreu algum tipo de viol\u00eancia. Os dados s\u00e3o de uma pesquisa publicada pelo F\u00f3rum Brasileiro de Seguran\u00e7a P\u00fablica e realizada pelo Instituto Datafolha. De acordo com o estudo, 27,4% das brasileiras acima dos 16 anos [&hellip;]<\/p>\n","protected":false},"author":1,"featured_media":0,"parent":0,"menu_order":89,"comment_status":"closed","ping_status":"closed","template":"","meta":{"footnotes":""},"class_list":["post-277","page","type-page","status-publish","hentry"],"_links":{"self":[{"href":"https:\/\/indexwebsites.com.br\/tg\/wp-json\/wp\/v2\/pages\/277","targetHints":{"allow":["GET"]}}],"collection":[{"href":"https:\/\/indexwebsites.com.br\/tg\/wp-json\/wp\/v2\/pages"}],"about":[{"href":"https:\/\/indexwebsites.com.br\/tg\/wp-json\/wp\/v2\/types\/page"}],"author":[{"embeddable":true,"href":"https:\/\/indexwebsites.com.br\/tg\/wp-json\/wp\/v2\/users\/1"}],"replies":[{"embeddable":true,"href":"https:\/\/indexwebsites.com.br\/tg\/wp-json\/wp\/v2\/comments?post=277"}],"version-history":[{"count":0,"href":"https:\/\/indexwebsites.com.br\/tg\/wp-json\/wp\/v2\/pages\/277\/revisions"}],"wp:attachment":[{"href":"https:\/\/indexwebsites.com.br\/tg\/wp-json\/wp\/v2\/media?parent=277"}],"curies":[{"name":"wp","href":"https:\/\/api.w.org\/{rel}","templated":true}]}}