{"id":2705,"date":"2021-07-01T21:29:47","date_gmt":"2021-07-02T00:29:47","guid":{"rendered":"https:\/\/techgirls.com.br\/?page_id=2705"},"modified":"2022-03-14T23:31:01","modified_gmt":"2022-03-15T02:31:01","slug":"uma","status":"publish","type":"page","link":"https:\/\/indexwebsites.com.br\/tg\/uma\/","title":{"rendered":"Projetos Especiais"},"content":{"rendered":"\t\t<div data-elementor-type=\"wp-page\" data-elementor-id=\"2705\" class=\"elementor elementor-2705\" data-elementor-post-type=\"page\">\n\t\t\t\t\t\t<section class=\"elementor-section elementor-top-section elementor-element elementor-element-80f48f6 elementor-section-boxed elementor-section-height-default elementor-section-height-default\" data-id=\"80f48f6\" data-element_type=\"section\" data-e-type=\"section\">\n\t\t\t\t\t\t<div class=\"elementor-container elementor-column-gap-default\">\n\t\t\t\t\t<div class=\"elementor-column elementor-col-100 elementor-top-column elementor-element elementor-element-49e5e3f\" data-id=\"49e5e3f\" data-element_type=\"column\" data-e-type=\"column\">\n\t\t\t<div class=\"elementor-widget-wrap elementor-element-populated\">\n\t\t\t\t\t\t<div class=\"elementor-element elementor-element-e82e064 elementor-widget elementor-widget-heading\" data-id=\"e82e064\" data-element_type=\"widget\" data-e-type=\"widget\" data-widget_type=\"heading.default\">\n\t\t\t\t<div class=\"elementor-widget-container\">\n\t\t\t\t\t<h2 class=\"elementor-heading-title elementor-size-default\"><span style=\"font-weight:normal\" id=\"docs-internal-guid-1acef207-7fff-ae31-7f77-53f0bcd5e7de\"><span style=\"font-size: 16pt;font-family: Arial;background-color: transparent;font-weight: 700;font-style: normal;font-variant: normal\">Participa\u00e7\u00e3o Tech Girls em Comunidades Nacionais <\/span><\/span><\/h2>\t\t\t\t<\/div>\n\t\t\t\t<\/div>\n\t\t\t\t\t<\/div>\n\t\t<\/div>\n\t\t\t\t\t<\/div>\n\t\t<\/section>\n\t\t\t\t<section class=\"elementor-section elementor-top-section elementor-element elementor-element-ff49c44 elementor-section-boxed elementor-section-height-default elementor-section-height-default\" data-id=\"ff49c44\" data-element_type=\"section\" data-e-type=\"section\">\n\t\t\t\t\t\t<div class=\"elementor-container elementor-column-gap-default\">\n\t\t\t\t\t<div class=\"elementor-column elementor-col-50 elementor-top-column elementor-element elementor-element-0c655cf\" data-id=\"0c655cf\" data-element_type=\"column\" data-e-type=\"column\">\n\t\t\t<div class=\"elementor-widget-wrap elementor-element-populated\">\n\t\t\t\t\t\t<div class=\"elementor-element elementor-element-46b04c8 elementor-widget elementor-widget-image\" data-id=\"46b04c8\" data-element_type=\"widget\" data-e-type=\"widget\" data-widget_type=\"image.default\">\n\t\t\t\t<div class=\"elementor-widget-container\">\n\t\t\t\t\t\t\t\t\t\t\t\t\t\t\t<img fetchpriority=\"high\" decoding=\"async\" width=\"800\" height=\"800\" src=\"https:\/\/indexwebsites.com.br\/tg\/wp-content\/uploads\/2021\/07\/Live_preta_gil_UMA-1024x1024.jpeg\" class=\"attachment-large size-large wp-image-2709 no-lazyload\" alt=\"\" srcset=\"https:\/\/indexwebsites.com.br\/tg\/wp-content\/uploads\/2021\/07\/Live_preta_gil_UMA-1024x1024.jpeg 1024w, https:\/\/indexwebsites.com.br\/tg\/wp-content\/uploads\/2021\/07\/Live_preta_gil_UMA-300x300.jpeg 300w, https:\/\/indexwebsites.com.br\/tg\/wp-content\/uploads\/2021\/07\/Live_preta_gil_UMA-150x150.jpeg 150w, https:\/\/indexwebsites.com.br\/tg\/wp-content\/uploads\/2021\/07\/Live_preta_gil_UMA-768x768.jpeg 768w, https:\/\/indexwebsites.com.br\/tg\/wp-content\/uploads\/2021\/07\/Live_preta_gil_UMA.jpeg 1080w\" sizes=\"(max-width: 800px) 100vw, 800px\" \/>\t\t\t\t\t\t\t\t\t\t\t\t\t\t\t<\/div>\n\t\t\t\t<\/div>\n\t\t\t\t\t<\/div>\n\t\t<\/div>\n\t\t\t\t<div class=\"elementor-column elementor-col-50 elementor-top-column elementor-element elementor-element-0f64d7f\" data-id=\"0f64d7f\" data-element_type=\"column\" data-e-type=\"column\">\n\t\t\t<div class=\"elementor-widget-wrap elementor-element-populated\">\n\t\t\t\t\t\t<div class=\"elementor-element elementor-element-321d8a8 elementor-widget elementor-widget-image\" data-id=\"321d8a8\" data-element_type=\"widget\" data-e-type=\"widget\" data-widget_type=\"image.default\">\n\t\t\t\t<div class=\"elementor-widget-container\">\n\t\t\t\t\t\t\t\t\t\t\t\t\t\t\t<img decoding=\"async\" width=\"800\" height=\"648\" src=\"https:\/\/indexwebsites.com.br\/tg\/wp-content\/uploads\/2021\/07\/live_2_preta_gil_uma.jpeg\" class=\"attachment-large size-large wp-image-2708 no-lazyload\" alt=\"\" srcset=\"https:\/\/indexwebsites.com.br\/tg\/wp-content\/uploads\/2021\/07\/live_2_preta_gil_uma.jpeg 828w, https:\/\/indexwebsites.com.br\/tg\/wp-content\/uploads\/2021\/07\/live_2_preta_gil_uma-300x243.jpeg 300w, https:\/\/indexwebsites.com.br\/tg\/wp-content\/uploads\/2021\/07\/live_2_preta_gil_uma-768x622.jpeg 768w\" sizes=\"(max-width: 800px) 100vw, 800px\" \/>\t\t\t\t\t\t\t\t\t\t\t\t\t\t\t<\/div>\n\t\t\t\t<\/div>\n\t\t\t\t\t<\/div>\n\t\t<\/div>\n\t\t\t\t\t<\/div>\n\t\t<\/section>\n\t\t\t\t<section class=\"elementor-section elementor-top-section elementor-element elementor-element-148e2a8 elementor-section-boxed elementor-section-height-default elementor-section-height-default\" data-id=\"148e2a8\" data-element_type=\"section\" data-e-type=\"section\">\n\t\t\t\t\t\t<div class=\"elementor-container elementor-column-gap-default\">\n\t\t\t\t\t<div class=\"elementor-column elementor-col-100 elementor-top-column elementor-element elementor-element-6c7afe6\" data-id=\"6c7afe6\" data-element_type=\"column\" data-e-type=\"column\">\n\t\t\t<div class=\"elementor-widget-wrap elementor-element-populated\">\n\t\t\t\t\t\t<div class=\"elementor-element elementor-element-ddfe7b4 elementor-widget elementor-widget-image\" data-id=\"ddfe7b4\" data-element_type=\"widget\" data-e-type=\"widget\" data-widget_type=\"image.default\">\n\t\t\t\t<div class=\"elementor-widget-container\">\n\t\t\t\t\t\t\t\t\t\t\t\t\t\t\t<img decoding=\"async\" width=\"800\" height=\"400\" src=\"https:\/\/indexwebsites.com.br\/tg\/wp-content\/uploads\/2021\/07\/uma_resumo.jpg\" class=\"attachment-large size-large wp-image-2711 no-lazyload\" alt=\"\" srcset=\"https:\/\/indexwebsites.com.br\/tg\/wp-content\/uploads\/2021\/07\/uma_resumo.jpg 900w, https:\/\/indexwebsites.com.br\/tg\/wp-content\/uploads\/2021\/07\/uma_resumo-300x150.jpg 300w, https:\/\/indexwebsites.com.br\/tg\/wp-content\/uploads\/2021\/07\/uma_resumo-768x384.jpg 768w\" sizes=\"(max-width: 800px) 100vw, 800px\" \/>\t\t\t\t\t\t\t\t\t\t\t\t\t\t\t<\/div>\n\t\t\t\t<\/div>\n\t\t\t\t\t<\/div>\n\t\t<\/div>\n\t\t\t\t\t<\/div>\n\t\t<\/section>\n\t\t\t\t<section class=\"elementor-section elementor-top-section elementor-element elementor-element-2bb4e7e elementor-section-boxed elementor-section-height-default elementor-section-height-default\" data-id=\"2bb4e7e\" data-element_type=\"section\" data-e-type=\"section\">\n\t\t\t\t\t\t<div class=\"elementor-container elementor-column-gap-default\">\n\t\t\t\t\t<div class=\"elementor-column elementor-col-33 elementor-top-column elementor-element elementor-element-3a854ab\" data-id=\"3a854ab\" data-element_type=\"column\" data-e-type=\"column\">\n\t\t\t<div class=\"elementor-widget-wrap\">\n\t\t\t\t\t\t\t<\/div>\n\t\t<\/div>\n\t\t\t\t<div class=\"elementor-column elementor-col-33 elementor-top-column elementor-element elementor-element-71b90ac\" data-id=\"71b90ac\" data-element_type=\"column\" data-e-type=\"column\">\n\t\t\t<div class=\"elementor-widget-wrap elementor-element-populated\">\n\t\t\t\t\t\t<div class=\"elementor-element elementor-element-23add50 elementor-align-center elementor-widget elementor-widget-button\" data-id=\"23add50\" data-element_type=\"widget\" data-e-type=\"widget\" data-widget_type=\"button.default\">\n\t\t\t\t<div class=\"elementor-widget-container\">\n\t\t\t\t\t\t\t\t\t<div class=\"elementor-button-wrapper\">\n\t\t\t\t\t<a class=\"elementor-button elementor-button-link elementor-size-sm\" href=\"https:\/\/web.facebook.com\/movimentoumabr\">\n\t\t\t\t\t\t<span class=\"elementor-button-content-wrapper\">\n\t\t\t\t\t\t\t\t\t<span class=\"elementor-button-text\">Saiba Mais<\/span>\n\t\t\t\t\t<\/span>\n\t\t\t\t\t<\/a>\n\t\t\t\t<\/div>\n\t\t\t\t\t\t\t\t<\/div>\n\t\t\t\t<\/div>\n\t\t\t\t\t<\/div>\n\t\t<\/div>\n\t\t\t\t<div class=\"elementor-column elementor-col-33 elementor-top-column elementor-element elementor-element-d00a1b3\" data-id=\"d00a1b3\" data-element_type=\"column\" data-e-type=\"column\">\n\t\t\t<div class=\"elementor-widget-wrap\">\n\t\t\t\t\t\t\t<\/div>\n\t\t<\/div>\n\t\t\t\t\t<\/div>\n\t\t<\/section>\n\t\t\t\t<section class=\"elementor-section elementor-top-section elementor-element elementor-element-eadbee8 elementor-section-boxed elementor-section-height-default elementor-section-height-default\" data-id=\"eadbee8\" data-element_type=\"section\" data-e-type=\"section\">\n\t\t\t\t\t\t<div class=\"elementor-container elementor-column-gap-default\">\n\t\t\t\t\t<div class=\"elementor-column elementor-col-50 elementor-top-column elementor-element elementor-element-84ebc81\" data-id=\"84ebc81\" data-element_type=\"column\" data-e-type=\"column\">\n\t\t\t<div class=\"elementor-widget-wrap elementor-element-populated\">\n\t\t\t\t\t\t<div class=\"elementor-element elementor-element-51ffd52 elementor-widget elementor-widget-image\" data-id=\"51ffd52\" data-element_type=\"widget\" data-e-type=\"widget\" data-widget_type=\"image.default\">\n\t\t\t\t<div class=\"elementor-widget-container\">\n\t\t\t\t\t\t\t\t\t\t\t\t\t\t\t<img loading=\"lazy\" decoding=\"async\" width=\"150\" height=\"150\" src=\"https:\/\/indexwebsites.com.br\/tg\/wp-content\/uploads\/2021\/09\/maes_cerrado_logo_2.jpeg\" class=\"attachment-large size-large wp-image-4002 no-lazyload\" alt=\"\" \/>\t\t\t\t\t\t\t\t\t\t\t\t\t\t\t<\/div>\n\t\t\t\t<\/div>\n\t\t\t\t\t<\/div>\n\t\t<\/div>\n\t\t\t\t<div class=\"elementor-column elementor-col-50 elementor-top-column elementor-element elementor-element-46450a5\" data-id=\"46450a5\" data-element_type=\"column\" data-e-type=\"column\">\n\t\t\t<div class=\"elementor-widget-wrap elementor-element-populated\">\n\t\t\t\t\t\t<div class=\"elementor-element elementor-element-aeb8339 elementor-widget elementor-widget-text-editor\" data-id=\"aeb8339\" data-element_type=\"widget\" data-e-type=\"widget\" data-widget_type=\"text-editor.default\">\n\t\t\t\t<div class=\"elementor-widget-container\">\n\t\t\t\t\t\t\t\t\t<p>O grupo Mulheres do Cerrado, projeto social que acolhe fam\u00edlias em situa\u00e7\u00e3o de vulnerabilidade social estabeleceu parceria com as as Tech Girls para\u00a0 levar o conte\u00fado \u00a0sobre Tecnologia para alunas em Samambaia, DF.\u00a0\u00a0<br \/><br \/><\/p>\t\t\t\t\t\t\t\t<\/div>\n\t\t\t\t<\/div>\n\t\t\t\t\t<\/div>\n\t\t<\/div>\n\t\t\t\t\t<\/div>\n\t\t<\/section>\n\t\t\t\t<\/div>\n\t\t","protected":false},"excerpt":{"rendered":"<p>Participa\u00e7\u00e3o Tech Girls em Comunidades Nacionais Saiba Mais O grupo Mulheres do Cerrado, projeto social que acolhe fam\u00edlias em situa\u00e7\u00e3o de vulnerabilidade social estabeleceu parceria com as as Tech Girls para\u00a0 levar o conte\u00fado \u00a0sobre Tecnologia para alunas em Samambaia, DF.\u00a0\u00a0<\/p>\n","protected":false},"author":1,"featured_media":0,"parent":0,"menu_order":43,"comment_status":"closed","ping_status":"closed","template":"","meta":{"footnotes":""},"class_list":["post-2705","page","type-page","status-publish","hentry"],"_links":{"self":[{"href":"https:\/\/indexwebsites.com.br\/tg\/wp-json\/wp\/v2\/pages\/2705","targetHints":{"allow":["GET"]}}],"collection":[{"href":"https:\/\/indexwebsites.com.br\/tg\/wp-json\/wp\/v2\/pages"}],"about":[{"href":"https:\/\/indexwebsites.com.br\/tg\/wp-json\/wp\/v2\/types\/page"}],"author":[{"embeddable":true,"href":"https:\/\/indexwebsites.com.br\/tg\/wp-json\/wp\/v2\/users\/1"}],"replies":[{"embeddable":true,"href":"https:\/\/indexwebsites.com.br\/tg\/wp-json\/wp\/v2\/comments?post=2705"}],"version-history":[{"count":4,"href":"https:\/\/indexwebsites.com.br\/tg\/wp-json\/wp\/v2\/pages\/2705\/revisions"}],"predecessor-version":[{"id":6167,"href":"https:\/\/indexwebsites.com.br\/tg\/wp-json\/wp\/v2\/pages\/2705\/revisions\/6167"}],"wp:attachment":[{"href":"https:\/\/indexwebsites.com.br\/tg\/wp-json\/wp\/v2\/media?parent=2705"}],"curies":[{"name":"wp","href":"https:\/\/api.w.org\/{rel}","templated":true}]}}