{"id":2607,"date":"2021-06-21T15:37:37","date_gmt":"2021-06-21T18:37:37","guid":{"rendered":"https:\/\/techgirls.com.br\/?page_id=2607"},"modified":"2025-06-21T14:16:31","modified_gmt":"2025-06-21T17:16:31","slug":"avodigital","status":"publish","type":"page","link":"https:\/\/indexwebsites.com.br\/tg\/avodigital\/","title":{"rendered":"Av\u00f3 Digital"},"content":{"rendered":"\t\t<div data-elementor-type=\"wp-page\" data-elementor-id=\"2607\" class=\"elementor elementor-2607\" data-elementor-post-type=\"page\">\n\t\t\t\t\t\t<section class=\"elementor-section elementor-top-section elementor-element elementor-element-80f48f6 elementor-section-boxed elementor-section-height-default elementor-section-height-default\" data-id=\"80f48f6\" data-element_type=\"section\" data-e-type=\"section\">\n\t\t\t\t\t\t<div class=\"elementor-container elementor-column-gap-default\">\n\t\t\t\t\t<div class=\"elementor-column elementor-col-100 elementor-top-column elementor-element elementor-element-49e5e3f\" data-id=\"49e5e3f\" data-element_type=\"column\" data-e-type=\"column\">\n\t\t\t<div class=\"elementor-widget-wrap elementor-element-populated\">\n\t\t\t\t\t\t<div class=\"elementor-element elementor-element-e82e064 elementor-widget elementor-widget-heading\" data-id=\"e82e064\" data-element_type=\"widget\" data-e-type=\"widget\" data-widget_type=\"heading.default\">\n\t\t\t\t<div class=\"elementor-widget-container\">\n\t\t\t\t\t<h2 class=\"elementor-heading-title elementor-size-default\"><span><span>Vov\u00f3s entram para o mundo digital<\/span><\/span><\/h2>\t\t\t\t<\/div>\n\t\t\t\t<\/div>\n\t\t\t\t\t<\/div>\n\t\t<\/div>\n\t\t\t\t\t<\/div>\n\t\t<\/section>\n\t\t\t\t<section class=\"elementor-section elementor-top-section elementor-element elementor-element-7e50890 elementor-section-full_width elementor-section-height-default elementor-section-height-default\" data-id=\"7e50890\" data-element_type=\"section\" data-e-type=\"section\">\n\t\t\t\t\t\t<div class=\"elementor-container elementor-column-gap-default\">\n\t\t\t\t\t<div class=\"elementor-column elementor-col-100 elementor-top-column elementor-element elementor-element-c03ef7d\" data-id=\"c03ef7d\" data-element_type=\"column\" data-e-type=\"column\">\n\t\t\t<div class=\"elementor-widget-wrap elementor-element-populated\">\n\t\t\t\t\t\t<div class=\"elementor-element elementor-element-7110e99 elementor-widget elementor-widget-image\" data-id=\"7110e99\" data-element_type=\"widget\" data-e-type=\"widget\" data-widget_type=\"image.default\">\n\t\t\t\t<div class=\"elementor-widget-container\">\n\t\t\t\t\t\t\t\t\t\t\t\t\t\t\t<img fetchpriority=\"high\" decoding=\"async\" width=\"768\" height=\"434\" src=\"https:\/\/indexwebsites.com.br\/tg\/wp-content\/uploads\/2025\/06\/internet-is-window-world-scaled-e1750526127846-768x434.jpg\" class=\"attachment-medium_large size-medium_large wp-image-12833 no-lazyload\" alt=\"\" srcset=\"https:\/\/indexwebsites.com.br\/tg\/wp-content\/uploads\/2025\/06\/internet-is-window-world-scaled-e1750526127846-768x434.jpg 768w, https:\/\/indexwebsites.com.br\/tg\/wp-content\/uploads\/2025\/06\/internet-is-window-world-scaled-e1750526127846-300x169.jpg 300w, https:\/\/indexwebsites.com.br\/tg\/wp-content\/uploads\/2025\/06\/internet-is-window-world-scaled-e1750526127846-1024x578.jpg 1024w, https:\/\/indexwebsites.com.br\/tg\/wp-content\/uploads\/2025\/06\/internet-is-window-world-scaled-e1750526127846-1536x868.jpg 1536w, https:\/\/indexwebsites.com.br\/tg\/wp-content\/uploads\/2025\/06\/internet-is-window-world-scaled-e1750526127846-2048x1157.jpg 2048w\" sizes=\"(max-width: 768px) 100vw, 768px\" \/>\t\t\t\t\t\t\t\t\t\t\t\t\t\t\t<\/div>\n\t\t\t\t<\/div>\n\t\t\t\t\t<\/div>\n\t\t<\/div>\n\t\t\t\t\t<\/div>\n\t\t<\/section>\n\t\t\t\t<section class=\"elementor-section elementor-top-section elementor-element elementor-element-ecef9e6 elementor-section-boxed elementor-section-height-default elementor-section-height-default\" data-id=\"ecef9e6\" data-element_type=\"section\" data-e-type=\"section\">\n\t\t\t\t\t\t<div class=\"elementor-container elementor-column-gap-default\">\n\t\t\t\t\t<div class=\"elementor-column elementor-col-100 elementor-top-column elementor-element elementor-element-0101dad\" data-id=\"0101dad\" data-element_type=\"column\" data-e-type=\"column\">\n\t\t\t<div class=\"elementor-widget-wrap elementor-element-populated\">\n\t\t\t\t\t\t<div class=\"elementor-element elementor-element-604c531 elementor-widget elementor-widget-text-editor\" data-id=\"604c531\" data-element_type=\"widget\" data-e-type=\"widget\" data-widget_type=\"text-editor.default\">\n\t\t\t\t<div class=\"elementor-widget-container\">\n\t\t\t\t\t\t\t\t\t<p data-start=\"0\" data-end=\"463\">Cada vez mais, os idosos t\u00eam recorrido \u00e0 tecnologia como uma forma de se manterem conectados ao mundo e \u00e0s pessoas que amam. Aplicativos de mensagens, redes sociais e videochamadas passaram a fazer parte da rotina de muitos, permitindo a aproxima\u00e7\u00e3o com filhos, netos e amigos, mesmo \u00e0 dist\u00e2ncia. Al\u00e9m disso, a internet oferece acesso a conte\u00fados variados, como not\u00edcias, m\u00fasicas, cursos e entretenimento, ampliando horizontes e proporcionando novas experi\u00eancias.<\/p><p data-start=\"465\" data-end=\"938\" data-is-last-node=\"\" data-is-only-node=\"\">Essa aproxima\u00e7\u00e3o com o universo digital tamb\u00e9m representa um importante passo para a inclus\u00e3o social e o bem-estar na terceira idade. Ao aprenderem a usar dispositivos e plataformas online, os idosos fortalecem sua autonomia, estimulam a mente e reduzem sentimentos de isolamento. A tecnologia, nesse contexto, torna-se uma aliada poderosa para promover a qualidade de vida, facilitar o dia a dia e manter viva a conex\u00e3o com o presente e com as transforma\u00e7\u00f5es da sociedade.<\/p>\t\t\t\t\t\t\t\t<\/div>\n\t\t\t\t<\/div>\n\t\t\t\t\t<\/div>\n\t\t<\/div>\n\t\t\t\t\t<\/div>\n\t\t<\/section>\n\t\t\t\t<section class=\"elementor-section elementor-top-section elementor-element elementor-element-443eae4 elementor-section-boxed elementor-section-height-default elementor-section-height-default\" data-id=\"443eae4\" data-element_type=\"section\" data-e-type=\"section\">\n\t\t\t\t\t\t<div class=\"elementor-container elementor-column-gap-default\">\n\t\t\t\t\t<div class=\"elementor-column elementor-col-100 elementor-top-column elementor-element elementor-element-9ba2490\" data-id=\"9ba2490\" data-element_type=\"column\" data-e-type=\"column\">\n\t\t\t<div class=\"elementor-widget-wrap elementor-element-populated\">\n\t\t\t\t\t\t<div class=\"elementor-element elementor-element-cdff4aa elementor-widget elementor-widget-heading\" data-id=\"cdff4aa\" data-element_type=\"widget\" data-e-type=\"widget\" data-widget_type=\"heading.default\">\n\t\t\t\t<div class=\"elementor-widget-container\">\n\t\t\t\t\t<h4 class=\"elementor-heading-title elementor-size-default\">Assista a reportagem na \u00edntegra <\/h4>\t\t\t\t<\/div>\n\t\t\t\t<\/div>\n\t\t\t\t\t<\/div>\n\t\t<\/div>\n\t\t\t\t\t<\/div>\n\t\t<\/section>\n\t\t\t\t<section class=\"elementor-section elementor-top-section elementor-element elementor-element-f6d41cd elementor-section-boxed elementor-section-height-default elementor-section-height-default\" data-id=\"f6d41cd\" data-element_type=\"section\" data-e-type=\"section\">\n\t\t\t\t\t\t<div class=\"elementor-container elementor-column-gap-default\">\n\t\t\t\t\t<div class=\"elementor-column elementor-col-50 elementor-top-column elementor-element elementor-element-2458a59\" data-id=\"2458a59\" data-element_type=\"column\" data-e-type=\"column\">\n\t\t\t<div class=\"elementor-widget-wrap elementor-element-populated\">\n\t\t\t\t\t\t<div class=\"elementor-element elementor-element-1bbaa96 elementor-widget elementor-widget-image\" data-id=\"1bbaa96\" data-element_type=\"widget\" data-e-type=\"widget\" data-widget_type=\"image.default\">\n\t\t\t\t<div class=\"elementor-widget-container\">\n\t\t\t\t\t\t\t\t\t\t\t\t\t\t\t\t<a href=\"https:\/\/globoplay.globo.com\/v\/9686430\/\">\n\t\t\t\t\t\t\t<img decoding=\"async\" width=\"800\" height=\"450\" src=\"https:\/\/indexwebsites.com.br\/tg\/wp-content\/uploads\/2025\/06\/vovo-tecnologia-mundo-1024x576.png\" class=\"attachment-large size-large wp-image-12829 no-lazyload\" alt=\"\" srcset=\"https:\/\/indexwebsites.com.br\/tg\/wp-content\/uploads\/2025\/06\/vovo-tecnologia-mundo-1024x576.png 1024w, https:\/\/indexwebsites.com.br\/tg\/wp-content\/uploads\/2025\/06\/vovo-tecnologia-mundo-300x169.png 300w, https:\/\/indexwebsites.com.br\/tg\/wp-content\/uploads\/2025\/06\/vovo-tecnologia-mundo-768x432.png 768w, https:\/\/indexwebsites.com.br\/tg\/wp-content\/uploads\/2025\/06\/vovo-tecnologia-mundo.png 1280w\" sizes=\"(max-width: 800px) 100vw, 800px\" \/>\t\t\t\t\t\t\t\t<\/a>\n\t\t\t\t\t\t\t\t\t\t\t\t\t\t\t<\/div>\n\t\t\t\t<\/div>\n\t\t\t\t<div class=\"elementor-element elementor-element-871dfba elementor-widget elementor-widget-text-editor\" data-id=\"871dfba\" data-element_type=\"widget\" data-e-type=\"widget\" data-widget_type=\"text-editor.default\">\n\t\t\t\t<div class=\"elementor-widget-container\">\n\t\t\t\t\t\t\t\t\t<p>Assista a reportagem da Globo RPC com a Aluna Tech Girls Rosa Petruy, que recebeu aulas particulares com as educadoras digitais.<\/p>\t\t\t\t\t\t\t\t<\/div>\n\t\t\t\t<\/div>\n\t\t\t\t\t<\/div>\n\t\t<\/div>\n\t\t\t\t<div class=\"elementor-column elementor-col-50 elementor-top-column elementor-element elementor-element-afb49ef\" data-id=\"afb49ef\" data-element_type=\"column\" data-e-type=\"column\">\n\t\t\t<div class=\"elementor-widget-wrap elementor-element-populated\">\n\t\t\t\t\t\t<div class=\"elementor-element elementor-element-26ba2ba elementor-widget elementor-widget-image\" data-id=\"26ba2ba\" data-element_type=\"widget\" data-e-type=\"widget\" data-widget_type=\"image.default\">\n\t\t\t\t<div class=\"elementor-widget-container\">\n\t\t\t\t\t\t\t\t\t\t\t\t\t\t\t<img decoding=\"async\" width=\"800\" height=\"534\" src=\"https:\/\/indexwebsites.com.br\/tg\/wp-content\/uploads\/2021\/07\/WhatsApp-Image-2021-07-13-at-13.15.57-1-1024x683.jpeg\" class=\"attachment-large size-large wp-image-2743 no-lazyload\" alt=\"\" srcset=\"https:\/\/indexwebsites.com.br\/tg\/wp-content\/uploads\/2021\/07\/WhatsApp-Image-2021-07-13-at-13.15.57-1-1024x683.jpeg 1024w, https:\/\/indexwebsites.com.br\/tg\/wp-content\/uploads\/2021\/07\/WhatsApp-Image-2021-07-13-at-13.15.57-1-300x200.jpeg 300w, https:\/\/indexwebsites.com.br\/tg\/wp-content\/uploads\/2021\/07\/WhatsApp-Image-2021-07-13-at-13.15.57-1-768x512.jpeg 768w, https:\/\/indexwebsites.com.br\/tg\/wp-content\/uploads\/2021\/07\/WhatsApp-Image-2021-07-13-at-13.15.57-1.jpeg 1280w\" sizes=\"(max-width: 800px) 100vw, 800px\" \/>\t\t\t\t\t\t\t\t\t\t\t\t\t\t\t<\/div>\n\t\t\t\t<\/div>\n\t\t\t\t\t<\/div>\n\t\t<\/div>\n\t\t\t\t\t<\/div>\n\t\t<\/section>\n\t\t\t\t<section class=\"elementor-section elementor-top-section elementor-element elementor-element-2fd8247 elementor-section-boxed elementor-section-height-default elementor-section-height-default\" data-id=\"2fd8247\" data-element_type=\"section\" data-e-type=\"section\">\n\t\t\t\t\t\t<div class=\"elementor-container elementor-column-gap-default\">\n\t\t\t\t\t<div class=\"elementor-column elementor-col-100 elementor-top-column elementor-element elementor-element-d3df26d\" data-id=\"d3df26d\" data-element_type=\"column\" data-e-type=\"column\">\n\t\t\t<div class=\"elementor-widget-wrap elementor-element-populated\">\n\t\t\t\t\t\t<div class=\"elementor-element elementor-element-fdaed00 elementor-widget elementor-widget-image\" data-id=\"fdaed00\" data-element_type=\"widget\" data-e-type=\"widget\" data-widget_type=\"image.default\">\n\t\t\t\t<div class=\"elementor-widget-container\">\n\t\t\t\t\t\t\t\t\t\t\t\t\t\t\t<img decoding=\"async\" src=\"https:\/\/indexwebsites.com.br\/tg\/wp-content\/uploads\/2021\/09\/Captura-de-Tela-2021-09-15-a\u0300s-23.45.10-e1631760369381.png\" title=\"\" alt=\"\" loading=\"lazy\" class=\"no-lazyload\" \/>\t\t\t\t\t\t\t\t\t\t\t\t\t\t\t<\/div>\n\t\t\t\t<\/div>\n\t\t\t\t\t<\/div>\n\t\t<\/div>\n\t\t\t\t\t<\/div>\n\t\t<\/section>\n\t\t\t\t<\/div>\n\t\t","protected":false},"excerpt":{"rendered":"<p>Vov\u00f3s entram para o mundo digital Cada vez mais, os idosos t\u00eam recorrido \u00e0 tecnologia como uma forma de se manterem conectados ao mundo e \u00e0s pessoas que amam. Aplicativos de mensagens, redes sociais e videochamadas passaram a fazer parte da rotina de muitos, permitindo a aproxima\u00e7\u00e3o com filhos, netos e amigos, mesmo \u00e0 dist\u00e2ncia. [&hellip;]<\/p>\n","protected":false},"author":1,"featured_media":0,"parent":0,"menu_order":46,"comment_status":"closed","ping_status":"closed","template":"","meta":{"footnotes":""},"class_list":["post-2607","page","type-page","status-publish","hentry"],"_links":{"self":[{"href":"https:\/\/indexwebsites.com.br\/tg\/wp-json\/wp\/v2\/pages\/2607","targetHints":{"allow":["GET"]}}],"collection":[{"href":"https:\/\/indexwebsites.com.br\/tg\/wp-json\/wp\/v2\/pages"}],"about":[{"href":"https:\/\/indexwebsites.com.br\/tg\/wp-json\/wp\/v2\/types\/page"}],"author":[{"embeddable":true,"href":"https:\/\/indexwebsites.com.br\/tg\/wp-json\/wp\/v2\/users\/1"}],"replies":[{"embeddable":true,"href":"https:\/\/indexwebsites.com.br\/tg\/wp-json\/wp\/v2\/comments?post=2607"}],"version-history":[{"count":10,"href":"https:\/\/indexwebsites.com.br\/tg\/wp-json\/wp\/v2\/pages\/2607\/revisions"}],"predecessor-version":[{"id":12837,"href":"https:\/\/indexwebsites.com.br\/tg\/wp-json\/wp\/v2\/pages\/2607\/revisions\/12837"}],"wp:attachment":[{"href":"https:\/\/indexwebsites.com.br\/tg\/wp-json\/wp\/v2\/media?parent=2607"}],"curies":[{"name":"wp","href":"https:\/\/api.w.org\/{rel}","templated":true}]}}