{"id":247,"date":"2020-03-18T22:00:24","date_gmt":"2020-03-19T01:00:24","guid":{"rendered":"https:\/\/techgirls.com.br\/?page_id=247"},"modified":"2020-03-27T14:37:34","modified_gmt":"2020-03-27T17:37:34","slug":"blog-home-office-mulheresetecnologia-techgirls","status":"publish","type":"page","link":"https:\/\/indexwebsites.com.br\/tg\/blog-home-office-mulheresetecnologia-techgirls\/","title":{"rendered":"Blog\/home-office"},"content":{"rendered":"\t\t<div data-elementor-type=\"wp-page\" data-elementor-id=\"247\" class=\"elementor elementor-247\" data-elementor-post-type=\"page\">\n\t\t\t\t\t\t<section class=\"elementor-section elementor-top-section elementor-element elementor-element-80f48f6 elementor-section-boxed elementor-section-height-default elementor-section-height-default\" data-id=\"80f48f6\" data-element_type=\"section\" data-e-type=\"section\">\n\t\t\t\t\t\t<div class=\"elementor-container elementor-column-gap-default\">\n\t\t\t\t\t<div class=\"elementor-column elementor-col-100 elementor-top-column elementor-element elementor-element-49e5e3f\" data-id=\"49e5e3f\" data-element_type=\"column\" data-e-type=\"column\">\n\t\t\t<div class=\"elementor-widget-wrap elementor-element-populated\">\n\t\t\t\t\t\t<div class=\"elementor-element elementor-element-e82e064 elementor-widget elementor-widget-heading\" data-id=\"e82e064\" data-element_type=\"widget\" data-e-type=\"widget\" data-widget_type=\"heading.default\">\n\t\t\t\t<div class=\"elementor-widget-container\">\n\t\t\t\t\t<h2 class=\"elementor-heading-title elementor-size-default\">O home office como medida emergencial<\/h2>\t\t\t\t<\/div>\n\t\t\t\t<\/div>\n\t\t\t\t\t<\/div>\n\t\t<\/div>\n\t\t\t\t\t<\/div>\n\t\t<\/section>\n\t\t\t\t<section class=\"elementor-section elementor-top-section elementor-element elementor-element-7e50890 elementor-section-boxed elementor-section-height-default elementor-section-height-default\" data-id=\"7e50890\" data-element_type=\"section\" data-e-type=\"section\">\n\t\t\t\t\t\t<div class=\"elementor-container elementor-column-gap-default\">\n\t\t\t\t\t<div class=\"elementor-column elementor-col-100 elementor-top-column elementor-element elementor-element-c03ef7d\" data-id=\"c03ef7d\" data-element_type=\"column\" data-e-type=\"column\">\n\t\t\t<div class=\"elementor-widget-wrap elementor-element-populated\">\n\t\t\t\t\t\t<div class=\"elementor-element elementor-element-7110e99 elementor-widget elementor-widget-image\" data-id=\"7110e99\" data-element_type=\"widget\" data-e-type=\"widget\" data-widget_type=\"image.default\">\n\t\t\t\t<div class=\"elementor-widget-container\">\n\t\t\t\t\t\t\t\t\t\t\t\t\t\t\t<img fetchpriority=\"high\" decoding=\"async\" width=\"800\" height=\"346\" src=\"https:\/\/indexwebsites.com.br\/tg\/wp-content\/uploads\/2020\/03\/home-office-capa-prego-e-martelo.jpg\" class=\"attachment-large size-large wp-image-257 no-lazyload\" alt=\"\" srcset=\"https:\/\/indexwebsites.com.br\/tg\/wp-content\/uploads\/2020\/03\/home-office-capa-prego-e-martelo.jpg 925w, https:\/\/indexwebsites.com.br\/tg\/wp-content\/uploads\/2020\/03\/home-office-capa-prego-e-martelo-300x130.jpg 300w, https:\/\/indexwebsites.com.br\/tg\/wp-content\/uploads\/2020\/03\/home-office-capa-prego-e-martelo-768x332.jpg 768w\" sizes=\"(max-width: 800px) 100vw, 800px\" \/>\t\t\t\t\t\t\t\t\t\t\t\t\t\t\t<\/div>\n\t\t\t\t<\/div>\n\t\t\t\t\t<\/div>\n\t\t<\/div>\n\t\t\t\t\t<\/div>\n\t\t<\/section>\n\t\t\t\t<section class=\"elementor-section elementor-top-section elementor-element elementor-element-ecef9e6 elementor-section-boxed elementor-section-height-default elementor-section-height-default\" data-id=\"ecef9e6\" data-element_type=\"section\" data-e-type=\"section\">\n\t\t\t\t\t\t<div class=\"elementor-container elementor-column-gap-default\">\n\t\t\t\t\t<div class=\"elementor-column elementor-col-100 elementor-top-column elementor-element elementor-element-0101dad\" data-id=\"0101dad\" data-element_type=\"column\" data-e-type=\"column\">\n\t\t\t<div class=\"elementor-widget-wrap elementor-element-populated\">\n\t\t\t\t\t\t<div class=\"elementor-element elementor-element-604c531 elementor-widget elementor-widget-text-editor\" data-id=\"604c531\" data-element_type=\"widget\" data-e-type=\"widget\" data-widget_type=\"text-editor.default\">\n\t\t\t\t<div class=\"elementor-widget-container\">\n\t\t\t\t\t\t\t\t\t<p class=\"tec--article__header__title\">Por conta coronav\u00edrus, Google libera Hangouts Meet gratuitamente.<\/p><p dir=\"ltr\">Como medida para reduzir o risco da propaga\u00e7\u00e3o do\u00a0<a href=\"https:\/\/www.tecmundo.com.br\/coronavirus\">coronav\u00edrus<\/a>\u00a0(Covid-19), muitos trabalhadores, professores e estudantes est\u00e3o realizando suas atividades remotamente. Por conta disso, a\u00a0<a href=\"https:\/\/www.tecmundo.com.br\/google\">Google<\/a>\u00a0anunciou que o\u00a0<a title=\"Google Hangouts\" href=\"https:\/\/www.tecmundo.com.br\/google-hangouts\/\" target=\"_blank\" rel=\"noopener\">Hangouts Meet<\/a>\u00a0est\u00e1 dispon\u00edvel para todos os usu\u00e1rios do G Suite.<\/p><p dir=\"ltr\">Agora, o recurso pode ser utilizado gratuitamente por todos os clientes. Assim, \u00e9 poss\u00edvel realizar reuni\u00f5es com mais de 250 pessoas e transmiss\u00f5es ao vivo para mais de 100 mil espectadores. Al\u00e9m disso, ele permite gravar e salvar as chamadas no\u00a0<a title=\"Google Drive\" href=\"https:\/\/www.tecmundo.com.br\/google-drive\/\" target=\"_blank\" rel=\"noopener\">Google Drive<\/a>.<\/p><p>\u00a0<\/p>\t\t\t\t\t\t\t\t<\/div>\n\t\t\t\t<\/div>\n\t\t\t\t\t<\/div>\n\t\t<\/div>\n\t\t\t\t\t<\/div>\n\t\t<\/section>\n\t\t\t\t<section class=\"elementor-section elementor-top-section elementor-element elementor-element-bf74ac2 elementor-section-boxed elementor-section-height-default elementor-section-height-default\" data-id=\"bf74ac2\" data-element_type=\"section\" data-e-type=\"section\">\n\t\t\t\t\t\t<div class=\"elementor-container elementor-column-gap-default\">\n\t\t\t\t\t<div class=\"elementor-column elementor-col-100 elementor-top-column elementor-element elementor-element-06b893d\" data-id=\"06b893d\" data-element_type=\"column\" data-e-type=\"column\">\n\t\t\t<div class=\"elementor-widget-wrap elementor-element-populated\">\n\t\t\t\t\t\t<div class=\"elementor-element elementor-element-338cf91 elementor-widget elementor-widget-text-editor\" data-id=\"338cf91\" data-element_type=\"widget\" data-e-type=\"widget\" data-widget_type=\"text-editor.default\">\n\t\t\t\t<div class=\"elementor-widget-container\">\n\t\t\t\t\t\t\t\t\t<p><a href=\"https:\/\/www.tecmundo.com.br\/produto\/150783-conta-coronavirus-google-libera-hangouts-meet-gratuitamente.htm\">https:\/\/www.tecmundo.com.br\/produto\/150783-conta-coronavirus-google-libera-hangouts-meet-gratuitamente.htm<\/a><\/p>\t\t\t\t\t\t\t\t<\/div>\n\t\t\t\t<\/div>\n\t\t\t\t\t<\/div>\n\t\t<\/div>\n\t\t\t\t\t<\/div>\n\t\t<\/section>\n\t\t\t\t<\/div>\n\t\t","protected":false},"excerpt":{"rendered":"<p>O home office como medida emergencial Por conta coronav\u00edrus, Google libera Hangouts Meet gratuitamente. Como medida para reduzir o risco da propaga\u00e7\u00e3o do&nbsp;coronav\u00edrus&nbsp;(Covid-19), muitos trabalhadores, professores e estudantes est\u00e3o realizando suas atividades remotamente. Por conta disso, a&nbsp;Google&nbsp;anunciou que o&nbsp;Hangouts Meet&nbsp;est\u00e1 dispon\u00edvel para todos os usu\u00e1rios do G Suite. Agora, o recurso pode ser utilizado gratuitamente [&hellip;]<\/p>\n","protected":false},"author":1,"featured_media":0,"parent":0,"menu_order":93,"comment_status":"closed","ping_status":"closed","template":"","meta":{"footnotes":""},"class_list":["post-247","page","type-page","status-publish","hentry"],"_links":{"self":[{"href":"https:\/\/indexwebsites.com.br\/tg\/wp-json\/wp\/v2\/pages\/247","targetHints":{"allow":["GET"]}}],"collection":[{"href":"https:\/\/indexwebsites.com.br\/tg\/wp-json\/wp\/v2\/pages"}],"about":[{"href":"https:\/\/indexwebsites.com.br\/tg\/wp-json\/wp\/v2\/types\/page"}],"author":[{"embeddable":true,"href":"https:\/\/indexwebsites.com.br\/tg\/wp-json\/wp\/v2\/users\/1"}],"replies":[{"embeddable":true,"href":"https:\/\/indexwebsites.com.br\/tg\/wp-json\/wp\/v2\/comments?post=247"}],"version-history":[{"count":0,"href":"https:\/\/indexwebsites.com.br\/tg\/wp-json\/wp\/v2\/pages\/247\/revisions"}],"wp:attachment":[{"href":"https:\/\/indexwebsites.com.br\/tg\/wp-json\/wp\/v2\/media?parent=247"}],"curies":[{"name":"wp","href":"https:\/\/api.w.org\/{rel}","templated":true}]}}