{"id":244,"date":"2020-03-18T21:52:07","date_gmt":"2020-03-19T00:52:07","guid":{"rendered":"https:\/\/techgirls.com.br\/?page_id=244"},"modified":"2022-04-19T15:35:28","modified_gmt":"2022-04-19T18:35:28","slug":"blog-mulherestecnologia-techgirls","status":"publish","type":"page","link":"https:\/\/indexwebsites.com.br\/tg\/blog-mulherestecnologia-techgirls\/","title":{"rendered":"Blog &#8211; Mulheres&#038;Tecnologia"},"content":{"rendered":"\t\t<div data-elementor-type=\"wp-page\" data-elementor-id=\"244\" class=\"elementor elementor-244\" data-elementor-post-type=\"page\">\n\t\t\t\t\t\t<section class=\"elementor-section elementor-top-section elementor-element elementor-element-48c711d elementor-section-boxed elementor-section-height-default elementor-section-height-default\" data-id=\"48c711d\" data-element_type=\"section\" data-e-type=\"section\">\n\t\t\t\t\t\t<div class=\"elementor-container elementor-column-gap-default\">\n\t\t\t\t\t<div class=\"elementor-column elementor-col-100 elementor-top-column elementor-element elementor-element-3cd61c7\" data-id=\"3cd61c7\" data-element_type=\"column\" data-e-type=\"column\">\n\t\t\t<div class=\"elementor-widget-wrap elementor-element-populated\">\n\t\t\t\t\t\t<div class=\"elementor-element elementor-element-e535cb2 elementor-widget elementor-widget-heading\" data-id=\"e535cb2\" data-element_type=\"widget\" data-e-type=\"widget\" data-widget_type=\"heading.default\">\n\t\t\t\t<div class=\"elementor-widget-container\">\n\t\t\t\t\t<h1 class=\"elementor-heading-title elementor-size-default\">Blog Tech Girls - Mulheres&amp;Tecnologia<\/h1>\t\t\t\t<\/div>\n\t\t\t\t<\/div>\n\t\t\t\t\t<\/div>\n\t\t<\/div>\n\t\t\t\t\t<\/div>\n\t\t<\/section>\n\t\t\t\t<section class=\"elementor-section elementor-top-section elementor-element elementor-element-3b9bab9 elementor-section-boxed elementor-section-height-default elementor-section-height-default\" data-id=\"3b9bab9\" data-element_type=\"section\" data-e-type=\"section\">\n\t\t\t\t\t\t<div class=\"elementor-container elementor-column-gap-default\">\n\t\t\t\t\t<div class=\"elementor-column elementor-col-33 elementor-top-column elementor-element elementor-element-9695a19\" data-id=\"9695a19\" data-element_type=\"column\" data-e-type=\"column\">\n\t\t\t<div class=\"elementor-widget-wrap elementor-element-populated\">\n\t\t\t\t\t\t<div class=\"elementor-element elementor-element-8ba418e elementor-position-top elementor-widget elementor-widget-image-box\" data-id=\"8ba418e\" data-element_type=\"widget\" data-e-type=\"widget\" data-widget_type=\"image-box.default\">\n\t\t\t\t<div class=\"elementor-widget-container\">\n\t\t\t\t\t<div class=\"elementor-image-box-wrapper\"><figure class=\"elementor-image-box-img\"><img fetchpriority=\"high\" decoding=\"async\" width=\"2160\" height=\"2160\" src=\"https:\/\/indexwebsites.com.br\/tg\/wp-content\/uploads\/2020\/08\/Posts_Pri-4.png\" class=\"attachment-full size-full wp-image-1884 no-lazyload\" alt=\"\" srcset=\"https:\/\/indexwebsites.com.br\/tg\/wp-content\/uploads\/2020\/08\/Posts_Pri-4.png 2160w, https:\/\/indexwebsites.com.br\/tg\/wp-content\/uploads\/2020\/08\/Posts_Pri-4-300x300.png 300w, https:\/\/indexwebsites.com.br\/tg\/wp-content\/uploads\/2020\/08\/Posts_Pri-4-1024x1024.png 1024w, https:\/\/indexwebsites.com.br\/tg\/wp-content\/uploads\/2020\/08\/Posts_Pri-4-150x150.png 150w, https:\/\/indexwebsites.com.br\/tg\/wp-content\/uploads\/2020\/08\/Posts_Pri-4-768x768.png 768w, https:\/\/indexwebsites.com.br\/tg\/wp-content\/uploads\/2020\/08\/Posts_Pri-4-1536x1536.png 1536w, https:\/\/indexwebsites.com.br\/tg\/wp-content\/uploads\/2020\/08\/Posts_Pri-4-2048x2048.png 2048w\" sizes=\"(max-width: 2160px) 100vw, 2160px\" \/><\/figure><div class=\"elementor-image-box-content\"><h3 class=\"elementor-image-box-title\">Campanha incentiva doa\u00e7\u00e3o de computadores encostados para ajudar aut\u00f4nomas<\/h3><\/div><\/div>\t\t\t\t<\/div>\n\t\t\t\t<\/div>\n\t\t\t\t<div class=\"elementor-element elementor-element-ddf6c5d elementor-align-center elementor-widget elementor-widget-button\" data-id=\"ddf6c5d\" data-element_type=\"widget\" data-e-type=\"widget\" data-widget_type=\"button.default\">\n\t\t\t\t<div class=\"elementor-widget-container\">\n\t\t\t\t\t\t\t\t\t<div class=\"elementor-button-wrapper\">\n\t\t\t\t\t<a class=\"elementor-button elementor-button-link elementor-size-sm\" href=\"https:\/\/indexwebsites.com.br\/tg\/blog-laptops-usados\/\">\n\t\t\t\t\t\t<span class=\"elementor-button-content-wrapper\">\n\t\t\t\t\t\t\t\t\t<span class=\"elementor-button-text\">Leia a mat\u00e9ria<\/span>\n\t\t\t\t\t<\/span>\n\t\t\t\t\t<\/a>\n\t\t\t\t<\/div>\n\t\t\t\t\t\t\t\t<\/div>\n\t\t\t\t<\/div>\n\t\t\t\t\t<\/div>\n\t\t<\/div>\n\t\t\t\t<div class=\"elementor-column elementor-col-33 elementor-top-column elementor-element elementor-element-dc878cd\" data-id=\"dc878cd\" data-element_type=\"column\" data-e-type=\"column\">\n\t\t\t<div class=\"elementor-widget-wrap elementor-element-populated\">\n\t\t\t\t\t\t<div class=\"elementor-element elementor-element-5d68121 elementor-widget elementor-widget-image\" data-id=\"5d68121\" data-element_type=\"widget\" data-e-type=\"widget\" data-widget_type=\"image.default\">\n\t\t\t\t<div class=\"elementor-widget-container\">\n\t\t\t\t\t\t\t\t\t\t\t\t\t\t\t<img decoding=\"async\" width=\"318\" height=\"277\" src=\"https:\/\/indexwebsites.com.br\/tg\/wp-content\/uploads\/2020\/03\/Captura-de-Tela-2020-03-19-a\u0300s-11.16.27-AM.png\" class=\"attachment-large size-large wp-image-280 no-lazyload\" alt=\"\" srcset=\"https:\/\/indexwebsites.com.br\/tg\/wp-content\/uploads\/2020\/03\/Captura-de-Tela-2020-03-19-a\u0300s-11.16.27-AM.png 318w, https:\/\/indexwebsites.com.br\/tg\/wp-content\/uploads\/2020\/03\/Captura-de-Tela-2020-03-19-a\u0300s-11.16.27-AM-300x261.png 300w\" sizes=\"(max-width: 318px) 100vw, 318px\" \/>\t\t\t\t\t\t\t\t\t\t\t\t\t\t\t<\/div>\n\t\t\t\t<\/div>\n\t\t\t\t<div class=\"elementor-element elementor-element-a382dc8 elementor-widget elementor-widget-text-editor\" data-id=\"a382dc8\" data-element_type=\"widget\" data-e-type=\"widget\" data-widget_type=\"text-editor.default\">\n\t\t\t\t<div class=\"elementor-widget-container\">\n\t\t\t\t\t\t\t\t\t<h1 class=\"fusion-post-title\" data-fontsize=\"22\" data-lineheight=\"27\">Aplicativos que combatem a viol\u00eancia contra as mulheres<\/h1>\t\t\t\t\t\t\t\t<\/div>\n\t\t\t\t<\/div>\n\t\t\t\t<div class=\"elementor-element elementor-element-1268781 elementor-align-center elementor-widget elementor-widget-button\" data-id=\"1268781\" data-element_type=\"widget\" data-e-type=\"widget\" data-widget_type=\"button.default\">\n\t\t\t\t<div class=\"elementor-widget-container\">\n\t\t\t\t\t\t\t\t\t<div class=\"elementor-button-wrapper\">\n\t\t\t\t\t<a class=\"elementor-button elementor-button-link elementor-size-sm\" href=\"https:\/\/indexwebsites.com.br\/tg\/app-violencia-mulheres\/\">\n\t\t\t\t\t\t<span class=\"elementor-button-content-wrapper\">\n\t\t\t\t\t\t\t\t\t<span class=\"elementor-button-text\">Leia a mat\u00e9ria<\/span>\n\t\t\t\t\t<\/span>\n\t\t\t\t\t<\/a>\n\t\t\t\t<\/div>\n\t\t\t\t\t\t\t\t<\/div>\n\t\t\t\t<\/div>\n\t\t\t\t\t<\/div>\n\t\t<\/div>\n\t\t\t\t<div class=\"elementor-column elementor-col-33 elementor-top-column elementor-element elementor-element-2236d91\" data-id=\"2236d91\" data-element_type=\"column\" data-e-type=\"column\">\n\t\t\t<div class=\"elementor-widget-wrap elementor-element-populated\">\n\t\t\t\t\t\t<div class=\"elementor-element elementor-element-f42fe50 elementor-widget elementor-widget-image\" data-id=\"f42fe50\" data-element_type=\"widget\" data-e-type=\"widget\" data-widget_type=\"image.default\">\n\t\t\t\t<div class=\"elementor-widget-container\">\n\t\t\t\t\t\t\t\t\t\t\t\t\t\t\t<img decoding=\"async\" width=\"800\" height=\"600\" src=\"https:\/\/indexwebsites.com.br\/tg\/wp-content\/uploads\/2021\/07\/blog_Japao.jpeg\" class=\"attachment-large size-large wp-image-2855 no-lazyload\" alt=\"\" srcset=\"https:\/\/indexwebsites.com.br\/tg\/wp-content\/uploads\/2021\/07\/blog_Japao.jpeg 960w, https:\/\/indexwebsites.com.br\/tg\/wp-content\/uploads\/2021\/07\/blog_Japao-300x225.jpeg 300w, https:\/\/indexwebsites.com.br\/tg\/wp-content\/uploads\/2021\/07\/blog_Japao-768x576.jpeg 768w\" sizes=\"(max-width: 800px) 100vw, 800px\" \/>\t\t\t\t\t\t\t\t\t\t\t\t\t\t\t<\/div>\n\t\t\t\t<\/div>\n\t\t\t\t<div class=\"elementor-element elementor-element-7498d82 elementor-widget elementor-widget-heading\" data-id=\"7498d82\" data-element_type=\"widget\" data-e-type=\"widget\" data-widget_type=\"heading.default\">\n\t\t\t\t<div class=\"elementor-widget-container\">\n\t\t\t\t\t<h2 class=\"elementor-heading-title elementor-size-default\">O que uma Tech Girl aprendeu no Jap\u00e3o<\/h2>\t\t\t\t<\/div>\n\t\t\t\t<\/div>\n\t\t\t\t<div class=\"elementor-element elementor-element-422c8be elementor-align-center elementor-widget elementor-widget-button\" data-id=\"422c8be\" data-element_type=\"widget\" data-e-type=\"widget\" data-widget_type=\"button.default\">\n\t\t\t\t<div class=\"elementor-widget-container\">\n\t\t\t\t\t\t\t\t\t<div class=\"elementor-button-wrapper\">\n\t\t\t\t\t<a class=\"elementor-button elementor-button-link elementor-size-sm\" href=\"https:\/\/indexwebsites.com.br\/tg\/japao\">\n\t\t\t\t\t\t<span class=\"elementor-button-content-wrapper\">\n\t\t\t\t\t\t\t\t\t<span class=\"elementor-button-text\">Leia a mat\u00e9ria<\/span>\n\t\t\t\t\t<\/span>\n\t\t\t\t\t<\/a>\n\t\t\t\t<\/div>\n\t\t\t\t\t\t\t\t<\/div>\n\t\t\t\t<\/div>\n\t\t\t\t\t<\/div>\n\t\t<\/div>\n\t\t\t\t\t<\/div>\n\t\t<\/section>\n\t\t\t\t<section class=\"elementor-section elementor-top-section elementor-element elementor-element-e32f3ed elementor-section-boxed elementor-section-height-default elementor-section-height-default\" data-id=\"e32f3ed\" data-element_type=\"section\" data-e-type=\"section\">\n\t\t\t\t\t\t<div class=\"elementor-container elementor-column-gap-default\">\n\t\t\t\t\t<div class=\"elementor-column elementor-col-33 elementor-top-column elementor-element elementor-element-c7997a4\" data-id=\"c7997a4\" data-element_type=\"column\" data-e-type=\"column\">\n\t\t\t<div class=\"elementor-widget-wrap elementor-element-populated\">\n\t\t\t\t\t\t<div class=\"elementor-element elementor-element-4d860f3 elementor-widget elementor-widget-image\" data-id=\"4d860f3\" data-element_type=\"widget\" data-e-type=\"widget\" data-widget_type=\"image.default\">\n\t\t\t\t<div class=\"elementor-widget-container\">\n\t\t\t\t\t\t\t\t\t\t\t\t\t\t\t<img loading=\"lazy\" decoding=\"async\" width=\"800\" height=\"600\" src=\"https:\/\/indexwebsites.com.br\/tg\/wp-content\/uploads\/2020\/03\/image-18-03-20-10-11-2-1024x768.jpeg\" class=\"attachment-large size-large wp-image-252 no-lazyload\" alt=\"\" srcset=\"https:\/\/indexwebsites.com.br\/tg\/wp-content\/uploads\/2020\/03\/image-18-03-20-10-11-2-1024x768.jpeg 1024w, https:\/\/indexwebsites.com.br\/tg\/wp-content\/uploads\/2020\/03\/image-18-03-20-10-11-2-300x225.jpeg 300w, https:\/\/indexwebsites.com.br\/tg\/wp-content\/uploads\/2020\/03\/image-18-03-20-10-11-2-768x576.jpeg 768w, https:\/\/indexwebsites.com.br\/tg\/wp-content\/uploads\/2020\/03\/image-18-03-20-10-11-2-1536x1152.jpeg 1536w, https:\/\/indexwebsites.com.br\/tg\/wp-content\/uploads\/2020\/03\/image-18-03-20-10-11-2.jpeg 1920w\" sizes=\"(max-width: 800px) 100vw, 800px\" \/>\t\t\t\t\t\t\t\t\t\t\t\t\t\t\t<\/div>\n\t\t\t\t<\/div>\n\t\t\t\t\t<\/div>\n\t\t<\/div>\n\t\t\t\t<div class=\"elementor-column elementor-col-33 elementor-top-column elementor-element elementor-element-629a068\" data-id=\"629a068\" data-element_type=\"column\" data-e-type=\"column\">\n\t\t\t<div class=\"elementor-widget-wrap elementor-element-populated\">\n\t\t\t\t\t\t<div class=\"elementor-element elementor-element-205ca32 elementor-widget elementor-widget-image\" data-id=\"205ca32\" data-element_type=\"widget\" data-e-type=\"widget\" data-widget_type=\"image.default\">\n\t\t\t\t<div class=\"elementor-widget-container\">\n\t\t\t\t\t\t\t\t\t\t\t\t\t\t\t<img loading=\"lazy\" decoding=\"async\" width=\"800\" height=\"508\" src=\"https:\/\/indexwebsites.com.br\/tg\/wp-content\/uploads\/2020\/03\/WTM.jpeg\" class=\"attachment-large size-large wp-image-200 no-lazyload\" alt=\"\" srcset=\"https:\/\/indexwebsites.com.br\/tg\/wp-content\/uploads\/2020\/03\/WTM.jpeg 800w, https:\/\/indexwebsites.com.br\/tg\/wp-content\/uploads\/2020\/03\/WTM-300x191.jpeg 300w, https:\/\/indexwebsites.com.br\/tg\/wp-content\/uploads\/2020\/03\/WTM-768x488.jpeg 768w\" sizes=\"(max-width: 800px) 100vw, 800px\" \/>\t\t\t\t\t\t\t\t\t\t\t\t\t\t\t<\/div>\n\t\t\t\t<\/div>\n\t\t\t\t\t<\/div>\n\t\t<\/div>\n\t\t\t\t<div class=\"elementor-column elementor-col-33 elementor-top-column elementor-element elementor-element-b44b302\" data-id=\"b44b302\" data-element_type=\"column\" data-e-type=\"column\">\n\t\t\t<div class=\"elementor-widget-wrap\">\n\t\t\t\t\t\t\t<\/div>\n\t\t<\/div>\n\t\t\t\t\t<\/div>\n\t\t<\/section>\n\t\t\t\t<section class=\"elementor-section elementor-top-section elementor-element elementor-element-4f5a6df elementor-section-boxed elementor-section-height-default elementor-section-height-default\" data-id=\"4f5a6df\" data-element_type=\"section\" data-e-type=\"section\">\n\t\t\t\t\t\t<div class=\"elementor-container elementor-column-gap-default\">\n\t\t\t\t\t<div class=\"elementor-column elementor-col-33 elementor-top-column elementor-element elementor-element-7f3a55b\" data-id=\"7f3a55b\" data-element_type=\"column\" data-e-type=\"column\">\n\t\t\t<div class=\"elementor-widget-wrap elementor-element-populated\">\n\t\t\t\t\t\t<div class=\"elementor-element elementor-element-e032b8a elementor-widget elementor-widget-text-editor\" data-id=\"e032b8a\" data-element_type=\"widget\" data-e-type=\"widget\" data-widget_type=\"text-editor.default\">\n\t\t\t\t<div class=\"elementor-widget-container\">\n\t\t\t\t\t\t\t\t\t<h1><b>O home office como medida emergencial<\/b><\/h1>\t\t\t\t\t\t\t\t<\/div>\n\t\t\t\t<\/div>\n\t\t\t\t<div class=\"elementor-element elementor-element-6892005 elementor-align-center elementor-widget elementor-widget-button\" data-id=\"6892005\" data-element_type=\"widget\" data-e-type=\"widget\" data-widget_type=\"button.default\">\n\t\t\t\t<div class=\"elementor-widget-container\">\n\t\t\t\t\t\t\t\t\t<div class=\"elementor-button-wrapper\">\n\t\t\t\t\t<a class=\"elementor-button elementor-button-link elementor-size-sm\" href=\"https:\/\/indexwebsites.com.br\/tg\/blog-home-office\/\">\n\t\t\t\t\t\t<span class=\"elementor-button-content-wrapper\">\n\t\t\t\t\t\t\t\t\t<span class=\"elementor-button-text\">Leia a mat\u00e9ria<\/span>\n\t\t\t\t\t<\/span>\n\t\t\t\t\t<\/a>\n\t\t\t\t<\/div>\n\t\t\t\t\t\t\t\t<\/div>\n\t\t\t\t<\/div>\n\t\t\t\t\t<\/div>\n\t\t<\/div>\n\t\t\t\t<div class=\"elementor-column elementor-col-33 elementor-top-column elementor-element elementor-element-9697d94\" data-id=\"9697d94\" data-element_type=\"column\" data-e-type=\"column\">\n\t\t\t<div class=\"elementor-widget-wrap elementor-element-populated\">\n\t\t\t\t\t\t<div class=\"elementor-element elementor-element-3474371 elementor-widget elementor-widget-text-editor\" data-id=\"3474371\" data-element_type=\"widget\" data-e-type=\"widget\" data-widget_type=\"text-editor.default\">\n\t\t\t\t<div class=\"elementor-widget-container\">\n\t\t\t\t\t\t\t\t\t<h1 class=\"fusion-post-title\" data-fontsize=\"22\" data-lineheight=\"27\">Mais Mulheres na Tecnologia<\/h1>\t\t\t\t\t\t\t\t<\/div>\n\t\t\t\t<\/div>\n\t\t\t\t<div class=\"elementor-element elementor-element-732e420 elementor-align-center elementor-widget elementor-widget-button\" data-id=\"732e420\" data-element_type=\"widget\" data-e-type=\"widget\" data-widget_type=\"button.default\">\n\t\t\t\t<div class=\"elementor-widget-container\">\n\t\t\t\t\t\t\t\t\t<div class=\"elementor-button-wrapper\">\n\t\t\t\t\t<a class=\"elementor-button elementor-button-link elementor-size-sm\" href=\"https:\/\/epocanegocios.globo.com\/colunas\/Novos-tempos\/noticia\/2019\/03\/queremos-mais-mulheres-na-tecnologia-ja.html\">\n\t\t\t\t\t\t<span class=\"elementor-button-content-wrapper\">\n\t\t\t\t\t\t\t\t\t<span class=\"elementor-button-text\">Leia a mat\u00e9ria<\/span>\n\t\t\t\t\t<\/span>\n\t\t\t\t\t<\/a>\n\t\t\t\t<\/div>\n\t\t\t\t\t\t\t\t<\/div>\n\t\t\t\t<\/div>\n\t\t\t\t\t<\/div>\n\t\t<\/div>\n\t\t\t\t<div class=\"elementor-column elementor-col-33 elementor-top-column elementor-element elementor-element-2b89178\" data-id=\"2b89178\" data-element_type=\"column\" data-e-type=\"column\">\n\t\t\t<div class=\"elementor-widget-wrap elementor-element-populated\">\n\t\t\t\t\t\t\t<\/div>\n\t\t<\/div>\n\t\t\t\t\t<\/div>\n\t\t<\/section>\n\t\t\t\t<section class=\"elementor-section elementor-top-section elementor-element elementor-element-51e64ba elementor-section-boxed elementor-section-height-default elementor-section-height-default\" data-id=\"51e64ba\" data-element_type=\"section\" data-e-type=\"section\">\n\t\t\t\t\t\t<div class=\"elementor-container elementor-column-gap-default\">\n\t\t\t\t\t<div class=\"elementor-column elementor-col-100 elementor-top-column elementor-element elementor-element-bd39268\" data-id=\"bd39268\" data-element_type=\"column\" data-e-type=\"column\">\n\t\t\t<div class=\"elementor-widget-wrap elementor-element-populated\">\n\t\t\t\t\t\t<div class=\"elementor-element elementor-element-93df4af elementor-widget elementor-widget-text-editor\" data-id=\"93df4af\" data-element_type=\"widget\" data-e-type=\"widget\" data-widget_type=\"text-editor.default\">\n\t\t\t\t<div class=\"elementor-widget-container\">\n\t\t\t\t\t\t\t\t\t<p>Sobre as Tech Girls:<br \/><span style=\"font-weight: 400;\">Levamos conhecimento de Tecnologia para contribuir na evolu\u00e7\u00e3o das mulheres de comunidades de vulnerabilidade social, para que estas possam obter independ\u00eancia financeira e entrar\/voltar no mercado de trabalho<\/span><\/p><p><span style=\"font-weight: 400;\">Mulheres&amp;Tecnologia Educa\u00e7\u00e3o Gratuita <\/span><\/p>\t\t\t\t\t\t\t\t<\/div>\n\t\t\t\t<\/div>\n\t\t\t\t\t<\/div>\n\t\t<\/div>\n\t\t\t\t\t<\/div>\n\t\t<\/section>\n\t\t\t\t<\/div>\n\t\t","protected":false},"excerpt":{"rendered":"<p>Blog Tech Girls &#8211; Mulheres&amp;Tecnologia Campanha incentiva doa\u00e7\u00e3o de computadores encostados para ajudar aut\u00f4nomas Leia a mat\u00e9ria Aplicativos que combatem a viol\u00eancia contra as mulheres Leia a mat\u00e9ria O que uma Tech Girl aprendeu no Jap\u00e3o Leia a mat\u00e9ria O home office como medida emergencial Leia a mat\u00e9ria Mais Mulheres na Tecnologia Leia a mat\u00e9ria [&hellip;]<\/p>\n","protected":false},"author":1,"featured_media":0,"parent":0,"menu_order":94,"comment_status":"closed","ping_status":"closed","template":"","meta":{"footnotes":""},"class_list":["post-244","page","type-page","status-publish","hentry"],"_links":{"self":[{"href":"https:\/\/indexwebsites.com.br\/tg\/wp-json\/wp\/v2\/pages\/244","targetHints":{"allow":["GET"]}}],"collection":[{"href":"https:\/\/indexwebsites.com.br\/tg\/wp-json\/wp\/v2\/pages"}],"about":[{"href":"https:\/\/indexwebsites.com.br\/tg\/wp-json\/wp\/v2\/types\/page"}],"author":[{"embeddable":true,"href":"https:\/\/indexwebsites.com.br\/tg\/wp-json\/wp\/v2\/users\/1"}],"replies":[{"embeddable":true,"href":"https:\/\/indexwebsites.com.br\/tg\/wp-json\/wp\/v2\/comments?post=244"}],"version-history":[{"count":3,"href":"https:\/\/indexwebsites.com.br\/tg\/wp-json\/wp\/v2\/pages\/244\/revisions"}],"predecessor-version":[{"id":6923,"href":"https:\/\/indexwebsites.com.br\/tg\/wp-json\/wp\/v2\/pages\/244\/revisions\/6923"}],"wp:attachment":[{"href":"https:\/\/indexwebsites.com.br\/tg\/wp-json\/wp\/v2\/media?parent=244"}],"curies":[{"name":"wp","href":"https:\/\/api.w.org\/{rel}","templated":true}]}}