{"id":192,"date":"2020-03-15T10:31:23","date_gmt":"2020-03-15T13:31:23","guid":{"rendered":"https:\/\/techgirls.com.br\/?page_id=192"},"modified":"2022-04-12T21:17:41","modified_gmt":"2022-04-13T00:17:41","slug":"motivacao-techgirls-mulherestecnologia","status":"publish","type":"page","link":"https:\/\/indexwebsites.com.br\/tg\/motivacao-techgirls-mulherestecnologia\/","title":{"rendered":"Motiva\u00e7\u00e3o"},"content":{"rendered":"\t\t<div data-elementor-type=\"wp-page\" data-elementor-id=\"192\" class=\"elementor elementor-192\" data-elementor-post-type=\"page\">\n\t\t\t\t\t\t<section class=\"elementor-section elementor-top-section elementor-element elementor-element-ed29493 elementor-section-boxed elementor-section-height-default elementor-section-height-default\" data-id=\"ed29493\" data-element_type=\"section\" data-e-type=\"section\">\n\t\t\t\t\t\t<div class=\"elementor-container elementor-column-gap-default\">\n\t\t\t\t\t<div class=\"elementor-column elementor-col-100 elementor-top-column elementor-element elementor-element-c8d7cbb\" data-id=\"c8d7cbb\" data-element_type=\"column\" data-e-type=\"column\">\n\t\t\t<div class=\"elementor-widget-wrap\">\n\t\t\t\t\t\t\t<\/div>\n\t\t<\/div>\n\t\t\t\t\t<\/div>\n\t\t<\/section>\n\t\t\t\t<section class=\"elementor-section elementor-top-section elementor-element elementor-element-0029d53 elementor-section-boxed elementor-section-height-default elementor-section-height-default\" data-id=\"0029d53\" data-element_type=\"section\" data-e-type=\"section\" data-settings=\"{&quot;background_background&quot;:&quot;classic&quot;}\">\n\t\t\t\t\t\t<div class=\"elementor-container elementor-column-gap-default\">\n\t\t\t\t\t<div class=\"elementor-column elementor-col-100 elementor-top-column elementor-element elementor-element-f8b3079\" data-id=\"f8b3079\" data-element_type=\"column\" data-e-type=\"column\">\n\t\t\t<div class=\"elementor-widget-wrap elementor-element-populated\">\n\t\t\t\t\t\t<div class=\"elementor-element elementor-element-f54f021 elementor-widget elementor-widget-heading\" data-id=\"f54f021\" data-element_type=\"widget\" data-e-type=\"widget\" data-widget_type=\"heading.default\">\n\t\t\t\t<div class=\"elementor-widget-container\">\n\t\t\t\t\t<h2 class=\"elementor-heading-title elementor-size-default\">Qual \u00e9 a motiva\u00e7\u00e3o ao se criar este grupo?<\/h2>\t\t\t\t<\/div>\n\t\t\t\t<\/div>\n\t\t\t\t\t<\/div>\n\t\t<\/div>\n\t\t\t\t\t<\/div>\n\t\t<\/section>\n\t\t\t\t<section class=\"elementor-section elementor-top-section elementor-element elementor-element-20f2a23 elementor-section-boxed elementor-section-height-default elementor-section-height-default\" data-id=\"20f2a23\" data-element_type=\"section\" data-e-type=\"section\">\n\t\t\t\t\t\t<div class=\"elementor-container elementor-column-gap-default\">\n\t\t\t\t\t<div class=\"elementor-column elementor-col-100 elementor-top-column elementor-element elementor-element-1080663\" data-id=\"1080663\" data-element_type=\"column\" data-e-type=\"column\">\n\t\t\t<div class=\"elementor-widget-wrap elementor-element-populated\">\n\t\t\t\t\t\t<div class=\"elementor-element elementor-element-6ec799f elementor-widget elementor-widget-text-editor\" data-id=\"6ec799f\" data-element_type=\"widget\" data-e-type=\"widget\" data-widget_type=\"text-editor.default\">\n\t\t\t\t<div class=\"elementor-widget-container\">\n\t\t\t\t\t\t\t\t\t<p>Um pouco de Carreira, Mulheres&amp;Tecnologia<\/p>\t\t\t\t\t\t\t\t<\/div>\n\t\t\t\t<\/div>\n\t\t\t\t\t<\/div>\n\t\t<\/div>\n\t\t\t\t\t<\/div>\n\t\t<\/section>\n\t\t\t\t<section class=\"elementor-section elementor-top-section elementor-element elementor-element-5cbe610 elementor-section-boxed elementor-section-height-default elementor-section-height-default\" data-id=\"5cbe610\" data-element_type=\"section\" data-e-type=\"section\">\n\t\t\t\t\t\t<div class=\"elementor-container elementor-column-gap-default\">\n\t\t\t\t\t<div class=\"elementor-column elementor-col-100 elementor-top-column elementor-element elementor-element-894f4f8\" data-id=\"894f4f8\" data-element_type=\"column\" data-e-type=\"column\">\n\t\t\t<div class=\"elementor-widget-wrap elementor-element-populated\">\n\t\t\t\t\t\t<div class=\"elementor-element elementor-element-3222f5c elementor-widget elementor-widget-text-editor\" data-id=\"3222f5c\" data-element_type=\"widget\" data-e-type=\"widget\" data-widget_type=\"text-editor.default\">\n\t\t\t\t<div class=\"elementor-widget-container\">\n\t\t\t\t\t\t\t\t\t<p>Pr\u00f3ximo ao completar 40 anos de idade, ao longo da minha carreira, foi necess\u00e1rio eu voltar a fazer um novo curso superior, desta vez em Tecnologia da Informa\u00e7\u00e3o, pois minha bagagem profissional e de educa\u00e7\u00e3o ( faculdade e 2 p\u00f3s- gradua\u00e7\u00f5es) j\u00e1 n\u00e3o eram mais suficientes.<\/p><p>N\u00e3o foi nada f\u00e1cil conciliar trabalho bem puxado e ambiente nada amistoso para o aprendizado, j\u00e1 que a \u00e1rea de Tecnologia era dominado por apenas homens que tudo que me respondiam quando eu tinha d\u00favida era: &#8220;voc\u00ea n\u00e3o \u00e9 t\u00e9cnica&#8221;. E assim, l\u00e1 fui eu, fazer faculdade de Tecnologia da Informa\u00e7\u00e3o no Centro Universit\u00e1rio Senac em S\u00e3o Paulo.\u00a0E, paralelamente, para eu obter mais rapidamente os conhecimentos, estudei ao mesmo tempo da faculdade, cursos complementares chamados de bootcamps, que exigiram semanas dedicadas e bem intensas.<\/p><p>E, depois desta completa maratona, n\u00e3o \u00e9 que eu virei uma t\u00e9cnica. kkkkkkkk\u00a0<\/p><p>Portanto, ao inv\u00e9s de discutir de ser ou n\u00e3o ser t\u00e9cnica, provei com evid\u00eancias que qualquer mulher sim, pode conquistar e ser respeitada no ambiente de trabalho.<\/p><p>E\u00a0 devido a toda esta dificuldade de ser julgada por apar\u00eancias, que todas n\u00f3s mulheres passamos e muitas ainda passam,\u00a0 \u00e9 que me motivou a fundar o projeto social Tech Girls, onde mulheres dividem o conhecimento com suas colegas, portanto o principal tema \u00e9 Mulheres&amp;Tecnologia.<\/p>\t\t\t\t\t\t\t\t<\/div>\n\t\t\t\t<\/div>\n\t\t\t\t\t<\/div>\n\t\t<\/div>\n\t\t\t\t\t<\/div>\n\t\t<\/section>\n\t\t\t\t<section class=\"elementor-section elementor-top-section elementor-element elementor-element-befd58b elementor-section-boxed elementor-section-height-default elementor-section-height-default\" data-id=\"befd58b\" data-element_type=\"section\" data-e-type=\"section\">\n\t\t\t\t\t\t<div class=\"elementor-container elementor-column-gap-default\">\n\t\t\t\t\t<div class=\"elementor-column elementor-col-100 elementor-top-column elementor-element elementor-element-1bd6d4c\" data-id=\"1bd6d4c\" data-element_type=\"column\" data-e-type=\"column\">\n\t\t\t<div class=\"elementor-widget-wrap elementor-element-populated\">\n\t\t\t\t\t\t<div class=\"elementor-element elementor-element-aee0261 elementor-widget elementor-widget-image\" data-id=\"aee0261\" data-element_type=\"widget\" data-e-type=\"widget\" data-widget_type=\"image.default\">\n\t\t\t\t<div class=\"elementor-widget-container\">\n\t\t\t\t\t\t\t\t\t\t\t\t\t\t\t<img fetchpriority=\"high\" decoding=\"async\" width=\"800\" height=\"365\" src=\"https:\/\/indexwebsites.com.br\/tg\/wp-content\/uploads\/2020\/03\/Captura-de-Tela-2020-03-15-a\u0300s-10.38.53-AM.png\" class=\"attachment-large size-large wp-image-197 no-lazyload\" alt=\"\" srcset=\"https:\/\/indexwebsites.com.br\/tg\/wp-content\/uploads\/2020\/03\/Captura-de-Tela-2020-03-15-a\u0300s-10.38.53-AM.png 968w, https:\/\/indexwebsites.com.br\/tg\/wp-content\/uploads\/2020\/03\/Captura-de-Tela-2020-03-15-a\u0300s-10.38.53-AM-300x137.png 300w, https:\/\/indexwebsites.com.br\/tg\/wp-content\/uploads\/2020\/03\/Captura-de-Tela-2020-03-15-a\u0300s-10.38.53-AM-768x351.png 768w\" sizes=\"(max-width: 800px) 100vw, 800px\" \/>\t\t\t\t\t\t\t\t\t\t\t\t\t\t\t<\/div>\n\t\t\t\t<\/div>\n\t\t\t\t<div class=\"elementor-element elementor-element-fbfaa13 elementor-widget elementor-widget-text-editor\" data-id=\"fbfaa13\" data-element_type=\"widget\" data-e-type=\"widget\" data-widget_type=\"text-editor.default\">\n\t\t\t\t<div class=\"elementor-widget-container\">\n\t\t\t\t\t\t\t\t\t<p>Olha eu a\u00ed,\u00a0 na foto ( lado esquerdo) como destaque na capa do site do curso de programa\u00e7\u00e3o www.lewagon.com\/pt-BR\/sao-paulo. At\u00e9 descabelada eu estava, de t\u00e3o dif\u00edcil para acompanhar o curso que ensina a &#8220;codar&#8221; e l\u00f3gica de programa\u00e7\u00e3o. Orgulhosamente com as \u00fanicas colegas mulheres da turma: Caroline Moreira ( atualmente trabalhando na \u00e1rea de tecnologia do Uber) e Luana Perin ( atualmente trabalhando na \u00e1rea de tecnologia no NuBank).<\/p><p>Provamos que mesmo diante de muita dificuldade e ritmo insano das aulas ( al\u00e9m o investimento alto no curso R$ 18 mil), foi poss\u00edvel aprender a linguagem de computa\u00e7\u00e3o Ruby on Rails e sairmos capacitadas como Desenvolvedoras de Software Full-Stack, isto \u00e9, para atuarmos tanto no front-end, como no\u00a0 back-end.<\/p><p>Saiba mais sobre minha carreira e atividades profissionais no Linkedin, clique no bot\u00e3o.<\/p><p>\u00a0<\/p><p>\u00a0<\/p>\t\t\t\t\t\t\t\t<\/div>\n\t\t\t\t<\/div>\n\t\t\t\t<div class=\"elementor-element elementor-element-a010776 elementor-shape-rounded elementor-grid-0 e-grid-align-center elementor-widget elementor-widget-social-icons\" data-id=\"a010776\" data-element_type=\"widget\" data-e-type=\"widget\" data-widget_type=\"social-icons.default\">\n\t\t\t\t<div class=\"elementor-widget-container\">\n\t\t\t\t\t\t\t<div class=\"elementor-social-icons-wrapper elementor-grid\">\n\t\t\t\t\t\t\t<span class=\"elementor-grid-item\">\n\t\t\t\t\t<a class=\"elementor-icon elementor-social-icon elementor-social-icon-linkedin elementor-repeater-item-518227b\" target=\"_blank\">\n\t\t\t\t\t\t<span class=\"elementor-screen-only\">Linkedin<\/span>\n\t\t\t\t\t\t<svg aria-hidden=\"true\" class=\"e-font-icon-svg e-fab-linkedin\" viewBox=\"0 0 448 512\" xmlns=\"http:\/\/www.w3.org\/2000\/svg\"><path d=\"M416 32H31.9C14.3 32 0 46.5 0 64.3v383.4C0 465.5 14.3 480 31.9 480H416c17.6 0 32-14.5 32-32.3V64.3c0-17.8-14.4-32.3-32-32.3zM135.4 416H69V202.2h66.5V416zm-33.2-243c-21.3 0-38.5-17.3-38.5-38.5S80.9 96 102.2 96c21.2 0 38.5 17.3 38.5 38.5 0 21.3-17.2 38.5-38.5 38.5zm282.1 243h-66.4V312c0-24.8-.5-56.7-34.5-56.7-34.6 0-39.9 27-39.9 54.9V416h-66.4V202.2h63.7v29.2h.9c8.9-16.8 30.6-34.5 62.9-34.5 67.2 0 79.7 44.3 79.7 101.9V416z\"><\/path><\/svg>\t\t\t\t\t<\/a>\n\t\t\t\t<\/span>\n\t\t\t\t\t<\/div>\n\t\t\t\t\t\t<\/div>\n\t\t\t\t<\/div>\n\t\t\t\t\t<\/div>\n\t\t<\/div>\n\t\t\t\t\t<\/div>\n\t\t<\/section>\n\t\t\t\t<section class=\"elementor-section elementor-top-section elementor-element elementor-element-599ef6b elementor-section-boxed elementor-section-height-default elementor-section-height-default\" data-id=\"599ef6b\" data-element_type=\"section\" data-e-type=\"section\">\n\t\t\t\t\t\t<div class=\"elementor-container elementor-column-gap-default\">\n\t\t\t\t\t<div class=\"elementor-column elementor-col-100 elementor-top-column elementor-element elementor-element-ba2820b\" data-id=\"ba2820b\" data-element_type=\"column\" data-e-type=\"column\">\n\t\t\t<div class=\"elementor-widget-wrap elementor-element-populated\">\n\t\t\t\t\t\t<div class=\"elementor-element elementor-element-9a2534f elementor-widget elementor-widget-image\" data-id=\"9a2534f\" data-element_type=\"widget\" data-e-type=\"widget\" data-widget_type=\"image.default\">\n\t\t\t\t<div class=\"elementor-widget-container\">\n\t\t\t\t\t\t\t\t\t\t\t\t\t\t\t<img decoding=\"async\" width=\"800\" height=\"508\" src=\"https:\/\/indexwebsites.com.br\/tg\/wp-content\/uploads\/2020\/03\/WTM.jpeg\" class=\"attachment-large size-large wp-image-200 no-lazyload\" alt=\"\" srcset=\"https:\/\/indexwebsites.com.br\/tg\/wp-content\/uploads\/2020\/03\/WTM.jpeg 800w, https:\/\/indexwebsites.com.br\/tg\/wp-content\/uploads\/2020\/03\/WTM-300x191.jpeg 300w, https:\/\/indexwebsites.com.br\/tg\/wp-content\/uploads\/2020\/03\/WTM-768x488.jpeg 768w\" sizes=\"(max-width: 800px) 100vw, 800px\" \/>\t\t\t\t\t\t\t\t\t\t\t\t\t\t\t<\/div>\n\t\t\t\t<\/div>\n\t\t\t\t\t<\/div>\n\t\t<\/div>\n\t\t\t\t\t<\/div>\n\t\t<\/section>\n\t\t\t\t<section class=\"elementor-section elementor-top-section elementor-element elementor-element-0d0b6aa elementor-section-boxed elementor-section-height-default elementor-section-height-default\" data-id=\"0d0b6aa\" data-element_type=\"section\" data-e-type=\"section\">\n\t\t\t\t\t\t<div class=\"elementor-container elementor-column-gap-default\">\n\t\t\t\t\t<div class=\"elementor-column elementor-col-100 elementor-top-column elementor-element elementor-element-0d37bf4\" data-id=\"0d37bf4\" data-element_type=\"column\" data-e-type=\"column\">\n\t\t\t<div class=\"elementor-widget-wrap elementor-element-populated\">\n\t\t\t\t\t\t<div class=\"elementor-element elementor-element-fc601b5 elementor-widget elementor-widget-text-editor\" data-id=\"fc601b5\" data-element_type=\"widget\" data-e-type=\"widget\" data-widget_type=\"text-editor.default\">\n\t\t\t\t<div class=\"elementor-widget-container\">\n\t\t\t\t\t\t\t\t\t<p>Em apoio a outros grupos para turmas mais avan\u00e7adas de Mulheres&amp; Tecnologia como as Women Techmakers de Curitiba.<\/p>\t\t\t\t\t\t\t\t<\/div>\n\t\t\t\t<\/div>\n\t\t\t\t\t<\/div>\n\t\t<\/div>\n\t\t\t\t\t<\/div>\n\t\t<\/section>\n\t\t\t\t<section class=\"elementor-section elementor-top-section elementor-element elementor-element-b30ba3a elementor-section-boxed elementor-section-height-default elementor-section-height-default\" data-id=\"b30ba3a\" data-element_type=\"section\" data-e-type=\"section\">\n\t\t\t\t\t\t<div class=\"elementor-container elementor-column-gap-default\">\n\t\t\t\t\t<div class=\"elementor-column elementor-col-100 elementor-top-column elementor-element elementor-element-95e4f8a\" data-id=\"95e4f8a\" data-element_type=\"column\" data-e-type=\"column\">\n\t\t\t<div class=\"elementor-widget-wrap elementor-element-populated\">\n\t\t\t\t\t\t<div class=\"elementor-element elementor-element-7ce554b elementor-widget elementor-widget-text-editor\" data-id=\"7ce554b\" data-element_type=\"widget\" data-e-type=\"widget\" data-widget_type=\"text-editor.default\">\n\t\t\t\t<div class=\"elementor-widget-container\">\n\t\t\t\t\t\t\t\t\t<p>Portato a frase que me inspira \u00e9:<\/p>\t\t\t\t\t\t\t\t<\/div>\n\t\t\t\t<\/div>\n\t\t\t\t\t<\/div>\n\t\t<\/div>\n\t\t\t\t\t<\/div>\n\t\t<\/section>\n\t\t\t\t<section class=\"elementor-section elementor-top-section elementor-element elementor-element-7046b73 elementor-section-boxed elementor-section-height-default elementor-section-height-default\" data-id=\"7046b73\" data-element_type=\"section\" data-e-type=\"section\">\n\t\t\t\t\t\t<div class=\"elementor-container elementor-column-gap-default\">\n\t\t\t\t\t<div class=\"elementor-column elementor-col-100 elementor-top-column elementor-element elementor-element-5d5bf2a\" data-id=\"5d5bf2a\" data-element_type=\"column\" data-e-type=\"column\">\n\t\t\t<div class=\"elementor-widget-wrap elementor-element-populated\">\n\t\t\t\t\t\t<div class=\"elementor-element elementor-element-fe2f97a elementor-widget elementor-widget-text-editor\" data-id=\"fe2f97a\" data-element_type=\"widget\" data-e-type=\"widget\" data-widget_type=\"text-editor.default\">\n\t\t\t\t<div class=\"elementor-widget-container\">\n\t\t\t\t\t\t\t\t\t<p>Aquilo que n\u00e3o te desafia, n\u00e3o te transforma.<\/p>\t\t\t\t\t\t\t\t<\/div>\n\t\t\t\t<\/div>\n\t\t\t\t\t<\/div>\n\t\t<\/div>\n\t\t\t\t\t<\/div>\n\t\t<\/section>\n\t\t\t\t<section class=\"elementor-section elementor-top-section elementor-element elementor-element-d51f156 elementor-section-boxed elementor-section-height-default elementor-section-height-default\" data-id=\"d51f156\" data-element_type=\"section\" data-e-type=\"section\">\n\t\t\t\t\t\t<div class=\"elementor-container elementor-column-gap-default\">\n\t\t\t\t\t<div class=\"elementor-column elementor-col-33 elementor-top-column elementor-element elementor-element-6792174\" data-id=\"6792174\" data-element_type=\"column\" data-e-type=\"column\">\n\t\t\t<div class=\"elementor-widget-wrap\">\n\t\t\t\t\t\t\t<\/div>\n\t\t<\/div>\n\t\t\t\t<div class=\"elementor-column elementor-col-33 elementor-top-column elementor-element elementor-element-f12fa48\" data-id=\"f12fa48\" data-element_type=\"column\" data-e-type=\"column\">\n\t\t\t<div class=\"elementor-widget-wrap elementor-element-populated\">\n\t\t\t\t\t\t<div class=\"elementor-element elementor-element-d48fe65 elementor-widget elementor-widget-text-editor\" data-id=\"d48fe65\" data-element_type=\"widget\" data-e-type=\"widget\" data-widget_type=\"text-editor.default\">\n\t\t\t\t<div class=\"elementor-widget-container\">\n\t\t\t\t\t\t\t\t\t<p>Vamos juntas aprender e conquistar?<\/p>\t\t\t\t\t\t\t\t<\/div>\n\t\t\t\t<\/div>\n\t\t\t\t\t<\/div>\n\t\t<\/div>\n\t\t\t\t<div class=\"elementor-column elementor-col-33 elementor-top-column elementor-element elementor-element-0efd693\" data-id=\"0efd693\" data-element_type=\"column\" data-e-type=\"column\">\n\t\t\t<div class=\"elementor-widget-wrap\">\n\t\t\t\t\t\t\t<\/div>\n\t\t<\/div>\n\t\t\t\t\t<\/div>\n\t\t<\/section>\n\t\t\t\t<section class=\"elementor-section elementor-top-section elementor-element elementor-element-1019fe2 elementor-section-boxed elementor-section-height-default elementor-section-height-default\" data-id=\"1019fe2\" data-element_type=\"section\" data-e-type=\"section\">\n\t\t\t\t\t\t<div class=\"elementor-container elementor-column-gap-default\">\n\t\t\t\t\t<div class=\"elementor-column elementor-col-33 elementor-top-column elementor-element elementor-element-1a8d755\" data-id=\"1a8d755\" data-element_type=\"column\" data-e-type=\"column\">\n\t\t\t<div class=\"elementor-widget-wrap\">\n\t\t\t\t\t\t\t<\/div>\n\t\t<\/div>\n\t\t\t\t<div class=\"elementor-column elementor-col-33 elementor-top-column elementor-element elementor-element-409e8e9\" data-id=\"409e8e9\" data-element_type=\"column\" data-e-type=\"column\">\n\t\t\t<div class=\"elementor-widget-wrap elementor-element-populated\">\n\t\t\t\t\t\t<div class=\"elementor-element elementor-element-f72eba2 elementor-widget elementor-widget-text-editor\" data-id=\"f72eba2\" data-element_type=\"widget\" data-e-type=\"widget\" data-widget_type=\"text-editor.default\">\n\t\t\t\t<div class=\"elementor-widget-container\">\n\t\t\t\t\t\t\t\t\t<p>Gisele Lasserre<\/p>\t\t\t\t\t\t\t\t<\/div>\n\t\t\t\t<\/div>\n\t\t\t\t<div class=\"elementor-element elementor-element-8033e4a elementor-shape-rounded elementor-grid-0 e-grid-align-center elementor-widget elementor-widget-social-icons\" data-id=\"8033e4a\" data-element_type=\"widget\" data-e-type=\"widget\" data-widget_type=\"social-icons.default\">\n\t\t\t\t<div class=\"elementor-widget-container\">\n\t\t\t\t\t\t\t<div class=\"elementor-social-icons-wrapper elementor-grid\">\n\t\t\t\t\t\t\t<span class=\"elementor-grid-item\">\n\t\t\t\t\t<a class=\"elementor-icon elementor-social-icon elementor-social-icon-linkedin elementor-repeater-item-97f403f\" target=\"_blank\">\n\t\t\t\t\t\t<span class=\"elementor-screen-only\">Linkedin<\/span>\n\t\t\t\t\t\t<svg aria-hidden=\"true\" class=\"e-font-icon-svg e-fab-linkedin\" viewBox=\"0 0 448 512\" xmlns=\"http:\/\/www.w3.org\/2000\/svg\"><path d=\"M416 32H31.9C14.3 32 0 46.5 0 64.3v383.4C0 465.5 14.3 480 31.9 480H416c17.6 0 32-14.5 32-32.3V64.3c0-17.8-14.4-32.3-32-32.3zM135.4 416H69V202.2h66.5V416zm-33.2-243c-21.3 0-38.5-17.3-38.5-38.5S80.9 96 102.2 96c21.2 0 38.5 17.3 38.5 38.5 0 21.3-17.2 38.5-38.5 38.5zm282.1 243h-66.4V312c0-24.8-.5-56.7-34.5-56.7-34.6 0-39.9 27-39.9 54.9V416h-66.4V202.2h63.7v29.2h.9c8.9-16.8 30.6-34.5 62.9-34.5 67.2 0 79.7 44.3 79.7 101.9V416z\"><\/path><\/svg>\t\t\t\t\t<\/a>\n\t\t\t\t<\/span>\n\t\t\t\t\t<\/div>\n\t\t\t\t\t\t<\/div>\n\t\t\t\t<\/div>\n\t\t\t\t\t<\/div>\n\t\t<\/div>\n\t\t\t\t<div class=\"elementor-column elementor-col-33 elementor-top-column elementor-element elementor-element-a0f46ff\" data-id=\"a0f46ff\" data-element_type=\"column\" data-e-type=\"column\">\n\t\t\t<div class=\"elementor-widget-wrap\">\n\t\t\t\t\t\t\t<\/div>\n\t\t<\/div>\n\t\t\t\t\t<\/div>\n\t\t<\/section>\n\t\t\t\t<section class=\"elementor-section elementor-top-section elementor-element elementor-element-70ee654 elementor-section-boxed elementor-section-height-default elementor-section-height-default\" data-id=\"70ee654\" data-element_type=\"section\" data-e-type=\"section\">\n\t\t\t\t\t\t<div class=\"elementor-container elementor-column-gap-default\">\n\t\t\t\t\t<div class=\"elementor-column elementor-col-100 elementor-top-column elementor-element elementor-element-f288e37\" data-id=\"f288e37\" data-element_type=\"column\" data-e-type=\"column\">\n\t\t\t<div class=\"elementor-widget-wrap elementor-element-populated\">\n\t\t\t\t\t\t<div class=\"elementor-element elementor-element-e73f24c elementor-widget elementor-widget-text-editor\" data-id=\"e73f24c\" data-element_type=\"widget\" data-e-type=\"widget\" data-widget_type=\"text-editor.default\">\n\t\t\t\t<div class=\"elementor-widget-container\">\n\t\t\t\t\t\t\t\t\t<p>A motiva\u00e7\u00e3o ao se criar o TechGirls foi favorecer o aprendizado de tecnologia da informa\u00e7\u00e3o atrav\u00e9s de aulas especialmente preparada e configurada para favorecer aprendizado das mulheres, desde o n\u00edvel inicial at\u00e9 \u00e0quelas que j\u00e1 tiveram proximidade com a tecnologia.<\/p>\t\t\t\t\t\t\t\t<\/div>\n\t\t\t\t<\/div>\n\t\t\t\t\t<\/div>\n\t\t<\/div>\n\t\t\t\t\t<\/div>\n\t\t<\/section>\n\t\t\t\t<\/div>\n\t\t","protected":false},"excerpt":{"rendered":"<p>Qual \u00e9 a motiva\u00e7\u00e3o ao se criar este grupo? Um pouco de Carreira, Mulheres&amp;Tecnologia Pr\u00f3ximo ao completar 40 anos de idade, ao longo da minha carreira, foi necess\u00e1rio eu voltar a fazer um novo curso superior, desta vez em Tecnologia da Informa\u00e7\u00e3o, pois minha bagagem profissional e de educa\u00e7\u00e3o ( faculdade e 2 p\u00f3s- gradua\u00e7\u00f5es) [&hellip;]<\/p>\n","protected":false},"author":1,"featured_media":0,"parent":0,"menu_order":82,"comment_status":"closed","ping_status":"closed","template":"elementor_header_footer","meta":{"footnotes":""},"class_list":["post-192","page","type-page","status-publish","hentry"],"_links":{"self":[{"href":"https:\/\/indexwebsites.com.br\/tg\/wp-json\/wp\/v2\/pages\/192","targetHints":{"allow":["GET"]}}],"collection":[{"href":"https:\/\/indexwebsites.com.br\/tg\/wp-json\/wp\/v2\/pages"}],"about":[{"href":"https:\/\/indexwebsites.com.br\/tg\/wp-json\/wp\/v2\/types\/page"}],"author":[{"embeddable":true,"href":"https:\/\/indexwebsites.com.br\/tg\/wp-json\/wp\/v2\/users\/1"}],"replies":[{"embeddable":true,"href":"https:\/\/indexwebsites.com.br\/tg\/wp-json\/wp\/v2\/comments?post=192"}],"version-history":[{"count":6,"href":"https:\/\/indexwebsites.com.br\/tg\/wp-json\/wp\/v2\/pages\/192\/revisions"}],"predecessor-version":[{"id":6721,"href":"https:\/\/indexwebsites.com.br\/tg\/wp-json\/wp\/v2\/pages\/192\/revisions\/6721"}],"wp:attachment":[{"href":"https:\/\/indexwebsites.com.br\/tg\/wp-json\/wp\/v2\/media?parent=192"}],"curies":[{"name":"wp","href":"https:\/\/api.w.org\/{rel}","templated":true}]}}