{"id":1881,"date":"2020-08-31T17:21:50","date_gmt":"2020-08-31T20:21:50","guid":{"rendered":"https:\/\/techgirls.com.br\/?page_id=1881"},"modified":"2020-08-31T17:35:13","modified_gmt":"2020-08-31T20:35:13","slug":"blog-laptops-usados","status":"publish","type":"page","link":"https:\/\/indexwebsites.com.br\/tg\/blog-laptops-usados\/","title":{"rendered":"Blog &#8211; laptops Usados"},"content":{"rendered":"\t\t<div data-elementor-type=\"wp-page\" data-elementor-id=\"1881\" class=\"elementor elementor-1881\" data-elementor-post-type=\"page\">\n\t\t\t\t\t\t<section class=\"elementor-section elementor-top-section elementor-element elementor-element-48c711d elementor-section-boxed elementor-section-height-default elementor-section-height-default\" data-id=\"48c711d\" data-element_type=\"section\" data-e-type=\"section\">\n\t\t\t\t\t\t<div class=\"elementor-container elementor-column-gap-default\">\n\t\t\t\t\t<div class=\"elementor-column elementor-col-100 elementor-top-column elementor-element elementor-element-3cd61c7\" data-id=\"3cd61c7\" data-element_type=\"column\" data-e-type=\"column\">\n\t\t\t<div class=\"elementor-widget-wrap elementor-element-populated\">\n\t\t\t\t\t\t<div class=\"elementor-element elementor-element-e535cb2 elementor-widget elementor-widget-heading\" data-id=\"e535cb2\" data-element_type=\"widget\" data-e-type=\"widget\" data-widget_type=\"heading.default\">\n\t\t\t\t<div class=\"elementor-widget-container\">\n\t\t\t\t\t<h1 class=\"elementor-heading-title elementor-size-default\">Campanha de Arrecada\u00e7\u00e3o de Laptops Usados<\/h1>\t\t\t\t<\/div>\n\t\t\t\t<\/div>\n\t\t\t\t\t<\/div>\n\t\t<\/div>\n\t\t\t\t\t<\/div>\n\t\t<\/section>\n\t\t\t\t<section class=\"elementor-section elementor-top-section elementor-element elementor-element-bdbb7c2 elementor-section-boxed elementor-section-height-default elementor-section-height-default\" data-id=\"bdbb7c2\" data-element_type=\"section\" data-e-type=\"section\">\n\t\t\t\t\t\t<div class=\"elementor-container elementor-column-gap-default\">\n\t\t\t\t\t<div class=\"elementor-column elementor-col-50 elementor-top-column elementor-element elementor-element-ec505f7\" data-id=\"ec505f7\" data-element_type=\"column\" data-e-type=\"column\">\n\t\t\t<div class=\"elementor-widget-wrap elementor-element-populated\">\n\t\t\t\t\t\t<div class=\"elementor-element elementor-element-7b22617 elementor-widget elementor-widget-text-editor\" data-id=\"7b22617\" data-element_type=\"widget\" data-e-type=\"widget\" data-widget_type=\"text-editor.default\">\n\t\t\t\t<div class=\"elementor-widget-container\">\n\t\t\t\t\t\t\t\t\t<p><b>Campanha incentiva doa\u00e7\u00e3o de computadores encostados para ajudar aut\u00f4nomas<\/b><\/p><p><i><span style=\"font-weight: 400;\">Grupo social Tech Girls leva conhecimento de tecnologia e equipamentos para microempreendedoras curitibanas<\/span><\/i><\/p>\t\t\t\t\t\t\t\t<\/div>\n\t\t\t\t<\/div>\n\t\t\t\t<div class=\"elementor-element elementor-element-462410f elementor-align-center elementor-widget elementor-widget-button\" data-id=\"462410f\" data-element_type=\"widget\" data-e-type=\"widget\" data-widget_type=\"button.default\">\n\t\t\t\t<div class=\"elementor-widget-container\">\n\t\t\t\t\t\t\t\t\t<div class=\"elementor-button-wrapper\">\n\t\t\t\t\t<a class=\"elementor-button elementor-button-link elementor-size-md\" href=\"https:\/\/indexwebsites.com.br\/tg\/laptop\">\n\t\t\t\t\t\t<span class=\"elementor-button-content-wrapper\">\n\t\t\t\t\t\t\t\t\t<span class=\"elementor-button-text\">Doe seu laptop  Encostado<\/span>\n\t\t\t\t\t<\/span>\n\t\t\t\t\t<\/a>\n\t\t\t\t<\/div>\n\t\t\t\t\t\t\t\t<\/div>\n\t\t\t\t<\/div>\n\t\t\t\t\t<\/div>\n\t\t<\/div>\n\t\t\t\t<div class=\"elementor-column elementor-col-50 elementor-top-column elementor-element elementor-element-fb0d095\" data-id=\"fb0d095\" data-element_type=\"column\" data-e-type=\"column\">\n\t\t\t<div class=\"elementor-widget-wrap elementor-element-populated\">\n\t\t\t\t\t\t<div class=\"elementor-element elementor-element-28443c7 elementor-widget elementor-widget-image\" data-id=\"28443c7\" data-element_type=\"widget\" data-e-type=\"widget\" data-widget_type=\"image.default\">\n\t\t\t\t<div class=\"elementor-widget-container\">\n\t\t\t\t\t\t\t\t\t\t\t\t\t\t\t<img fetchpriority=\"high\" decoding=\"async\" width=\"800\" height=\"800\" src=\"https:\/\/indexwebsites.com.br\/tg\/wp-content\/uploads\/2020\/08\/Posts_Pri-4-1024x1024.png\" class=\"attachment-large size-large wp-image-1884 no-lazyload\" alt=\"\" srcset=\"https:\/\/indexwebsites.com.br\/tg\/wp-content\/uploads\/2020\/08\/Posts_Pri-4-1024x1024.png 1024w, https:\/\/indexwebsites.com.br\/tg\/wp-content\/uploads\/2020\/08\/Posts_Pri-4-300x300.png 300w, https:\/\/indexwebsites.com.br\/tg\/wp-content\/uploads\/2020\/08\/Posts_Pri-4-150x150.png 150w, https:\/\/indexwebsites.com.br\/tg\/wp-content\/uploads\/2020\/08\/Posts_Pri-4-768x768.png 768w, https:\/\/indexwebsites.com.br\/tg\/wp-content\/uploads\/2020\/08\/Posts_Pri-4-1536x1536.png 1536w, https:\/\/indexwebsites.com.br\/tg\/wp-content\/uploads\/2020\/08\/Posts_Pri-4-2048x2048.png 2048w\" sizes=\"(max-width: 800px) 100vw, 800px\" \/>\t\t\t\t\t\t\t\t\t\t\t\t\t\t\t<\/div>\n\t\t\t\t<\/div>\n\t\t\t\t\t<\/div>\n\t\t<\/div>\n\t\t\t\t\t<\/div>\n\t\t<\/section>\n\t\t\t\t<section class=\"elementor-section elementor-top-section elementor-element elementor-element-d52c48c elementor-section-boxed elementor-section-height-default elementor-section-height-default\" data-id=\"d52c48c\" data-element_type=\"section\" data-e-type=\"section\">\n\t\t\t\t\t\t<div class=\"elementor-container elementor-column-gap-default\">\n\t\t\t\t\t<div class=\"elementor-column elementor-col-100 elementor-top-column elementor-element elementor-element-e614bc1\" data-id=\"e614bc1\" data-element_type=\"column\" data-e-type=\"column\">\n\t\t\t<div class=\"elementor-widget-wrap elementor-element-populated\">\n\t\t\t\t\t\t<div class=\"elementor-element elementor-element-bb97ef1 elementor-widget elementor-widget-text-editor\" data-id=\"bb97ef1\" data-element_type=\"widget\" data-e-type=\"widget\" data-widget_type=\"text-editor.default\">\n\t\t\t\t<div class=\"elementor-widget-container\">\n\t\t\t\t\t\t\t\t\t<p><span style=\"font-weight: 400;\">As consequ\u00eancias da pandemia causada pelo Coronav\u00edrus atingem diretamente pequenas empreendedoras, que dependem do contato com os clientes para viabilizar seus neg\u00f3cios. Muitas delas est\u00e3o aprendendo agora como vender de forma digital e n\u00e3o t\u00eam notebooks ou outro tipo de computador para profissionalizar o contato e venda.<\/span><\/p>\n<p><span style=\"font-weight: 400;\">Pensando em como resolver essa situa\u00e7\u00e3o, o grupo Tech Girls iniciou uma campanha de doa\u00e7\u00e3o de laptops para serem entregues a microempreendedoras. O objetivo \u00e9 que estes equipamentos, ap\u00f3s serem formatados e recuperados, sejam entregues para as alunas do Tech Girls, que est\u00e3o dedicadas no aprendizado do com\u00e9rcio digital. Dessa forma, elas t\u00eam condi\u00e7\u00f5es de colocar em pr\u00e1tica seus neg\u00f3cios digitais e venderem pela internet.<\/span><\/p>\n<p><span style=\"font-weight: 400;\">A campanha &#8220;1 laptop doado \u00e9 igual a um novo neg\u00f3cio Digital&#8221;<\/span><\/p>\n<p><span style=\"font-weight: 400;\">Segundo a idealizadora da Campanha, a fundadora Grupo social Tech Girls, Gisele Lasserre, as pessoas querem ajudar e \u00e0s vezes n\u00e3o sabem o quanto um equipamento encostado em casa pode fazer diferen\u00e7a. \u201cS\u00e3o laptops que est\u00e3o ocupando espa\u00e7o nas casas e que ainda teriam uma vida \u00fatil para quem est\u00e1 iniciando no mundo digital. Precisamos fazer este desapego e doar para quem ir\u00e1 us\u00e1-los de fato&#8221;, comenta.<\/span><\/p>\n<p><span style=\"font-weight: 400;\">E muitas pessoas, que est\u00e3o agora passando mais tempo em casa com o isolamento social, est\u00e3o justamente ocupando o seu tempo arrumando seus arm\u00e1rios e assim t\u00eam encontrado aqueles seus laptops que estavam esquecidos h\u00e1 muito tempo. E assim, que as doa\u00e7\u00f5es dos equipamentos est\u00e3o acontecendo, pois entendem o destino certo que sua doa\u00e7\u00e3o ter\u00e1, bem como relevante impacto na vida de quem precisa um equipamento para trabalhar.<\/span><\/p>\n<p><\/p>\n<p><span style=\"font-weight: 400;\">Segundo a doadora Daniela Weber Licht, saber que os equipamentos ser\u00e3o formatados e todos os arquivos ser\u00e3o eliminados da m\u00e1quina, tranquiliza e encoraja ainda mais a atitude da doa\u00e7\u00e3o. Assim, como tamb\u00e9m saber que de fato os equipamentos ser\u00e3o entregues para as mulheres que realmente precisam.<\/span><\/p>\n<p><i><span style=\"font-weight: 400;\">Exemplo de doa\u00e7\u00f5es<\/span><\/i><\/p>\n<p><span style=\"font-weight: 400;\">&nbsp;<\/span><\/p>\n<p><span style=\"font-weight: 400;\">Os equipamentos doados ser\u00e3o entregues de acordo com o crit\u00e9rio: mulheres que conclu\u00edram o curso de tecnologia na plataforma de Ensino \u00e0 Dist\u00e2ncia (EAD) do grupo Tech Girls e moradoras de Curitiba e Regi\u00e3o Metropolitana. Uma das que j\u00e1 recebeu o laptop foi a Natalia Stinolo, que atrav\u00e9s das aulas, criou sua p\u00e1gina para vender seus produtos nas redes sociais, em sua nova atividade que \u00e9 a costura, que foi incorporada como alternativa para fonte de renda da fam\u00edlia. Antes da pandemia, ela trabalhava com administra\u00e7\u00e3o de neg\u00f3cios tur\u00edsticos, uma das \u00e1reas mais afetadas pela crise. Natalia,&nbsp;<\/span><\/p>\n<p><span style=\"font-weight: 400;\">J\u00e1 a aluna Shiela Mour\u00e3o, que antes da crise tinha como principal renda transportar passageiros para o aeroporto por meio de aplicativo, depois que participou das aulas e recebeu o laptop, agora ela organiza transportes para atividades pr\u00f3ximas \u00e0 Curitiba, atendendo fam\u00edlia que buscam fazer alguma atividade na regi\u00e3o.<\/span><\/p><p dir=\"ltr\" style=\"line-height:1.7999999999999998;text-align: justify;margin-top:0pt;margin-bottom:0pt;\"><span style=\"font-size:12pt;font-family:Arial;color:#000000;background-color:transparent;font-weight:700;font-style:normal;font-variant:normal;text-decoration:none;vertical-align:baseline;white-space:pre;white-space:pre-wrap;\">Aulas para as empreendedoras<\/span><\/p><p dir=\"ltr\" style=\"line-height:1.7999999999999998;text-align: justify;margin-top:0pt;margin-bottom:0pt;\"><span style=\"font-size:12pt;font-family:Arial;color:#000000;background-color:transparent;font-weight:400;font-style:normal;font-variant:normal;text-decoration:none;vertical-align:baseline;white-space:pre;white-space:pre-wrap;\">&nbsp;<\/span><\/p><p dir=\"ltr\" style=\"line-height:1.7999999999999998;text-indent: 36pt;text-align: justify;margin-top:0pt;margin-bottom:0pt;\"><span style=\"font-size:12pt;font-family:Arial;color:#000000;background-color:transparent;font-weight:400;font-style:normal;font-variant:normal;text-decoration:none;vertical-align:baseline;white-space:pre;white-space:pre-wrap;\">As microempreendedoras e aut\u00f4nomas est\u00e3o recebendo aulas gratuitas de tecnologia de forma online, com o objetivo de digitalizar seus neg\u00f3cios em per\u00edodo de isolamento social. Antes da pandemia, as aulas eram realizadas presencialmente em centros comunit\u00e1rios e associa\u00e7\u00f5es de bairros. S\u00e3o alunas na faixa de 25 a 50 anos, moradoras da periferia de Curitiba e Regi\u00e3o Metropolitana e que vem recebemos estes treinamentos h\u00e1 cerca de 3 anos.<\/span><\/p><p dir=\"ltr\" style=\"line-height:1.7999999999999998;text-indent: 36pt;text-align: justify;margin-top:0pt;margin-bottom:0pt;\"><span style=\"font-size:12pt;font-family:Arial;color:#000000;background-color:transparent;font-weight:400;font-style:normal;font-variant:normal;text-decoration:none;vertical-align:baseline;white-space:pre;white-space:pre-wrap;\">&nbsp;<\/span><\/p><p dir=\"ltr\" style=\"line-height:1.7999999999999998;text-indent: 36pt;text-align: justify;margin-top:0pt;margin-bottom:0pt;\"><span style=\"font-size:12pt;font-family:Arial;color:#000000;background-color:transparent;font-weight:400;font-style:normal;font-variant:normal;text-decoration:none;vertical-align:baseline;white-space:pre;white-space:pre-wrap;\">Al\u00e9m da necessidade da escolariza\u00e7\u00e3o digital, uma outra barreira para estas empreendedoras \u00e9 a aus\u00eancia de equipamento, como por exemplo um laptop ou computador, para assim, possibilitarem acompanhar os treinamentos e tamb\u00e9m implementarem seus neg\u00f3cios online. Muitas delas n\u00e3o possuem nem mesmo um smartphone, o que requerem pegar emprestado da fam\u00edlia para usar as redes sociais, por exemplo.<\/span><\/p><p dir=\"ltr\" style=\"line-height:1.7999999999999998;text-align: justify;margin-top:0pt;margin-bottom:0pt;\"><span style=\"font-size:12pt;font-family:Arial;color:#000000;background-color:transparent;font-weight:400;font-style:normal;font-variant:normal;text-decoration:none;vertical-align:baseline;white-space:pre;white-space:pre-wrap;\">&nbsp;<\/span><\/p><p dir=\"ltr\" style=\"line-height:1.7999999999999998;text-align: justify;margin-top:0pt;margin-bottom:0pt;\"><span style=\"font-size:12pt;font-family:Arial;color:#000000;background-color:transparent;font-weight:400;font-style:normal;font-variant:normal;text-decoration:none;vertical-align:baseline;white-space:pre;white-space:pre-wrap;\">&nbsp;<\/span><\/p><p><span style=\"font-weight:normal;\" id=\"docs-internal-guid-18ce5c3d-7fff-923e-214a-a5cd8b949628\"><span style=\"font-size: 12pt; font-family: Arial; background-color: transparent; font-weight: 700; font-style: normal; font-variant: normal; white-space: pre-wrap;\">Para doa\u00e7\u00f5es e informa\u00e7\u00e3o, no link <\/span><a href=\"https:\/\/indexwebsites.com.br\/tg\/laptop\/?fbclid=IwAR2EbyA9C_eCfmDYJz5gEyx23Zg-E-FKOFVkop4WupwSIBiggiRJ8hM64yk\"><span style=\"font-size: 12pt; font-family: Arial; color: rgb(0, 0, 0); background-color: transparent; font-weight: 700; font-style: normal; font-variant: normal; white-space: pre-wrap;\">&nbsp;<\/span><span style=\"font-size: 12pt; font-family: Arial; color: rgb(56, 88, 152); font-weight: 700; font-style: normal; font-variant: normal; text-decoration-line: underline; text-decoration-skip-ink: none; white-space: pre-wrap;\">https:\/\/indexwebsites.com.br\/tg\/laptop\/<\/span><\/a><\/span><span style=\"font-weight: 400;\"><br><\/span><\/p>\n<p><\/p>\t\t\t\t\t\t\t\t<\/div>\n\t\t\t\t<\/div>\n\t\t\t\t\t<\/div>\n\t\t<\/div>\n\t\t\t\t\t<\/div>\n\t\t<\/section>\n\t\t\t\t<section class=\"elementor-section elementor-top-section elementor-element elementor-element-51e64ba elementor-section-boxed elementor-section-height-default elementor-section-height-default\" data-id=\"51e64ba\" data-element_type=\"section\" data-e-type=\"section\">\n\t\t\t\t\t\t<div class=\"elementor-container elementor-column-gap-default\">\n\t\t\t\t\t<div class=\"elementor-column elementor-col-100 elementor-top-column elementor-element elementor-element-bd39268\" data-id=\"bd39268\" data-element_type=\"column\" data-e-type=\"column\">\n\t\t\t<div class=\"elementor-widget-wrap elementor-element-populated\">\n\t\t\t\t\t\t<div class=\"elementor-element elementor-element-93df4af elementor-widget elementor-widget-text-editor\" data-id=\"93df4af\" data-element_type=\"widget\" data-e-type=\"widget\" data-widget_type=\"text-editor.default\">\n\t\t\t\t<div class=\"elementor-widget-container\">\n\t\t\t\t\t\t\t\t\t<p>Sobre as Tech Girls:<br \/><span style=\"font-weight: 400;\">Levamos conhecimento de Tecnologia para contribuir na evolu\u00e7\u00e3o das mulheres de comunidades de vulnerabilidade social, para que estas possam obter independ\u00eancia financeira e entrar\/voltar no mercado de trabalho<\/span><\/p><p><span style=\"font-weight: 400;\">Mulheres&amp;Tecnologia Educa\u00e7\u00e3o Gratuita <\/span><\/p>\t\t\t\t\t\t\t\t<\/div>\n\t\t\t\t<\/div>\n\t\t\t\t\t<\/div>\n\t\t<\/div>\n\t\t\t\t\t<\/div>\n\t\t<\/section>\n\t\t\t\t<\/div>\n\t\t","protected":false},"excerpt":{"rendered":"<p>Campanha de Arrecada\u00e7\u00e3o de Laptops Usados Campanha incentiva doa\u00e7\u00e3o de computadores encostados para ajudar aut\u00f4nomas Grupo social Tech Girls leva conhecimento de tecnologia e equipamentos para microempreendedoras curitibanas Doe seu laptop Encostado As consequ\u00eancias da pandemia causada pelo Coronav\u00edrus atingem diretamente pequenas empreendedoras, que dependem do contato com os clientes para viabilizar seus neg\u00f3cios. Muitas [&hellip;]<\/p>\n","protected":false},"author":1,"featured_media":0,"parent":0,"menu_order":55,"comment_status":"closed","ping_status":"closed","template":"","meta":{"footnotes":""},"class_list":["post-1881","page","type-page","status-publish","hentry"],"_links":{"self":[{"href":"https:\/\/indexwebsites.com.br\/tg\/wp-json\/wp\/v2\/pages\/1881","targetHints":{"allow":["GET"]}}],"collection":[{"href":"https:\/\/indexwebsites.com.br\/tg\/wp-json\/wp\/v2\/pages"}],"about":[{"href":"https:\/\/indexwebsites.com.br\/tg\/wp-json\/wp\/v2\/types\/page"}],"author":[{"embeddable":true,"href":"https:\/\/indexwebsites.com.br\/tg\/wp-json\/wp\/v2\/users\/1"}],"replies":[{"embeddable":true,"href":"https:\/\/indexwebsites.com.br\/tg\/wp-json\/wp\/v2\/comments?post=1881"}],"version-history":[{"count":0,"href":"https:\/\/indexwebsites.com.br\/tg\/wp-json\/wp\/v2\/pages\/1881\/revisions"}],"wp:attachment":[{"href":"https:\/\/indexwebsites.com.br\/tg\/wp-json\/wp\/v2\/media?parent=1881"}],"curies":[{"name":"wp","href":"https:\/\/api.w.org\/{rel}","templated":true}]}}