{"id":122,"date":"2020-03-06T12:23:21","date_gmt":"2020-03-06T15:23:21","guid":{"rendered":"https:\/\/techgirls.com.br\/?page_id=122"},"modified":"2022-03-14T23:23:57","modified_gmt":"2022-03-15T02:23:57","slug":"techgirls-mulherestecnologia-doacao-financeira","status":"publish","type":"page","link":"https:\/\/indexwebsites.com.br\/tg\/techgirls-mulherestecnologia-doacao-financeira\/","title":{"rendered":"Doa\u00e7\u00e3o Financeira"},"content":{"rendered":"\t\t<div data-elementor-type=\"wp-page\" data-elementor-id=\"122\" class=\"elementor elementor-122\" data-elementor-post-type=\"page\">\n\t\t\t\t\t\t<section class=\"elementor-section elementor-top-section elementor-element elementor-element-07833b7 elementor-section-boxed elementor-section-height-default elementor-section-height-default\" data-id=\"07833b7\" data-element_type=\"section\" data-e-type=\"section\">\n\t\t\t\t\t\t<div class=\"elementor-container elementor-column-gap-default\">\n\t\t\t\t\t<div class=\"elementor-column elementor-col-100 elementor-top-column elementor-element elementor-element-0eedc07\" data-id=\"0eedc07\" data-element_type=\"column\" data-e-type=\"column\">\n\t\t\t<div class=\"elementor-widget-wrap elementor-element-populated\">\n\t\t\t\t\t\t<div class=\"elementor-element elementor-element-c1f5c42 elementor-widget elementor-widget-text-editor\" data-id=\"c1f5c42\" data-element_type=\"widget\" data-e-type=\"widget\" data-widget_type=\"text-editor.default\">\n\t\t\t\t<div class=\"elementor-widget-container\">\n\t\t\t\t\t\t\t\t\t<p>DOA\u00c7\u00c3O FINANCEIRA<\/p>\t\t\t\t\t\t\t\t<\/div>\n\t\t\t\t<\/div>\n\t\t\t\t<div class=\"elementor-element elementor-element-45c3a49 elementor-widget elementor-widget-heading\" data-id=\"45c3a49\" data-element_type=\"widget\" data-e-type=\"widget\" data-widget_type=\"heading.default\">\n\t\t\t\t<div class=\"elementor-widget-container\">\n\t\t\t\t\t<h2 class=\"elementor-heading-title elementor-size-default\">N\u00e3o tem tempo para doar?  <br>Com um clique, voc\u00ea tamb\u00e9m poder\u00e1 ajudar <span style=\"font-family: Roboto, sans-serif;font-size: 20px;font-weight: 600\"><\/span><br><\/h2>\t\t\t\t<\/div>\n\t\t\t\t<\/div>\n\t\t\t\t\t<\/div>\n\t\t<\/div>\n\t\t\t\t\t<\/div>\n\t\t<\/section>\n\t\t\t\t<section class=\"elementor-section elementor-top-section elementor-element elementor-element-0ac1b68 elementor-section-boxed elementor-section-height-default elementor-section-height-default\" data-id=\"0ac1b68\" data-element_type=\"section\" data-e-type=\"section\">\n\t\t\t\t\t\t<div class=\"elementor-container elementor-column-gap-default\">\n\t\t\t\t\t<div class=\"elementor-column elementor-col-100 elementor-top-column elementor-element elementor-element-24287fd\" data-id=\"24287fd\" data-element_type=\"column\" data-e-type=\"column\">\n\t\t\t<div class=\"elementor-widget-wrap elementor-element-populated\">\n\t\t\t\t\t\t<div class=\"elementor-element elementor-element-4a19dcc elementor-widget elementor-widget-image\" data-id=\"4a19dcc\" data-element_type=\"widget\" data-e-type=\"widget\" data-widget_type=\"image.default\">\n\t\t\t\t<div class=\"elementor-widget-container\">\n\t\t\t\t\t\t\t\t\t\t\t\t\t\t\t<img fetchpriority=\"high\" decoding=\"async\" width=\"800\" height=\"630\" src=\"https:\/\/indexwebsites.com.br\/tg\/wp-content\/uploads\/2020\/03\/image-11-03-20-04-39-1.jpeg\" class=\"attachment-large size-large wp-image-158 no-lazyload\" alt=\"\" srcset=\"https:\/\/indexwebsites.com.br\/tg\/wp-content\/uploads\/2020\/03\/image-11-03-20-04-39-1.jpeg 864w, https:\/\/indexwebsites.com.br\/tg\/wp-content\/uploads\/2020\/03\/image-11-03-20-04-39-1-300x236.jpeg 300w, https:\/\/indexwebsites.com.br\/tg\/wp-content\/uploads\/2020\/03\/image-11-03-20-04-39-1-768x604.jpeg 768w\" sizes=\"(max-width: 800px) 100vw, 800px\" \/>\t\t\t\t\t\t\t\t\t\t\t\t\t\t\t<\/div>\n\t\t\t\t<\/div>\n\t\t\t\t\t<\/div>\n\t\t<\/div>\n\t\t\t\t\t<\/div>\n\t\t<\/section>\n\t\t\t\t<section class=\"elementor-section elementor-top-section elementor-element elementor-element-ca7ff62 elementor-section-boxed elementor-section-height-default elementor-section-height-default\" data-id=\"ca7ff62\" data-element_type=\"section\" data-e-type=\"section\">\n\t\t\t\t\t\t<div class=\"elementor-container elementor-column-gap-default\">\n\t\t\t\t\t<div class=\"elementor-column elementor-col-100 elementor-top-column elementor-element elementor-element-c15cbb6\" data-id=\"c15cbb6\" data-element_type=\"column\" data-e-type=\"column\">\n\t\t\t<div class=\"elementor-widget-wrap elementor-element-populated\">\n\t\t\t\t\t\t<div class=\"elementor-element elementor-element-7ddb34e elementor-widget elementor-widget-text-editor\" data-id=\"7ddb34e\" data-element_type=\"widget\" data-e-type=\"widget\" data-widget_type=\"text-editor.default\">\n\t\t\t\t<div class=\"elementor-widget-container\">\n\t\t\t\t\t\t\t\t\t<p>Como os locais onde s\u00e3o realizados os cursos, n\u00e3o disp\u00f5e de infra-estrutura para a realiza\u00e7\u00e3o de atividades ligadas \u00e0 tecnologia, contamos com o sua doa\u00e7\u00e3o volunt\u00e1ria financeira para recursos a serem utilizados em sala de aula, especialmente para a aquisi\u00e7\u00e3o de planos e pacotes de dados ( exemplo: Claro, Vivo, TIM, etc).<\/p><p>Sendo assim, as Tech Girls\u00a0 agradecem muito se conseguir receber como doa\u00e7\u00e3o qualquer valor, mesmo que sejam trocados, pois nos ajudar\u00e3o a continuarmos com o projeto social.<\/p>\t\t\t\t\t\t\t\t<\/div>\n\t\t\t\t<\/div>\n\t\t\t\t\t<\/div>\n\t\t<\/div>\n\t\t\t\t\t<\/div>\n\t\t<\/section>\n\t\t\t\t<section class=\"elementor-section elementor-top-section elementor-element elementor-element-9ee4dab elementor-section-boxed elementor-section-height-default elementor-section-height-default\" data-id=\"9ee4dab\" data-element_type=\"section\" data-e-type=\"section\">\n\t\t\t\t\t\t<div class=\"elementor-container elementor-column-gap-default\">\n\t\t\t\t\t<div class=\"elementor-column elementor-col-100 elementor-top-column elementor-element elementor-element-abef6a2\" data-id=\"abef6a2\" data-element_type=\"column\" data-e-type=\"column\">\n\t\t\t<div class=\"elementor-widget-wrap elementor-element-populated\">\n\t\t\t\t\t\t<div class=\"elementor-element elementor-element-c0a359c elementor-widget elementor-widget-html\" data-id=\"c0a359c\" data-element_type=\"widget\" data-e-type=\"widget\" data-widget_type=\"html.default\">\n\t\t\t\t<div class=\"elementor-widget-container\">\n\t\t\t\t\t<div class=\"elementor-button-wrapper button-gisele\" style=\"\">\r\n\t\t\t<a id=\"btn-faca-sua-doacao-agora-doacao-financeira\" href=\"https:\/\/www.vakinha.com.br\/vaquinha\/tech-girls-brasil\/\" target=\"_blank\" class=\"elementor-button-link elementor-button elementor-size-lg elementor-animation-grow\" role=\"button\" >\r\nFa\u00e7a sua doa\u00e7\u00e3o agora\r\n\t\t\t\t\t<\/a>\r\n\t\t<\/div>\t\t\t\t<\/div>\n\t\t\t\t<\/div>\n\t\t\t\t\t<\/div>\n\t\t<\/div>\n\t\t\t\t\t<\/div>\n\t\t<\/section>\n\t\t\t\t<\/div>\n\t\t","protected":false},"excerpt":{"rendered":"<p>DOA\u00c7\u00c3O FINANCEIRA N\u00e3o tem tempo para doar? Com um clique, voc\u00ea tamb\u00e9m poder\u00e1 ajudar Como os locais onde s\u00e3o realizados os cursos, n\u00e3o disp\u00f5e de infra-estrutura para a realiza\u00e7\u00e3o de atividades ligadas \u00e0 tecnologia, contamos com o sua doa\u00e7\u00e3o volunt\u00e1ria financeira para recursos a serem utilizados em sala de aula, especialmente para a aquisi\u00e7\u00e3o de [&hellip;]<\/p>\n","protected":false},"author":1,"featured_media":0,"parent":0,"menu_order":84,"comment_status":"closed","ping_status":"closed","template":"","meta":{"footnotes":""},"class_list":["post-122","page","type-page","status-publish","hentry"],"_links":{"self":[{"href":"https:\/\/indexwebsites.com.br\/tg\/wp-json\/wp\/v2\/pages\/122","targetHints":{"allow":["GET"]}}],"collection":[{"href":"https:\/\/indexwebsites.com.br\/tg\/wp-json\/wp\/v2\/pages"}],"about":[{"href":"https:\/\/indexwebsites.com.br\/tg\/wp-json\/wp\/v2\/types\/page"}],"author":[{"embeddable":true,"href":"https:\/\/indexwebsites.com.br\/tg\/wp-json\/wp\/v2\/users\/1"}],"replies":[{"embeddable":true,"href":"https:\/\/indexwebsites.com.br\/tg\/wp-json\/wp\/v2\/comments?post=122"}],"version-history":[{"count":4,"href":"https:\/\/indexwebsites.com.br\/tg\/wp-json\/wp\/v2\/pages\/122\/revisions"}],"predecessor-version":[{"id":6142,"href":"https:\/\/indexwebsites.com.br\/tg\/wp-json\/wp\/v2\/pages\/122\/revisions\/6142"}],"wp:attachment":[{"href":"https:\/\/indexwebsites.com.br\/tg\/wp-json\/wp\/v2\/media?parent=122"}],"curies":[{"name":"wp","href":"https:\/\/api.w.org\/{rel}","templated":true}]}}