{"id":11769,"date":"2024-10-02T16:13:47","date_gmt":"2024-10-02T19:13:47","guid":{"rendered":"https:\/\/techgirls.com.br\/?page_id=11769"},"modified":"2024-12-03T14:14:40","modified_gmt":"2024-12-03T17:14:40","slug":"ir","status":"publish","type":"page","link":"https:\/\/indexwebsites.com.br\/tg\/ir\/","title":{"rendered":"Transforme IR- PJ em a\u00e7\u00e3o ESG"},"content":{"rendered":"\t\t<div data-elementor-type=\"wp-page\" data-elementor-id=\"11769\" class=\"elementor elementor-11769\" data-elementor-post-type=\"page\">\n\t\t\t\t\t\t<section class=\"elementor-section elementor-top-section elementor-element elementor-element-daf13f7 elementor-section-boxed elementor-section-height-default elementor-section-height-default\" data-id=\"daf13f7\" data-element_type=\"section\" data-e-type=\"section\">\n\t\t\t\t\t\t<div class=\"elementor-container elementor-column-gap-default\">\n\t\t\t\t\t<div class=\"elementor-column elementor-col-100 elementor-top-column elementor-element elementor-element-dd490fd\" data-id=\"dd490fd\" data-element_type=\"column\" data-e-type=\"column\">\n\t\t\t<div class=\"elementor-widget-wrap elementor-element-populated\">\n\t\t\t\t\t\t<div class=\"elementor-element elementor-element-f849d61 elementor-widget elementor-widget-heading\" data-id=\"f849d61\" data-element_type=\"widget\" data-e-type=\"widget\" data-widget_type=\"heading.default\">\n\t\t\t\t<div class=\"elementor-widget-container\">\n\t\t\t\t\t<h2 class=\"elementor-heading-title elementor-size-default\">Transforme o IR-PJ em a\u00e7\u00f5es ESG<\/h2>\t\t\t\t<\/div>\n\t\t\t\t<\/div>\n\t\t\t\t<div class=\"elementor-element elementor-element-2bbbf83 elementor-widget elementor-widget-text-editor\" data-id=\"2bbbf83\" data-element_type=\"widget\" data-e-type=\"widget\" data-widget_type=\"text-editor.default\">\n\t\t\t\t<div class=\"elementor-widget-container\">\n\t\t\t\t\t\t\t\t\t<p>Pr\u00e9-requisito: empresa com regime tributa\u00e7\u00e3o Lucro- Real, com apura\u00e7\u00e3o anual ou trimestral<\/p>\t\t\t\t\t\t\t\t<\/div>\n\t\t\t\t<\/div>\n\t\t\t\t\t<\/div>\n\t\t<\/div>\n\t\t\t\t\t<\/div>\n\t\t<\/section>\n\t\t\t\t<section class=\"elementor-section elementor-top-section elementor-element elementor-element-7bbf669 elementor-section-boxed elementor-section-height-default elementor-section-height-default\" data-id=\"7bbf669\" data-element_type=\"section\" data-e-type=\"section\">\n\t\t\t\t\t\t<div class=\"elementor-container elementor-column-gap-default\">\n\t\t\t\t\t<div class=\"elementor-column elementor-col-50 elementor-top-column elementor-element elementor-element-3a6e837\" data-id=\"3a6e837\" data-element_type=\"column\" data-e-type=\"column\">\n\t\t\t<div class=\"elementor-widget-wrap elementor-element-populated\">\n\t\t\t\t\t\t<div class=\"elementor-element elementor-element-5b5471c elementor-widget elementor-widget-text-editor\" data-id=\"5b5471c\" data-element_type=\"widget\" data-e-type=\"widget\" data-widget_type=\"text-editor.default\">\n\t\t\t\t<div class=\"elementor-widget-container\">\n\t\t\t\t\t\t\t\t\t<p><span style=\"font-family: arial, sans-serif;\">Importante destacar que usar a Dedutibilidade de Imposto de renda,\u00a0 n\u00e3o se trata de filantropia, mas se trata de reverter o imposto da empresa para uma utiliza\u00e7\u00e3o ben\u00e9fica e ganho de competitividade\/ produtividade da empresas patrocinadora, isto \u00e9, a Tech Girls entrega de forma mensurada e profissional:<\/span><\/p><div><ul><li><span style=\"font-family: arial, sans-serif;\">Evid\u00eancias pr\u00e1ticas em ESG<\/span><\/li><li><span style=\"font-family: arial, sans-serif;\">Cumprimento Equidade\/Vagas Afirmativas<\/span><\/li><li><span style=\"font-family: arial, sans-serif;\">Inclus\u00e3o perfis inexplorados na TI<\/span><\/li><li><span style=\"font-family: arial, sans-serif;\">Circularidade e Economia Criativa<\/span><\/li><\/ul><\/div>\t\t\t\t\t\t\t\t<\/div>\n\t\t\t\t<\/div>\n\t\t\t\t\t<\/div>\n\t\t<\/div>\n\t\t\t\t<div class=\"elementor-column elementor-col-50 elementor-top-column elementor-element elementor-element-5f52723\" data-id=\"5f52723\" data-element_type=\"column\" data-e-type=\"column\">\n\t\t\t<div class=\"elementor-widget-wrap elementor-element-populated\">\n\t\t\t\t\t\t<div class=\"elementor-element elementor-element-4127d5c elementor-widget elementor-widget-image\" data-id=\"4127d5c\" data-element_type=\"widget\" data-e-type=\"widget\" data-widget_type=\"image.default\">\n\t\t\t\t<div class=\"elementor-widget-container\">\n\t\t\t\t\t\t\t\t\t\t\t\t\t\t\t<img fetchpriority=\"high\" decoding=\"async\" width=\"800\" height=\"426\" src=\"https:\/\/indexwebsites.com.br\/tg\/wp-content\/uploads\/2024\/10\/Design-sem-nome-9.png\" class=\"attachment-large size-large wp-image-12299 no-lazyload\" alt=\"\" srcset=\"https:\/\/indexwebsites.com.br\/tg\/wp-content\/uploads\/2024\/10\/Design-sem-nome-9.png 886w, https:\/\/indexwebsites.com.br\/tg\/wp-content\/uploads\/2024\/10\/Design-sem-nome-9-300x160.png 300w, https:\/\/indexwebsites.com.br\/tg\/wp-content\/uploads\/2024\/10\/Design-sem-nome-9-768x409.png 768w\" sizes=\"(max-width: 800px) 100vw, 800px\" \/>\t\t\t\t\t\t\t\t\t\t\t\t\t\t\t<\/div>\n\t\t\t\t<\/div>\n\t\t\t\t\t<\/div>\n\t\t<\/div>\n\t\t\t\t\t<\/div>\n\t\t<\/section>\n\t\t\t\t<section class=\"elementor-section elementor-top-section elementor-element elementor-element-f42fc3d elementor-section-boxed elementor-section-height-default elementor-section-height-default\" data-id=\"f42fc3d\" data-element_type=\"section\" data-e-type=\"section\">\n\t\t\t\t\t\t<div class=\"elementor-container elementor-column-gap-default\">\n\t\t\t\t\t<div class=\"elementor-column elementor-col-50 elementor-top-column elementor-element elementor-element-c3da6fe\" data-id=\"c3da6fe\" data-element_type=\"column\" data-e-type=\"column\">\n\t\t\t<div class=\"elementor-widget-wrap elementor-element-populated\">\n\t\t\t\t\t\t<div class=\"elementor-element elementor-element-63b8aea elementor-widget elementor-widget-image\" data-id=\"63b8aea\" data-element_type=\"widget\" data-e-type=\"widget\" data-widget_type=\"image.default\">\n\t\t\t\t<div class=\"elementor-widget-container\">\n\t\t\t\t\t\t\t\t\t\t\t\t\t\t\t<img decoding=\"async\" width=\"540\" height=\"540\" src=\"https:\/\/indexwebsites.com.br\/tg\/wp-content\/uploads\/2024\/10\/IR-Post-marcacao-3.png\" class=\"attachment-large size-large wp-image-11771 no-lazyload\" alt=\"\" srcset=\"https:\/\/indexwebsites.com.br\/tg\/wp-content\/uploads\/2024\/10\/IR-Post-marcacao-3.png 540w, https:\/\/indexwebsites.com.br\/tg\/wp-content\/uploads\/2024\/10\/IR-Post-marcacao-3-300x300.png 300w, https:\/\/indexwebsites.com.br\/tg\/wp-content\/uploads\/2024\/10\/IR-Post-marcacao-3-150x150.png 150w\" sizes=\"(max-width: 540px) 100vw, 540px\" \/>\t\t\t\t\t\t\t\t\t\t\t\t\t\t\t<\/div>\n\t\t\t\t<\/div>\n\t\t\t\t\t<\/div>\n\t\t<\/div>\n\t\t\t\t<div class=\"elementor-column elementor-col-50 elementor-top-column elementor-element elementor-element-8108f69\" data-id=\"8108f69\" data-element_type=\"column\" data-e-type=\"column\">\n\t\t\t<div class=\"elementor-widget-wrap elementor-element-populated\">\n\t\t\t\t\t\t<div class=\"elementor-element elementor-element-ee80868 elementor-widget elementor-widget-text-editor\" data-id=\"ee80868\" data-element_type=\"widget\" data-e-type=\"widget\" data-widget_type=\"text-editor.default\">\n\t\t\t\t<div class=\"elementor-widget-container\">\n\t\t\t\t\t\t\t\t\t<p>Preencha seus dados abaixo para receber mais informa\u00e7\u00f5es\u00a0<\/p>\t\t\t\t\t\t\t\t<\/div>\n\t\t\t\t<\/div>\n\t\t\t\t<div class=\"elementor-element elementor-element-b05ec12 elementor-button-align-stretch elementor-widget elementor-widget-form\" data-id=\"b05ec12\" data-element_type=\"widget\" data-e-type=\"widget\" data-settings=\"{&quot;step_next_label&quot;:&quot;Pr\\u00f3ximo&quot;,&quot;step_previous_label&quot;:&quot;Anterior&quot;,&quot;button_width&quot;:&quot;100&quot;,&quot;step_type&quot;:&quot;number_text&quot;,&quot;step_icon_shape&quot;:&quot;circle&quot;}\" data-widget_type=\"form.default\">\n\t\t\t\t<div class=\"elementor-widget-container\">\n\t\t\t\t\t\t\t<form class=\"elementor-form\" method=\"post\" name=\"IR- interesse Empresa\">\n\t\t\t<input type=\"hidden\" name=\"post_id\" value=\"11769\"\/>\n\t\t\t<input type=\"hidden\" name=\"form_id\" value=\"b05ec12\"\/>\n\t\t\t<input type=\"hidden\" name=\"referer_title\" value=\"Transforme IR- PJ em a\u00e7\u00e3o ESG\" \/>\n\n\t\t\t\t\t\t\t<input type=\"hidden\" name=\"queried_id\" value=\"11769\"\/>\n\t\t\t\n\t\t\t<div class=\"elementor-form-fields-wrapper elementor-labels-above\">\n\t\t\t\t\t\t\t\t<div class=\"elementor-field-type-text elementor-field-group elementor-column elementor-field-group-name elementor-col-100 elementor-field-required\">\n\t\t\t\t\t\t\t\t\t\t\t\t<label for=\"form-field-name\" class=\"elementor-field-label\">\n\t\t\t\t\t\t\t\tSeu Nome\t\t\t\t\t\t\t<\/label>\n\t\t\t\t\t\t\t\t\t\t\t\t\t\t<input size=\"1\" type=\"text\" name=\"form_fields[name]\" id=\"form-field-name\" class=\"elementor-field elementor-size-sm  elementor-field-textual\" placeholder=\"Nome\" required=\"required\">\n\t\t\t\t\t\t\t\t\t\t\t<\/div>\n\t\t\t\t\t\t\t\t<div class=\"elementor-field-type-text elementor-field-group elementor-column elementor-field-group-field_4f6c012 elementor-col-100 elementor-field-required\">\n\t\t\t\t\t\t\t\t\t\t\t\t<label for=\"form-field-field_4f6c012\" class=\"elementor-field-label\">\n\t\t\t\t\t\t\t\t Nome da sua empresa\t\t\t\t\t\t\t<\/label>\n\t\t\t\t\t\t\t\t\t\t\t\t\t\t<input size=\"1\" type=\"text\" name=\"form_fields[field_4f6c012]\" id=\"form-field-field_4f6c012\" class=\"elementor-field elementor-size-sm  elementor-field-textual\" placeholder=\"Nome da empresa\" required=\"required\">\n\t\t\t\t\t\t\t\t\t\t\t<\/div>\n\t\t\t\t\t\t\t\t<div class=\"elementor-field-type-text elementor-field-group elementor-column elementor-field-group-field_b83cc70 elementor-col-100 elementor-field-required\">\n\t\t\t\t\t\t\t\t\t\t\t\t<label for=\"form-field-field_b83cc70\" class=\"elementor-field-label\">\n\t\t\t\t\t\t\t\tRegime de Tributa\u00e7\u00e3o do IR-PJ\t\t\t\t\t\t\t<\/label>\n\t\t\t\t\t\t\t\t\t\t\t\t\t\t<input size=\"1\" type=\"text\" name=\"form_fields[field_b83cc70]\" id=\"form-field-field_b83cc70\" class=\"elementor-field elementor-size-sm  elementor-field-textual\" placeholder=\"Lucro Real ou Presumido\" required=\"required\">\n\t\t\t\t\t\t\t\t\t\t\t<\/div>\n\t\t\t\t\t\t\t\t<div class=\"elementor-field-type-email elementor-field-group elementor-column elementor-field-group-field_e2dd128 elementor-col-100 elementor-field-required\">\n\t\t\t\t\t\t\t\t\t\t\t\t<label for=\"form-field-field_e2dd128\" class=\"elementor-field-label\">\n\t\t\t\t\t\t\t\tSeu e-mail Corporativo\t\t\t\t\t\t\t<\/label>\n\t\t\t\t\t\t\t\t\t\t\t\t\t\t<input size=\"1\" type=\"email\" name=\"form_fields[field_e2dd128]\" id=\"form-field-field_e2dd128\" class=\"elementor-field elementor-size-sm  elementor-field-textual\" placeholder=\"E-mail\" required=\"required\">\n\t\t\t\t\t\t\t\t\t\t\t<\/div>\n\t\t\t\t\t\t\t\t<div class=\"elementor-field-type-text elementor-field-group elementor-column elementor-field-group-telefone elementor-col-100 elementor-field-required\">\n\t\t\t\t\t\t\t\t\t\t\t\t<label for=\"form-field-telefone\" class=\"elementor-field-label\">\n\t\t\t\t\t\t\t\tSeu celular\/whatsapp\t\t\t\t\t\t\t<\/label>\n\t\t\t\t\t\t\t\t\t\t\t\t\t\t<input size=\"1\" type=\"text\" name=\"form_fields[telefone]\" id=\"form-field-telefone\" class=\"elementor-field elementor-size-sm  elementor-field-textual\" placeholder=\"Nome\" required=\"required\">\n\t\t\t\t\t\t\t\t\t\t\t<\/div>\n\t\t\t\t\t\t\t\t<div class=\"elementor-field-type-textarea elementor-field-group elementor-column elementor-field-group-message elementor-col-100\">\n\t\t\t\t\t\t\t\t\t\t\t\t<label for=\"form-field-message\" class=\"elementor-field-label\">\n\t\t\t\t\t\t\t\tMensagem\t\t\t\t\t\t\t<\/label>\n\t\t\t\t\t\t<textarea class=\"elementor-field-textual elementor-field  elementor-size-sm\" name=\"form_fields[message]\" id=\"form-field-message\" rows=\"4\" placeholder=\"Mensagem\"><\/textarea>\t\t\t\t<\/div>\n\t\t\t\t\t\t\t\t<div class=\"elementor-field-group elementor-column elementor-field-type-submit elementor-col-100 e-form__buttons\">\n\t\t\t\t\t<button class=\"elementor-button elementor-size-sm\" type=\"submit\">\n\t\t\t\t\t\t<span class=\"elementor-button-content-wrapper\">\n\t\t\t\t\t\t\t\t\t\t\t\t\t\t\t\t\t\t\t\t\t\t<span class=\"elementor-button-text\">Gostaria de receber mais informa\u00e7\u00f5es<\/span>\n\t\t\t\t\t\t\t\t\t\t\t\t\t<\/span>\n\t\t\t\t\t<\/button>\n\t\t\t\t<\/div>\n\t\t\t<\/div>\n\t\t<\/form>\n\t\t\t\t\t\t<\/div>\n\t\t\t\t<\/div>\n\t\t\t\t\t<\/div>\n\t\t<\/div>\n\t\t\t\t\t<\/div>\n\t\t<\/section>\n\t\t\t\t<\/div>\n\t\t","protected":false},"excerpt":{"rendered":"<p>Transforme o IR-PJ em a\u00e7\u00f5es ESG Pr\u00e9-requisito: empresa com regime tributa\u00e7\u00e3o Lucro- Real, com apura\u00e7\u00e3o anual ou trimestral Importante destacar que usar a Dedutibilidade de Imposto de renda,\u00a0 n\u00e3o se trata de filantropia, mas se trata de reverter o imposto da empresa para uma utiliza\u00e7\u00e3o ben\u00e9fica e ganho de competitividade\/ produtividade da empresas patrocinadora, isto [&hellip;]<\/p>\n","protected":false},"author":1,"featured_media":0,"parent":0,"menu_order":0,"comment_status":"closed","ping_status":"closed","template":"","meta":{"footnotes":""},"class_list":["post-11769","page","type-page","status-publish","hentry"],"_links":{"self":[{"href":"https:\/\/indexwebsites.com.br\/tg\/wp-json\/wp\/v2\/pages\/11769","targetHints":{"allow":["GET"]}}],"collection":[{"href":"https:\/\/indexwebsites.com.br\/tg\/wp-json\/wp\/v2\/pages"}],"about":[{"href":"https:\/\/indexwebsites.com.br\/tg\/wp-json\/wp\/v2\/types\/page"}],"author":[{"embeddable":true,"href":"https:\/\/indexwebsites.com.br\/tg\/wp-json\/wp\/v2\/users\/1"}],"replies":[{"embeddable":true,"href":"https:\/\/indexwebsites.com.br\/tg\/wp-json\/wp\/v2\/comments?post=11769"}],"version-history":[{"count":28,"href":"https:\/\/indexwebsites.com.br\/tg\/wp-json\/wp\/v2\/pages\/11769\/revisions"}],"predecessor-version":[{"id":12309,"href":"https:\/\/indexwebsites.com.br\/tg\/wp-json\/wp\/v2\/pages\/11769\/revisions\/12309"}],"wp:attachment":[{"href":"https:\/\/indexwebsites.com.br\/tg\/wp-json\/wp\/v2\/media?parent=11769"}],"curies":[{"name":"wp","href":"https:\/\/api.w.org\/{rel}","templated":true}]}}