{"id":11716,"date":"2024-10-02T08:25:17","date_gmt":"2024-10-02T11:25:17","guid":{"rendered":"https:\/\/techgirls.com.br\/?page_id=11716"},"modified":"2024-10-02T08:39:41","modified_gmt":"2024-10-02T11:39:41","slug":"saas","status":"publish","type":"page","link":"https:\/\/indexwebsites.com.br\/tg\/saas\/","title":{"rendered":"SaaS"},"content":{"rendered":"\t\t<div data-elementor-type=\"wp-page\" data-elementor-id=\"11716\" class=\"elementor elementor-11716\" data-elementor-post-type=\"page\">\n\t\t\t\t\t\t<section class=\"elementor-section elementor-top-section elementor-element elementor-element-256fef0 elementor-section-boxed elementor-section-height-default elementor-section-height-default\" data-id=\"256fef0\" data-element_type=\"section\" data-e-type=\"section\">\n\t\t\t\t\t\t<div class=\"elementor-container elementor-column-gap-default\">\n\t\t\t\t\t<div class=\"elementor-column elementor-col-50 elementor-top-column elementor-element elementor-element-1eb0357\" data-id=\"1eb0357\" data-element_type=\"column\" data-e-type=\"column\">\n\t\t\t<div class=\"elementor-widget-wrap elementor-element-populated\">\n\t\t\t\t\t\t<div class=\"elementor-element elementor-element-487ee7f elementor-widget elementor-widget-heading\" data-id=\"487ee7f\" data-element_type=\"widget\" data-e-type=\"widget\" data-widget_type=\"heading.default\">\n\t\t\t\t<div class=\"elementor-widget-container\">\n\t\t\t\t\t<h2 class=\"elementor-heading-title elementor-size-default\">Capital Intelectual Tech Girls  embarcado em Sistema Propriet\u00e1rio<\/h2>\t\t\t\t<\/div>\n\t\t\t\t<\/div>\n\t\t\t\t<div class=\"elementor-element elementor-element-effaa06 elementor-widget elementor-widget-text-editor\" data-id=\"effaa06\" data-element_type=\"widget\" data-e-type=\"widget\" data-widget_type=\"text-editor.default\">\n\t\t\t\t<div class=\"elementor-widget-container\">\n\t\t\t\t\t\t\t\t\t<p><span style=\"font-weight: 400;\">O Sistema Web de Gest\u00e3o e Automa\u00e7\u00e3o de Processos Tech Girls foi desenvolvido para atender as opera\u00e7\u00f5es&nbsp; Tech Girls, contemplando uma vis\u00e3o de dashboard ( Data Visualization)&nbsp; de acordo o stakeholder em quest\u00e3o:&nbsp; aluna, professora, p\u00f3lo acad\u00eamico, item doado de lixo-eletr\u00f4nico e coletador. O objetivo \u00e9 favorecer nos aspectos de compliance, transpar\u00eancia e replicabilidade do padr\u00e3o de qualidade\/processos Tech Girls, bem como os demais indicadores, especialmente para gest\u00e3o e automa\u00e7\u00e3o entre eles:<\/span><\/p>\n<p><span style=\"font-weight: 400;\">&nbsp;KPI\u00b4s de impacto socio-ambiental<\/span><\/p>\n<p><span style=\"font-weight: 400;\">Indicadores de trabalhabilidade das alunas<\/span><\/p>\n<p><span style=\"font-weight: 400;\">&nbsp;<\/span><\/p>\n<p><span style=\"font-weight: 400;\">Por se tratar de um SaaS(Software como Servi\u00e7o), inclusive com seu registro de propriedade de Software,&nbsp; o seu acesso as aplica\u00e7\u00f5es acontecem mediante uma licen\u00e7a de uso,&nbsp; concedido \u00e0s&nbsp; empresas patrocinadoras Tech Girls.<\/span><\/p>\n<p>Entre as vantagens est\u00e3o: n\u00e3o \u00e9 necess\u00e1rio instalar em m\u00e1quina, nem servidor para interligar diferentes usu\u00e1rios, j\u00e1 que o acesso \u00e9 pelo cloud computing ( armazenamento de dados na rede virtual da internet)&nbsp; e em tempo real.<\/p>\n<p>Outro benef\u00edcio para as empresas patrocinadoras ao acessar o SaaS Tech Girls \u00e9 o acesso&nbsp; ao Talent Tech, isto \u00e9, banco de talentos das alunas Tech Girls, do qual a empresa patrocinadora poder\u00e1 inclusive selecionar profissionais para ocupar as vagas dispon\u00edveis para compor seu time de TI.&nbsp;<\/p>\t\t\t\t\t\t\t\t<\/div>\n\t\t\t\t<\/div>\n\t\t\t\t\t<\/div>\n\t\t<\/div>\n\t\t\t\t<div class=\"elementor-column elementor-col-50 elementor-top-column elementor-element elementor-element-9e73d09\" data-id=\"9e73d09\" data-element_type=\"column\" data-e-type=\"column\">\n\t\t\t<div class=\"elementor-widget-wrap elementor-element-populated\">\n\t\t\t\t\t\t<div class=\"elementor-element elementor-element-10b632d elementor-widget elementor-widget-image\" data-id=\"10b632d\" data-element_type=\"widget\" data-e-type=\"widget\" data-widget_type=\"image.default\">\n\t\t\t\t<div class=\"elementor-widget-container\">\n\t\t\t\t\t\t\t\t\t\t\t\t\t\t\t<img fetchpriority=\"high\" decoding=\"async\" width=\"800\" height=\"800\" src=\"https:\/\/indexwebsites.com.br\/tg\/wp-content\/uploads\/2024\/07\/SAAs-1-1024x1024.png\" class=\"attachment-large size-large wp-image-11469 no-lazyload\" alt=\"\" srcset=\"https:\/\/indexwebsites.com.br\/tg\/wp-content\/uploads\/2024\/07\/SAAs-1-1024x1024.png 1024w, https:\/\/indexwebsites.com.br\/tg\/wp-content\/uploads\/2024\/07\/SAAs-1-300x300.png 300w, https:\/\/indexwebsites.com.br\/tg\/wp-content\/uploads\/2024\/07\/SAAs-1-150x150.png 150w, https:\/\/indexwebsites.com.br\/tg\/wp-content\/uploads\/2024\/07\/SAAs-1-768x768.png 768w, https:\/\/indexwebsites.com.br\/tg\/wp-content\/uploads\/2024\/07\/SAAs-1.png 1080w\" sizes=\"(max-width: 800px) 100vw, 800px\" \/>\t\t\t\t\t\t\t\t\t\t\t\t\t\t\t<\/div>\n\t\t\t\t<\/div>\n\t\t\t\t\t<\/div>\n\t\t<\/div>\n\t\t\t\t\t<\/div>\n\t\t<\/section>\n\t\t\t\t<section class=\"elementor-section elementor-top-section elementor-element elementor-element-02dca76 elementor-section-boxed elementor-section-height-default elementor-section-height-default\" data-id=\"02dca76\" data-element_type=\"section\" data-e-type=\"section\">\n\t\t\t\t\t\t<div class=\"elementor-container elementor-column-gap-default\">\n\t\t\t\t\t<div class=\"elementor-column elementor-col-100 elementor-top-column elementor-element elementor-element-5be0072\" data-id=\"5be0072\" data-element_type=\"column\" data-e-type=\"column\">\n\t\t\t<div class=\"elementor-widget-wrap elementor-element-populated\">\n\t\t\t\t\t\t<div class=\"elementor-element elementor-element-1317328 elementor-widget elementor-widget-text-editor\" data-id=\"1317328\" data-element_type=\"widget\" data-e-type=\"widget\" data-widget_type=\"text-editor.default\">\n\t\t\t\t<div class=\"elementor-widget-container\">\n\t\t\t\t\t\t\t\t\t<p>Escalabilidade Tech Girls: conhe\u00e7a sobre Franquia Social<\/p>\t\t\t\t\t\t\t\t<\/div>\n\t\t\t\t<\/div>\n\t\t\t\t\t<\/div>\n\t\t<\/div>\n\t\t\t\t\t<\/div>\n\t\t<\/section>\n\t\t\t\t<section class=\"elementor-section elementor-top-section elementor-element elementor-element-376dd75 elementor-section-boxed elementor-section-height-default elementor-section-height-default\" data-id=\"376dd75\" data-element_type=\"section\" data-e-type=\"section\">\n\t\t\t\t\t\t<div class=\"elementor-container elementor-column-gap-default\">\n\t\t\t\t\t<div class=\"elementor-column elementor-col-100 elementor-top-column elementor-element elementor-element-4af1828\" data-id=\"4af1828\" data-element_type=\"column\" data-e-type=\"column\">\n\t\t\t<div class=\"elementor-widget-wrap elementor-element-populated\">\n\t\t\t\t\t\t<div class=\"elementor-element elementor-element-fc9d510 elementor-align-center elementor-widget elementor-widget-button\" data-id=\"fc9d510\" data-element_type=\"widget\" data-e-type=\"widget\" data-widget_type=\"button.default\">\n\t\t\t\t<div class=\"elementor-widget-container\">\n\t\t\t\t\t\t\t\t\t<div class=\"elementor-button-wrapper\">\n\t\t\t\t\t<a class=\"elementor-button elementor-button-link elementor-size-sm\" href=\"http:\/\/www.techgirls.com.br\/form-franquia\">\n\t\t\t\t\t\t<span class=\"elementor-button-content-wrapper\">\n\t\t\t\t\t\t\t\t\t<span class=\"elementor-button-text\">Quero fazer diferen\u00e7a  e gerar impacto com a Franquia Social<\/span>\n\t\t\t\t\t<\/span>\n\t\t\t\t\t<\/a>\n\t\t\t\t<\/div>\n\t\t\t\t\t\t\t\t<\/div>\n\t\t\t\t<\/div>\n\t\t\t\t\t<\/div>\n\t\t<\/div>\n\t\t\t\t\t<\/div>\n\t\t<\/section>\n\t\t\t\t<\/div>\n\t\t","protected":false},"excerpt":{"rendered":"<p>Capital Intelectual Tech Girls embarcado em Sistema Propriet\u00e1rio O Sistema Web de Gest\u00e3o e Automa\u00e7\u00e3o de Processos Tech Girls foi desenvolvido para atender as opera\u00e7\u00f5es&nbsp; Tech Girls, contemplando uma vis\u00e3o de dashboard ( Data Visualization)&nbsp; de acordo o stakeholder em quest\u00e3o:&nbsp; aluna, professora, p\u00f3lo acad\u00eamico, item doado de lixo-eletr\u00f4nico e coletador. O objetivo \u00e9 favorecer [&hellip;]<\/p>\n","protected":false},"author":1,"featured_media":0,"parent":0,"menu_order":0,"comment_status":"closed","ping_status":"closed","template":"","meta":{"footnotes":""},"class_list":["post-11716","page","type-page","status-publish","hentry"],"_links":{"self":[{"href":"https:\/\/indexwebsites.com.br\/tg\/wp-json\/wp\/v2\/pages\/11716","targetHints":{"allow":["GET"]}}],"collection":[{"href":"https:\/\/indexwebsites.com.br\/tg\/wp-json\/wp\/v2\/pages"}],"about":[{"href":"https:\/\/indexwebsites.com.br\/tg\/wp-json\/wp\/v2\/types\/page"}],"author":[{"embeddable":true,"href":"https:\/\/indexwebsites.com.br\/tg\/wp-json\/wp\/v2\/users\/1"}],"replies":[{"embeddable":true,"href":"https:\/\/indexwebsites.com.br\/tg\/wp-json\/wp\/v2\/comments?post=11716"}],"version-history":[{"count":28,"href":"https:\/\/indexwebsites.com.br\/tg\/wp-json\/wp\/v2\/pages\/11716\/revisions"}],"predecessor-version":[{"id":11747,"href":"https:\/\/indexwebsites.com.br\/tg\/wp-json\/wp\/v2\/pages\/11716\/revisions\/11747"}],"wp:attachment":[{"href":"https:\/\/indexwebsites.com.br\/tg\/wp-json\/wp\/v2\/media?parent=11716"}],"curies":[{"name":"wp","href":"https:\/\/api.w.org\/{rel}","templated":true}]}}